{"id":6403,"date":"2023-09-02T11:21:29","date_gmt":"2023-09-02T17:21:29","guid":{"rendered":"https:\/\/paradiseproductscr.com\/product\/the-cicada-copy\/"},"modified":"2023-12-07T02:27:36","modified_gmt":"2023-12-06T20:27:36","slug":"the-cicada-copy","status":"publish","type":"product","link":"https:\/\/paradiseproductscr.com\/en\/product\/the-cicada-copy\/","title":{"rendered":"The cicada (copy)"},"content":{"rendered":"<p class=\"franja\"><strong>Age:<\/strong> 3 to 7 years old<\/p>\n<p><strong>Pages:<\/strong> 16<\/p>\n<p><strong>Finishing:<\/strong> saddle-stitch rustic, 150g couche paper<\/p>\n<p><strong>Author:<\/strong> Anne Se\u00f1ol<\/p>\n<p><strong>Illustrator:<\/strong> Adi\u00e1n Gonz\u00e1lez<\/p>\n<p>In many parts of the world people eat cicadas, but at La Jirafa y Yo we prefer to present this seductive little animal under the lens of Anne Se\u00f1ol and Adi\u00e1n Gonz\u00e1lez.<br \/>\nThe cicada sings and sings and we love its deafening call. She asks us to get to know her better and that is why she is now included in the Zoorprendentes collection of La Jirafa y Yo publishing house.<\/p>\n<p>&nbsp;<\/p>\n","protected":false},"excerpt":{"rendered":"<p>In many parts of the world people eat cicadas, but at La Jirafa y Yo we prefer to present this seductive little animal under the lens of Anne Se\u00f1ol and Adi\u00e1n Gonz\u00e1lez.<br \/>\nThe cicada sings and sings and we love its deafening call. She asks us to get to know her better and that is why she is now included in the Zoorprendentes collection of La Jirafa y Yo publishing house.<\/p>\n<p>&nbsp;<\/p>\n","protected":false},"featured_media":9480,"comment_status":"closed","ping_status":"closed","template":"","meta":[],"etheme_brands":[],"product_brand":[],"product_cat":[360],"product_tag":[368,370,369,364,371,365,361,367,363,362,366],"class_list":{"0":"post-6403","1":"product","2":"type-product","3":"status-publish","4":"has-post-thumbnail","6":"product_cat-media-music","7":"product_tag-books","8":"product_tag-children","9":"product_tag-girls","10":"product_tag-histories","11":"product_tag-infantile","12":"product_tag-languages","13":"product_tag-learning","14":"product_tag-reading","15":"product_tag-school","16":"product_tag-stories","17":"product_tag-the-giraffe-and-me","19":"first","20":"instock","21":"taxable","22":"shipping-taxable","23":"purchasable","24":"product-type-simple"},"exclude_global_add_ons":[],"addons":[],"_links":{"self":[{"href":"https:\/\/paradiseproductscr.com\/en\/wp-json\/wp\/v2\/product\/6403","targetHints":{"allow":["GET"]}}],"collection":[{"href":"https:\/\/paradiseproductscr.com\/en\/wp-json\/wp\/v2\/product"}],"about":[{"href":"https:\/\/paradiseproductscr.com\/en\/wp-json\/wp\/v2\/types\/product"}],"replies":[{"embeddable":true,"href":"https:\/\/paradiseproductscr.com\/en\/wp-json\/wp\/v2\/comments?post=6403"}],"version-history":[{"count":1,"href":"https:\/\/paradiseproductscr.com\/en\/wp-json\/wp\/v2\/product\/6403\/revisions"}],"predecessor-version":[{"id":6408,"href":"https:\/\/paradiseproductscr.com\/en\/wp-json\/wp\/v2\/product\/6403\/revisions\/6408"}],"wp:featuredmedia":[{"embeddable":true,"href":"https:\/\/paradiseproductscr.com\/en\/wp-json\/wp\/v2\/media\/9480"}],"wp:attachment":[{"href":"https:\/\/paradiseproductscr.com\/en\/wp-json\/wp\/v2\/media?parent=6403"}],"wp:term":[{"taxonomy":"brand","embeddable":true,"href":"https:\/\/paradiseproductscr.com\/en\/wp-json\/wp\/v2\/etheme_brands?post=6403"},{"taxonomy":"product_brand","embeddable":true,"href":"https:\/\/paradiseproductscr.com\/en\/wp-json\/wp\/v2\/product_brand?post=6403"},{"taxonomy":"product_cat","embeddable":true,"href":"https:\/\/paradiseproductscr.com\/en\/wp-json\/wp\/v2\/product_cat?post=6403"},{"taxonomy":"product_tag","embeddable":true,"href":"https:\/\/paradiseproductscr.com\/en\/wp-json\/wp\/v2\/product_tag?post=6403"}],"curies":[{"name":"wp","href":"https:\/\/api.w.org\/{rel}","templated":true}]}}