{"id":6409,"date":"2023-09-02T11:21:29","date_gmt":"2023-09-02T17:21:29","guid":{"rendered":"https:\/\/paradiseproductscr.com\/product\/the-armadillo-knight-copy\/"},"modified":"2023-09-02T11:21:29","modified_gmt":"2023-09-02T05:21:29","slug":"the-armadillo-knight-copy","status":"publish","type":"product","link":"https:\/\/paradiseproductscr.com\/en\/product\/the-armadillo-knight-copy\/","title":{"rendered":"The armadillo knight (copy)"},"content":{"rendered":"<p class=\"franja\"><strong>Age:<\/strong> 3 to 7 years old<\/p>\n<p><strong>Pages:<\/strong> 16<\/p>\n<p><strong>Finishing:<\/strong> saddle-stitch rustic, 150g couche paper<\/p>\n<p><strong>Author:<\/strong> Anne Se\u00f1ol<\/p>\n<p><strong>Illustrator:<\/strong> Adi\u00e1n Gonz\u00e1lez<\/p>\n<p>The cusuco, or armadillo, is a small animal that intrigues and attracts us. The components of his body seem to have been designed by a filmmaker for a movie about time immemorial.<\/p>\n<p>There are animals in a fossil state that make us think of cusuco. His armor does not prevent him from transforming into a ball, as hedgehogs do, when he feels attacked.<\/p>\n<p>An animal like this could not fail to attract the attention of Anne Se\u00f1ol, who breaks it down into its most peculiar parts for the benefit of young and old. Adi\u00e1n Gonz\u00e1lez, for his part, once again uses his artistic eye as a portraitist of the most endearing species of our tropics.<\/p>\n","protected":false},"excerpt":{"rendered":"<p>The cusuco, or armadillo, is a small animal that intrigues and attracts us. The components of his body seem to have been designed by a filmmaker for a movie about time immemorial.<\/p>\n<p>There are animals in a fossil state that make us think of cusuco. His armor does not prevent him from transforming into a ball, as hedgehogs do, when he feels attacked.<\/p>\n<p>An animal like this could not fail to attract the attention of Anne Se\u00f1ol, who breaks it down into its most peculiar parts for the benefit of young and old. Adi\u00e1n Gonz\u00e1lez, for his part, once again uses his artistic eye as a portraitist of the most endearing species of our tropics.<\/p>\n<p>&nbsp;<\/p>\n<p>&nbsp;<\/p>\n","protected":false},"featured_media":9475,"comment_status":"closed","ping_status":"closed","template":"","meta":[],"etheme_brands":[],"product_brand":[],"product_cat":[360],"product_tag":[368,370,369,364,371,365,361,367,363,362,366],"class_list":{"0":"post-6409","1":"product","2":"type-product","3":"status-publish","4":"has-post-thumbnail","6":"product_cat-media-music","7":"product_tag-books","8":"product_tag-children","9":"product_tag-girls","10":"product_tag-histories","11":"product_tag-infantile","12":"product_tag-languages","13":"product_tag-learning","14":"product_tag-reading","15":"product_tag-school","16":"product_tag-stories","17":"product_tag-the-giraffe-and-me","19":"first","20":"instock","21":"taxable","22":"shipping-taxable","23":"purchasable","24":"product-type-simple"},"exclude_global_add_ons":[],"addons":[],"_links":{"self":[{"href":"https:\/\/paradiseproductscr.com\/en\/wp-json\/wp\/v2\/product\/6409","targetHints":{"allow":["GET"]}}],"collection":[{"href":"https:\/\/paradiseproductscr.com\/en\/wp-json\/wp\/v2\/product"}],"about":[{"href":"https:\/\/paradiseproductscr.com\/en\/wp-json\/wp\/v2\/types\/product"}],"replies":[{"embeddable":true,"href":"https:\/\/paradiseproductscr.com\/en\/wp-json\/wp\/v2\/comments?post=6409"}],"version-history":[{"count":0,"href":"https:\/\/paradiseproductscr.com\/en\/wp-json\/wp\/v2\/product\/6409\/revisions"}],"wp:featuredmedia":[{"embeddable":true,"href":"https:\/\/paradiseproductscr.com\/en\/wp-json\/wp\/v2\/media\/9475"}],"wp:attachment":[{"href":"https:\/\/paradiseproductscr.com\/en\/wp-json\/wp\/v2\/media?parent=6409"}],"wp:term":[{"taxonomy":"brand","embeddable":true,"href":"https:\/\/paradiseproductscr.com\/en\/wp-json\/wp\/v2\/etheme_brands?post=6409"},{"taxonomy":"product_brand","embeddable":true,"href":"https:\/\/paradiseproductscr.com\/en\/wp-json\/wp\/v2\/product_brand?post=6409"},{"taxonomy":"product_cat","embeddable":true,"href":"https:\/\/paradiseproductscr.com\/en\/wp-json\/wp\/v2\/product_cat?post=6409"},{"taxonomy":"product_tag","embeddable":true,"href":"https:\/\/paradiseproductscr.com\/en\/wp-json\/wp\/v2\/product_tag?post=6409"}],"curies":[{"name":"wp","href":"https:\/\/api.w.org\/{rel}","templated":true}]}}