{"id":6426,"date":"2022-05-28T11:44:05","date_gmt":"2022-05-28T17:44:05","guid":{"rendered":"https:\/\/paradiseproductscr.com\/product\/tiny-titi\/"},"modified":"2022-05-28T17:44:05","modified_gmt":"2022-05-28T11:44:05","slug":"tiny-titi","status":"publish","type":"product","link":"https:\/\/paradiseproductscr.com\/en\/product\/tiny-titi\/","title":{"rendered":"Tiny Titi"},"content":{"rendered":"<p><b>Age:<\/b> 3 to 7 years old<\/p>\n<p><b>Pages:<\/b> 16<\/p>\n<p><b>Finish:<\/b> rustic easel,<\/p>\n<p>couche paper 150g<\/p>\n<p><b>Author:<\/b> Anne Se\u00f1ol<\/p>\n<p><b>Illustrator:<\/b> Adi\u00e1n Gonz\u00e1lez<\/p>\n<p><strong>Bilingual<\/strong><\/p>\n<p>&nbsp;<\/p>\n<div class=\"row\">\n<div class=\"col-md-6\">\n<p>Anyone who has walked through Manuel Antonio National Park must have seen a friendly herd of squirrel marmosets.<\/p>\n<p>With its long dark tail, reddish skin and black and white face, it is an endemic species found nowhere else in the world.<\/p>\n<p>He is a great eater, from fruits to bats. And he has his fan club: birds that follow him wherever he goes.<\/p>\n<p>Like many other species, it is in danger of extinction. That&#8217;s why Giraffe and Me portrays the marmoset in this small but heartwarming volume by Anne Se\u00f1ol and Adi\u00e1n Gonz\u00e1lez. (GBG)<\/p>\n<\/div>\n<div class=\"col-md-6\">\n<p>Almost every person who has ever taken a walk through Manuel Antonio National Park has come across a friendly troop of squirrel monkeys.<\/p>\n<p>With their long dark tails, reddish fur and black and white faces, this endemic species is found nowhere else on Earth.<\/p>\n<p>They have a big appetite, eating everything from fruit to bats. And they even have their own fan club: birds who follow them wherever they go. Like so many other species, this one too is in danger of extinction. For that reason, La Jirafa y Yo is proud to present the tiny titi in this charming booklet by Anne Se\u00f1ol and Adi\u00e1n Gonz\u00e1lez. (GBG)<\/p>\n<\/div>\n<\/div>\n","protected":false},"excerpt":{"rendered":"<div class=\"col-md-6\">\n<p>Anyone who has walked through Manuel Antonio National Park must have seen a friendly herd of squirrel marmosets.<\/p>\n<p>With its long dark tail, reddish skin and black and white face, it is an endemic species found nowhere else in the world.<\/p>\n<p>He is a great eater, from fruits to bats. And he has his fan club: birds that follow him wherever he goes.<\/p>\n<p>Like many other species, it is in danger of extinction. That&#8217;s why Giraffe and Me portrays the marmoset in this small but heartwarming volume by Anne Se\u00f1ol and Adi\u00e1n Gonz\u00e1lez. (GBG)<\/p>\n<\/div>\n<div class=\"col-md-6\">\n<p>Almost every person who has ever taken a walk through Manuel Antonio National Park has come across a friendly troop of squirrel monkeys.<\/p>\n<p>With their long dark tails, reddish fur and black and white faces, this endemic species is found nowhere else on Earth.<\/p>\n<p>They have a big appetite, eating everything from fruit to bats. And they even have their own fan club: birds who follow them wherever they go. Like so many other species, this one too is in danger of extinction. For that reason, La Jirafa y Yo is proud to present the tiny titi in this charming booklet by Anne Se\u00f1ol and Adi\u00e1n Gonz\u00e1lez. (GBG)<\/p>\n<\/div>\n","protected":false},"featured_media":5883,"comment_status":"closed","ping_status":"closed","template":"","meta":[],"etheme_brands":[],"product_brand":[],"product_cat":[360],"product_tag":[368,370,369,364,371,365,361,367,363,362,366],"class_list":{"0":"post-6426","1":"product","2":"type-product","3":"status-publish","4":"has-post-thumbnail","6":"product_cat-media-music","7":"product_tag-books","8":"product_tag-children","9":"product_tag-girls","10":"product_tag-histories","11":"product_tag-infantile","12":"product_tag-languages","13":"product_tag-learning","14":"product_tag-reading","15":"product_tag-school","16":"product_tag-stories","17":"product_tag-the-giraffe-and-me","19":"first","20":"instock","21":"taxable","22":"shipping-taxable","23":"purchasable","24":"product-type-simple"},"exclude_global_add_ons":[],"addons":[],"_links":{"self":[{"href":"https:\/\/paradiseproductscr.com\/en\/wp-json\/wp\/v2\/product\/6426","targetHints":{"allow":["GET"]}}],"collection":[{"href":"https:\/\/paradiseproductscr.com\/en\/wp-json\/wp\/v2\/product"}],"about":[{"href":"https:\/\/paradiseproductscr.com\/en\/wp-json\/wp\/v2\/types\/product"}],"replies":[{"embeddable":true,"href":"https:\/\/paradiseproductscr.com\/en\/wp-json\/wp\/v2\/comments?post=6426"}],"version-history":[{"count":0,"href":"https:\/\/paradiseproductscr.com\/en\/wp-json\/wp\/v2\/product\/6426\/revisions"}],"wp:featuredmedia":[{"embeddable":true,"href":"https:\/\/paradiseproductscr.com\/en\/wp-json\/wp\/v2\/media\/5883"}],"wp:attachment":[{"href":"https:\/\/paradiseproductscr.com\/en\/wp-json\/wp\/v2\/media?parent=6426"}],"wp:term":[{"taxonomy":"brand","embeddable":true,"href":"https:\/\/paradiseproductscr.com\/en\/wp-json\/wp\/v2\/etheme_brands?post=6426"},{"taxonomy":"product_brand","embeddable":true,"href":"https:\/\/paradiseproductscr.com\/en\/wp-json\/wp\/v2\/product_brand?post=6426"},{"taxonomy":"product_cat","embeddable":true,"href":"https:\/\/paradiseproductscr.com\/en\/wp-json\/wp\/v2\/product_cat?post=6426"},{"taxonomy":"product_tag","embeddable":true,"href":"https:\/\/paradiseproductscr.com\/en\/wp-json\/wp\/v2\/product_tag?post=6426"}],"curies":[{"name":"wp","href":"https:\/\/api.w.org\/{rel}","templated":true}]}}