{"id":6429,"date":"2022-05-28T11:43:44","date_gmt":"2022-05-28T17:43:44","guid":{"rendered":"https:\/\/paradiseproductscr.com\/product\/madame-macaw\/"},"modified":"2022-05-28T17:43:44","modified_gmt":"2022-05-28T11:43:44","slug":"madame-macaw","status":"publish","type":"product","link":"https:\/\/paradiseproductscr.com\/en\/product\/madame-macaw\/","title":{"rendered":"Madame Macaw"},"content":{"rendered":"<p><b>Age:<\/b> 3 to 7 years old<\/p>\n<p><b>Pages:<\/b> 16<\/p>\n<p><b>Finish:<\/b> rustic easel,<\/p>\n<p>couche paper 150g<\/p>\n<p><b>Author:<\/b> Anne Se\u00f1ol<\/p>\n<p><b>Illustrator:<\/b> Adi\u00e1n Gonz\u00e1lez<\/p>\n<p><strong>Bilingual<\/strong><\/p>\n<div class=\"row\">\n<p>&nbsp;<\/p>\n<div class=\"row\">\n<div class=\"col-md-6\">\n<p>When a flock of limpets takes to the skies with a thunderous din of noises and colors, no one remains indifferent. Majestic perochismosas, their incessant chatter has not found a translator. The macaw is also one of the most gregarious and long-lived birds.<\/p>\n<p>Admired and envied by the Mayas, its variegated plumage gave rise to an ancestral art. With its proven spirit of synthesis, the duo Anne Se\u00f1ol and<\/p>\n<p>Adi\u00e1n Gonz\u00e1lez has trapped the splendor of the red macaw for the collection<\/p>\n<p>Zoorprendentes from the publishing house La Jirafa y Yo.<\/p>\n<\/div>\n<div class=\"col-md-6\">\n<p>When a pandemonium of scarlet macaws appears on the horizon in a deafening racket of color and noise, it\u2019s impossible to remain indifferent. Majestic yet loose-lipped, their incessant chatter is a translator\u2019s worst nightmare.<\/p>\n<p>These highly social parrots love company! Lucky for them, they are among the most long-lived birds. Honored and admired by the Mayan civilization, the macaws\u2019 dazzlingly colored feathers gave rise to an ancestral art<\/p>\n<p>form. With their usual concision and clarity, Anne Se\u00f1ol and Adi\u00e1n Gonz\u00e1lez have once again captured the splendor of the scarlet macaw in this latest Zoorprises from La Jirafa y Yo.<\/p>\n<\/div>\n<\/div>\n<\/div>\n","protected":false},"excerpt":{"rendered":"<p>&nbsp;<\/p>\n<div class=\"col-md-6\">\n<p>When a flock of limpets takes to the skies with a thunderous din of noises and colors, no one remains indifferent. Majestic perochismosas, their incessant chatter has not found a translator. The macaw is also one of the most gregarious and long-lived birds.<\/p>\n<p>Admired and envied by the Mayas, its variegated plumage gave rise to an ancestral art. With its proven spirit of synthesis, the duo Anne Se\u00f1ol and<\/p>\n<p>Adi\u00e1n Gonz\u00e1lez has trapped the splendor of the red macaw for the collection<\/p>\n<p>Zoorprendentes from the publishing house La Jirafa y Yo.<\/p>\n<\/div>\n<div class=\"col-md-6\">\n<p>When a pandemonium of scarlet macaws appears on the horizon in a deafening racket of color and noise, it\u2019s impossible to remain indifferent. Majestic yet loose-lipped, their incessant chatter is a translator\u2019s worst nightmare.<\/p>\n<p>These highly social parrots love company! Lucky for them, they are among the most long-lived birds. Honored and admired by the Mayan civilization, the macaws\u2019 dazzlingly colored feathers gave rise to an ancestral art<\/p>\n<p>form. With their usual concision and clarity, Anne Se\u00f1ol and Adi\u00e1n Gonz\u00e1lez have once again captured the splendor of the scarlet macaw in this latest Zoorprises from La Jirafa y Yo.<\/p>\n<\/div>\n<p>&nbsp;<\/p>\n","protected":false},"featured_media":5861,"comment_status":"closed","ping_status":"closed","template":"","meta":[],"etheme_brands":[],"product_brand":[],"product_cat":[360],"product_tag":[368,370,369,364,371,365,361,367,363,362,366],"class_list":{"0":"post-6429","1":"product","2":"type-product","3":"status-publish","4":"has-post-thumbnail","6":"product_cat-media-music","7":"product_tag-books","8":"product_tag-children","9":"product_tag-girls","10":"product_tag-histories","11":"product_tag-infantile","12":"product_tag-languages","13":"product_tag-learning","14":"product_tag-reading","15":"product_tag-school","16":"product_tag-stories","17":"product_tag-the-giraffe-and-me","19":"first","20":"instock","21":"taxable","22":"shipping-taxable","23":"purchasable","24":"product-type-simple"},"exclude_global_add_ons":[],"addons":[],"_links":{"self":[{"href":"https:\/\/paradiseproductscr.com\/en\/wp-json\/wp\/v2\/product\/6429","targetHints":{"allow":["GET"]}}],"collection":[{"href":"https:\/\/paradiseproductscr.com\/en\/wp-json\/wp\/v2\/product"}],"about":[{"href":"https:\/\/paradiseproductscr.com\/en\/wp-json\/wp\/v2\/types\/product"}],"replies":[{"embeddable":true,"href":"https:\/\/paradiseproductscr.com\/en\/wp-json\/wp\/v2\/comments?post=6429"}],"version-history":[{"count":0,"href":"https:\/\/paradiseproductscr.com\/en\/wp-json\/wp\/v2\/product\/6429\/revisions"}],"wp:featuredmedia":[{"embeddable":true,"href":"https:\/\/paradiseproductscr.com\/en\/wp-json\/wp\/v2\/media\/5861"}],"wp:attachment":[{"href":"https:\/\/paradiseproductscr.com\/en\/wp-json\/wp\/v2\/media?parent=6429"}],"wp:term":[{"taxonomy":"brand","embeddable":true,"href":"https:\/\/paradiseproductscr.com\/en\/wp-json\/wp\/v2\/etheme_brands?post=6429"},{"taxonomy":"product_brand","embeddable":true,"href":"https:\/\/paradiseproductscr.com\/en\/wp-json\/wp\/v2\/product_brand?post=6429"},{"taxonomy":"product_cat","embeddable":true,"href":"https:\/\/paradiseproductscr.com\/en\/wp-json\/wp\/v2\/product_cat?post=6429"},{"taxonomy":"product_tag","embeddable":true,"href":"https:\/\/paradiseproductscr.com\/en\/wp-json\/wp\/v2\/product_tag?post=6429"}],"curies":[{"name":"wp","href":"https:\/\/api.w.org\/{rel}","templated":true}]}}