{"id":6432,"date":"2022-05-28T11:43:44","date_gmt":"2022-05-28T17:43:44","guid":{"rendered":"https:\/\/paradiseproductscr.com\/product\/picacaballo-the-tarantula-or-horse-spider\/"},"modified":"2022-05-28T17:43:44","modified_gmt":"2022-05-28T11:43:44","slug":"picacaballo-the-tarantula-or-horse-spider","status":"publish","type":"product","link":"https:\/\/paradiseproductscr.com\/en\/product\/picacaballo-the-tarantula-or-horse-spider\/","title":{"rendered":"Picacaballo \/ The Tarantula or Horse Spider"},"content":{"rendered":"<div class=\"row\">\n<div class=\"col-md-6\">\n<p><b>Age:<\/b> 3 to 7 years old<\/p>\n<p><b>Pages:<\/b> 16<\/p>\n<p><b>Finish:<\/b> rustic easel,<\/p>\n<p>couche paper 150g<\/p>\n<p><b>Author:<\/b> Anne Se\u00f1ol<\/p>\n<p><b>Illustrator:<\/b> Adi\u00e1n Gonz\u00e1lez<\/p>\n<p><strong>Bilingual<\/strong><\/p>\n<div class=\"row\">\n<div class=\"col-md-6\">\n<p>Nature seems to have fun with the occasional moment of &#8220;madness&#8221;.<\/p>\n<p>This is the case of the horse spider. It has eight eyes (one for each leg), hair on all sides and throws deadly darts at its enemies, which it lodges in its stomach.<\/p>\n<p>That&#8217;s not all, but to find out more you have to delve into the guts of this curious issue of the Zoorprendentes collection.<\/p>\n<p>As usual, Anne Se\u00f1ol took a liking to the horsebit and Adi\u00e1n Gonz\u00e1lez, who is not even afraid of a spider, set to work to recreate this specimen that does its thing in the Costa Rican countryside.<\/p>\n<\/div>\n<div class=\"col-md-6\">\n<p>There are times when Mother Nature\u2019s dizzying array of species appears to be for her benefit: just to amuse her. It certainly seems so in the case of the horse spider or tarantula. This eight-eyed, eight-legged furry arachnid has special bristly projectiles covering its abdomen which it fatally shoots towards its enemies.<\/p>\n<p>And that\u2019s not all! In order to learn more, we invite you to delve into this edition of the Zoorprendentes series where you will discover additional strange and unusual facts about this impressive creature. Once again, Anne Se\u00f1ol\u2019s questing mind coupled with Adi\u00e1n Gonz\u00e1lez\u2019 rich illustrations recreate the story of this remarkable specimen that is native to Costa Rica\u2019s countryside.<\/p>\n<\/div>\n<\/div>\n<p>&nbsp;<\/p>\n<\/div>\n<\/div>\n<p>&nbsp;<\/p>\n","protected":false},"excerpt":{"rendered":"<p>&nbsp;<\/p>\n<div class=\"col-md-6\">\n<p>Nature seems to have fun with the occasional moment of &#8220;madness&#8221;.<\/p>\n<p>This is the case of the horse spider. It has eight eyes (one for each leg), hair on all sides and throws deadly darts at its enemies, which it lodges in its stomach.<\/p>\n<p>That&#8217;s not all, but to find out more you have to delve into the guts of this curious issue of the Zoorprendentes collection.<\/p>\n<p>As usual, Anne Se\u00f1ol took a liking to the horsebit and Adi\u00e1n Gonz\u00e1lez, who is not even afraid of a spider, set to work to recreate this specimen that does its thing in the Costa Rican countryside.<\/p>\n<\/div>\n<div class=\"col-md-6\">\n<p>There are times when Mother Nature\u2019s dizzying array of species appears to be for her benefit: just to amuse her. It certainly seems so in the case of the horse spider or tarantula. This eight-eyed, eight-legged furry arachnid has special bristly projectiles covering its abdomen which it fatally shoots towards its enemies.<\/p>\n<p>And that\u2019s not all! In order to learn more, we invite you to delve into this edition of the Zoorprendentes series where you will discover additional strange and unusual facts about this impressive creature. Once again, Anne Se\u00f1ol\u2019s questing mind coupled with Adi\u00e1n Gonz\u00e1lez\u2019 rich illustrations recreate the story of this remarkable specimen that is native to Costa Rica\u2019s countryside.<\/p>\n<\/div>\n<p>&nbsp;<\/p>\n","protected":false},"featured_media":5867,"comment_status":"closed","ping_status":"closed","template":"","meta":[],"etheme_brands":[],"product_brand":[],"product_cat":[360],"product_tag":[368,370,369,364,371,365,361,367,363,362,366],"class_list":{"0":"post-6432","1":"product","2":"type-product","3":"status-publish","4":"has-post-thumbnail","6":"product_cat-media-music","7":"product_tag-books","8":"product_tag-children","9":"product_tag-girls","10":"product_tag-histories","11":"product_tag-infantile","12":"product_tag-languages","13":"product_tag-learning","14":"product_tag-reading","15":"product_tag-school","16":"product_tag-stories","17":"product_tag-the-giraffe-and-me","19":"first","20":"instock","21":"taxable","22":"shipping-taxable","23":"purchasable","24":"product-type-simple"},"exclude_global_add_ons":[],"addons":[],"_links":{"self":[{"href":"https:\/\/paradiseproductscr.com\/en\/wp-json\/wp\/v2\/product\/6432","targetHints":{"allow":["GET"]}}],"collection":[{"href":"https:\/\/paradiseproductscr.com\/en\/wp-json\/wp\/v2\/product"}],"about":[{"href":"https:\/\/paradiseproductscr.com\/en\/wp-json\/wp\/v2\/types\/product"}],"replies":[{"embeddable":true,"href":"https:\/\/paradiseproductscr.com\/en\/wp-json\/wp\/v2\/comments?post=6432"}],"version-history":[{"count":0,"href":"https:\/\/paradiseproductscr.com\/en\/wp-json\/wp\/v2\/product\/6432\/revisions"}],"wp:featuredmedia":[{"embeddable":true,"href":"https:\/\/paradiseproductscr.com\/en\/wp-json\/wp\/v2\/media\/5867"}],"wp:attachment":[{"href":"https:\/\/paradiseproductscr.com\/en\/wp-json\/wp\/v2\/media?parent=6432"}],"wp:term":[{"taxonomy":"brand","embeddable":true,"href":"https:\/\/paradiseproductscr.com\/en\/wp-json\/wp\/v2\/etheme_brands?post=6432"},{"taxonomy":"product_brand","embeddable":true,"href":"https:\/\/paradiseproductscr.com\/en\/wp-json\/wp\/v2\/product_brand?post=6432"},{"taxonomy":"product_cat","embeddable":true,"href":"https:\/\/paradiseproductscr.com\/en\/wp-json\/wp\/v2\/product_cat?post=6432"},{"taxonomy":"product_tag","embeddable":true,"href":"https:\/\/paradiseproductscr.com\/en\/wp-json\/wp\/v2\/product_tag?post=6432"}],"curies":[{"name":"wp","href":"https:\/\/api.w.org\/{rel}","templated":true}]}}