{"id":6438,"date":"2022-05-28T11:43:44","date_gmt":"2022-05-28T17:43:44","guid":{"rendered":"https:\/\/paradiseproductscr.com\/product\/the-blind-pilot\/"},"modified":"2022-05-28T17:43:44","modified_gmt":"2022-05-28T11:43:44","slug":"the-blind-pilot","status":"publish","type":"product","link":"https:\/\/paradiseproductscr.com\/en\/product\/the-blind-pilot\/","title":{"rendered":"The Blind Pilot"},"content":{"rendered":"<p><b>Age:<\/b> 3 to 7 years old<\/p>\n<p><b>Pages:<\/b> 16<\/p>\n<p><b>Finish:<\/b> rustic easel,<\/p>\n<p>couche paper 150g<\/p>\n<p><b>Author:<\/b> Anne Se\u00f1ol<\/p>\n<p><b>Illustrator:<\/b> Adi\u00e1n Gonz\u00e1lez<\/p>\n<p><strong>Bilingual<\/strong><\/p>\n<div class=\"row\">\n<div class=\"col-md-6\">\n<p>Bats tend to get &#8220;bad press&#8221;.<\/p>\n<p>They are seen as vagrant, harmful and ugly animals, when in fact they are very industrious, good at spreading seeds and cute (according to Batman and bats like to suck blood, usually that of livestock, and those are called vampires).<\/p>\n<p>But of course, Dracula came along and now many people mistakenly believe that the blood of humans is the preferred drink of all bats&#8230; In this little book, made with love and care, you&#8217;ll find<br \/>\nquality, Anne Se\u00f1ol and Adi\u00e1n Gonz\u00e1lez manage to talk about the friendly side of bats, nocturnal creatures that illustrate the great diversity of Nature.<\/p>\n<\/div>\n<div class=\"col-md-6\">\n<p>Bats get a bad rap. Perceived as harmful, loathsome roving creatures, they are in fact tireless workers, highly skilled at seed dispersal and frankly, rather attractive (in the eyes of Batman and La Jirafa y Yo).<\/p>\n<p>The truth is, some species do enjoy a bit of blood-sucking (generally from livestock) earning them as a result the inglorious title of \u201cvampires\u201d.<\/p>\n<p>And then along comes Dracula, erroneously cementing their reputation as lovers of human blood above all.<\/p>\n<p>The aim of this little book, lovingly put together by Anne Se\u00f1ol and Adi\u00e1n Gonz\u00e1lez, is to introduce you to the friendlier side of bats, the nocturnal beings who so perfectly illustrate Mother Nature\u2019s majestic diversity.<\/p>\n<\/div>\n<\/div>\n","protected":false},"excerpt":{"rendered":"<p>&nbsp;<\/p>\n<div class=\"col-md-6\">\n<p>Bats tend to get &#8220;bad press&#8221;.<\/p>\n<p>They are seen as vagrant, harmful and ugly animals, when in fact they are very industrious, good at spreading seeds and cute (according to Batman and bats like to suck blood, usually that of livestock, and those are called vampires).<\/p>\n<p>But of course, Dracula came along and now many people mistakenly believe that the blood of humans is the preferred drink of all bats&#8230; In this little book, made with love and care, you&#8217;ll find<br \/>\nquality, Anne Se\u00f1ol and Adi\u00e1n Gonz\u00e1lez manage to talk about the friendly side of bats, nocturnal creatures that illustrate the great diversity of Nature.<\/p>\n<\/div>\n<div class=\"col-md-6\">\n<p>Bats get a bad rap. Perceived as harmful, loathsome roving creatures, they are in fact tireless workers, highly skilled at seed dispersal and frankly, rather attractive (in the eyes of Batman and La Jirafa y Yo).<\/p>\n<p>The truth is, some species do enjoy a bit of blood-sucking (generally from livestock) earning them as a result the inglorious title of \u201cvampires\u201d.<\/p>\n<p>And then along comes Dracula, erroneously cementing their reputation as lovers of human blood above all.<\/p>\n<p>The aim of this little book, lovingly put together by Anne Se\u00f1ol and Adi\u00e1n Gonz\u00e1lez, is to introduce you to the friendlier side of bats, the nocturnal beings who so perfectly illustrate Mother Nature\u2019s majestic diversity.<\/p>\n<\/div>\n<p>&nbsp;<\/p>\n","protected":false},"featured_media":5871,"comment_status":"closed","ping_status":"closed","template":"","meta":[],"etheme_brands":[],"product_brand":[],"product_cat":[360],"product_tag":[368,370,369,364,371,365,361,367,363,362,366],"class_list":{"0":"post-6438","1":"product","2":"type-product","3":"status-publish","4":"has-post-thumbnail","6":"product_cat-media-music","7":"product_tag-books","8":"product_tag-children","9":"product_tag-girls","10":"product_tag-histories","11":"product_tag-infantile","12":"product_tag-languages","13":"product_tag-learning","14":"product_tag-reading","15":"product_tag-school","16":"product_tag-stories","17":"product_tag-the-giraffe-and-me","19":"first","20":"instock","21":"taxable","22":"shipping-taxable","23":"purchasable","24":"product-type-simple"},"exclude_global_add_ons":[],"addons":[],"_links":{"self":[{"href":"https:\/\/paradiseproductscr.com\/en\/wp-json\/wp\/v2\/product\/6438","targetHints":{"allow":["GET"]}}],"collection":[{"href":"https:\/\/paradiseproductscr.com\/en\/wp-json\/wp\/v2\/product"}],"about":[{"href":"https:\/\/paradiseproductscr.com\/en\/wp-json\/wp\/v2\/types\/product"}],"replies":[{"embeddable":true,"href":"https:\/\/paradiseproductscr.com\/en\/wp-json\/wp\/v2\/comments?post=6438"}],"version-history":[{"count":0,"href":"https:\/\/paradiseproductscr.com\/en\/wp-json\/wp\/v2\/product\/6438\/revisions"}],"wp:featuredmedia":[{"embeddable":true,"href":"https:\/\/paradiseproductscr.com\/en\/wp-json\/wp\/v2\/media\/5871"}],"wp:attachment":[{"href":"https:\/\/paradiseproductscr.com\/en\/wp-json\/wp\/v2\/media?parent=6438"}],"wp:term":[{"taxonomy":"brand","embeddable":true,"href":"https:\/\/paradiseproductscr.com\/en\/wp-json\/wp\/v2\/etheme_brands?post=6438"},{"taxonomy":"product_brand","embeddable":true,"href":"https:\/\/paradiseproductscr.com\/en\/wp-json\/wp\/v2\/product_brand?post=6438"},{"taxonomy":"product_cat","embeddable":true,"href":"https:\/\/paradiseproductscr.com\/en\/wp-json\/wp\/v2\/product_cat?post=6438"},{"taxonomy":"product_tag","embeddable":true,"href":"https:\/\/paradiseproductscr.com\/en\/wp-json\/wp\/v2\/product_tag?post=6438"}],"curies":[{"name":"wp","href":"https:\/\/api.w.org\/{rel}","templated":true}]}}