{"id":6440,"date":"2022-05-28T11:43:44","date_gmt":"2022-05-28T17:43:44","guid":{"rendered":"https:\/\/paradiseproductscr.com\/product\/adelante-zompopas-leafcutters-forward-march\/"},"modified":"2022-05-28T17:43:44","modified_gmt":"2022-05-28T11:43:44","slug":"adelante-zompopas-leafcutters-forward-march","status":"publish","type":"product","link":"https:\/\/paradiseproductscr.com\/en\/product\/adelante-zompopas-leafcutters-forward-march\/","title":{"rendered":"\u00a1Adelante, zompopas! \/ Leafcutters: Forward March!"},"content":{"rendered":"<p><b>Age:<\/b> 3 to 7 years old<\/p>\n<p><b>Pages:<\/b> 16<\/p>\n<p><b>Finish:<\/b> rustic easel,<\/p>\n<p>couche paper 150g<\/p>\n<p><b>Author:<\/b> Anne Se\u00f1ol<\/p>\n<p><b>Illustrator:<\/b> Adi\u00e1n Gonz\u00e1lez<\/p>\n<p><strong>Bilingual<\/strong><\/p>\n<div class=\"row\">\n<div class=\"col-md-6\">\n<p>\u00a1Adelante, zompopas! It is the mini-autobiography of these tenacious ants and their prolific queen, who lays millions of eggs thanks to a diet of fungi and surrounded by an extraordinary court.<br \/>\nThe zompopas join the other little animals from Anne Se\u00f1ol and Adi\u00e1n Gonz\u00e1lez&#8217;s chisteras.<br \/>\nOne writes and the other illustrates. Between the two of them, they lead us through the paths of a reality of nature that seems invented but is not.<\/p>\n<\/div>\n<div class=\"col-md-6\">\n<p>Leafcutters: Forward March! is a mini-autobiography about some tough little ants and their prolific queen who, over her lifetime, is able<br \/>\nto lay millions of eggs thanks to a rich diet of fungi and the help of an extraordinary court of servants who are at her beck and call.<\/p>\n<p>The leafcutter ants join the list of many other critter stories that magically come out of Anne Se\u00f1ol and Adi\u00e1n Gonzalez\u2019 great bag of tricks.<br \/>\nTogether, the author and the illustrator combine their strengths to weave tales about the wonders of nature which seem to be made up but in fact reflect reality.<\/p>\n<\/div>\n<\/div>\n","protected":false},"excerpt":{"rendered":"<p>&nbsp;<\/p>\n<div class=\"col-md-6\">\n<p>\u00a1Adelante, zompopas! It is the mini-autobiography of these tenacious ants and their prolific queen, who lays millions of eggs thanks to a diet of fungi and surrounded by an extraordinary court.<br \/>\nThe zompopas join the other little animals from Anne Se\u00f1ol and Adi\u00e1n Gonz\u00e1lez&#8217;s chisteras.<br \/>\nOne writes and the other illustrates. Between the two of them, they lead us through the paths of a reality of nature that seems invented but is not.<\/p>\n<\/div>\n<div class=\"col-md-6\">\n<p>Leafcutters: Forward March! is a mini-autobiography about some tough little ants and their prolific queen who, over her lifetime, is able<br \/>\nto lay millions of eggs thanks to a rich diet of fungi and the help of an extraordinary court of servants who are at her beck and call.<\/p>\n<p>The leafcutter ants join the list of many other critter stories that magically come out of Anne Se\u00f1ol and Adi\u00e1n Gonzalez\u2019 great bag of tricks.<br \/>\nTogether, the author and the illustrator combine their strengths to weave tales about the wonders of nature which seem to be made up but in fact reflect reality.<\/p>\n<\/div>\n<p>&nbsp;<\/p>\n","protected":false},"featured_media":5873,"comment_status":"closed","ping_status":"closed","template":"","meta":[],"etheme_brands":[],"product_brand":[],"product_cat":[360],"product_tag":[368,370,369,364,371,365,361,367,363,362,366],"class_list":{"0":"post-6440","1":"product","2":"type-product","3":"status-publish","4":"has-post-thumbnail","6":"product_cat-media-music","7":"product_tag-books","8":"product_tag-children","9":"product_tag-girls","10":"product_tag-histories","11":"product_tag-infantile","12":"product_tag-languages","13":"product_tag-learning","14":"product_tag-reading","15":"product_tag-school","16":"product_tag-stories","17":"product_tag-the-giraffe-and-me","19":"first","20":"instock","21":"taxable","22":"shipping-taxable","23":"purchasable","24":"product-type-simple"},"exclude_global_add_ons":[],"addons":[],"_links":{"self":[{"href":"https:\/\/paradiseproductscr.com\/en\/wp-json\/wp\/v2\/product\/6440","targetHints":{"allow":["GET"]}}],"collection":[{"href":"https:\/\/paradiseproductscr.com\/en\/wp-json\/wp\/v2\/product"}],"about":[{"href":"https:\/\/paradiseproductscr.com\/en\/wp-json\/wp\/v2\/types\/product"}],"replies":[{"embeddable":true,"href":"https:\/\/paradiseproductscr.com\/en\/wp-json\/wp\/v2\/comments?post=6440"}],"version-history":[{"count":0,"href":"https:\/\/paradiseproductscr.com\/en\/wp-json\/wp\/v2\/product\/6440\/revisions"}],"wp:featuredmedia":[{"embeddable":true,"href":"https:\/\/paradiseproductscr.com\/en\/wp-json\/wp\/v2\/media\/5873"}],"wp:attachment":[{"href":"https:\/\/paradiseproductscr.com\/en\/wp-json\/wp\/v2\/media?parent=6440"}],"wp:term":[{"taxonomy":"brand","embeddable":true,"href":"https:\/\/paradiseproductscr.com\/en\/wp-json\/wp\/v2\/etheme_brands?post=6440"},{"taxonomy":"product_brand","embeddable":true,"href":"https:\/\/paradiseproductscr.com\/en\/wp-json\/wp\/v2\/product_brand?post=6440"},{"taxonomy":"product_cat","embeddable":true,"href":"https:\/\/paradiseproductscr.com\/en\/wp-json\/wp\/v2\/product_cat?post=6440"},{"taxonomy":"product_tag","embeddable":true,"href":"https:\/\/paradiseproductscr.com\/en\/wp-json\/wp\/v2\/product_tag?post=6440"}],"curies":[{"name":"wp","href":"https:\/\/api.w.org\/{rel}","templated":true}]}}