{"id":6454,"date":"2022-05-28T11:43:43","date_gmt":"2022-05-28T17:43:43","guid":{"rendered":"https:\/\/paradiseproductscr.com\/product\/the-ray-fish\/"},"modified":"2023-12-07T22:40:38","modified_gmt":"2023-12-07T16:40:38","slug":"the-ray-fish","status":"publish","type":"product","link":"https:\/\/paradiseproductscr.com\/en\/product\/the-ray-fish\/","title":{"rendered":"El pez raya"},"content":{"rendered":"<p class=\"franja\"><strong>Age:<\/strong> 3 to 7 years old<\/p>\n<p><strong>Pages:<\/strong> 16<\/p>\n<p><strong>Finishing:<\/strong> saddle-stitch rustic, 150g couche paper<\/p>\n<p><strong>Author:<\/strong> Anne Se\u00f1ol<\/p>\n<p><strong>Illustrator:<\/strong> Adi\u00e1n Gonz\u00e1lez<\/p>\n<p>Sometimes it looks like a kite. Sometimes a fighter-bomber. Sometimes a flower. This is the ray fish, like a chameleon but less harmless. Come to think of it, it has something of a flying saucer that slowly cruises not in the air but in the waters of almost all the seas, close to the coasts.<\/p>\n<p>It is a rare fish, with a lot of family. Some give off electric shocks, inject venom and bite ferociously. Such a &#8220;character&#8221; could not go unnoticed by Anne Se\u00f1ol&#8217;s avid storytelling eyes, nor by the portrait brushes of Adi\u00e1n Gonz\u00e1lez, the illustrator of the Zoorprendentes collection.<\/p>\n","protected":false},"excerpt":{"rendered":"<p>Sometimes it looks like a kite. Sometimes a fighter-bomber. Sometimes a flower. This is the ray fish, like a chameleon but less harmless. Come to think of it, it has something of a flying saucer that slowly cruises not in the air but in the waters of almost all the seas, close to the coasts.<\/p>\n<p>It is a rare fish, with a lot of family. Some give off electric shocks, inject venom and bite ferociously. Such a &#8220;character&#8221; could not go unnoticed by Anne Se\u00f1ol&#8217;s avid storytelling eyes, nor by the portrait brushes of Adi\u00e1n Gonz\u00e1lez, the illustrator of the Zoorprendentes collection.<\/p>\n<p>&nbsp;<\/p>\n<p>&nbsp;<\/p>\n<p>&nbsp;<\/p>\n<p>&nbsp;<\/p>\n","protected":false},"featured_media":5857,"comment_status":"closed","ping_status":"closed","template":"","meta":[],"etheme_brands":[],"product_brand":[],"product_cat":[360],"product_tag":[368,370,369,364,371,365,361,367,363,362,366],"class_list":{"0":"post-6454","1":"product","2":"type-product","3":"status-publish","4":"has-post-thumbnail","6":"product_cat-media-music","7":"product_tag-books","8":"product_tag-children","9":"product_tag-girls","10":"product_tag-histories","11":"product_tag-infantile","12":"product_tag-languages","13":"product_tag-learning","14":"product_tag-reading","15":"product_tag-school","16":"product_tag-stories","17":"product_tag-the-giraffe-and-me","19":"first","20":"instock","21":"taxable","22":"shipping-taxable","23":"purchasable","24":"product-type-simple"},"exclude_global_add_ons":[],"addons":[],"_links":{"self":[{"href":"https:\/\/paradiseproductscr.com\/en\/wp-json\/wp\/v2\/product\/6454","targetHints":{"allow":["GET"]}}],"collection":[{"href":"https:\/\/paradiseproductscr.com\/en\/wp-json\/wp\/v2\/product"}],"about":[{"href":"https:\/\/paradiseproductscr.com\/en\/wp-json\/wp\/v2\/types\/product"}],"replies":[{"embeddable":true,"href":"https:\/\/paradiseproductscr.com\/en\/wp-json\/wp\/v2\/comments?post=6454"}],"version-history":[{"count":1,"href":"https:\/\/paradiseproductscr.com\/en\/wp-json\/wp\/v2\/product\/6454\/revisions"}],"predecessor-version":[{"id":6488,"href":"https:\/\/paradiseproductscr.com\/en\/wp-json\/wp\/v2\/product\/6454\/revisions\/6488"}],"wp:featuredmedia":[{"embeddable":true,"href":"https:\/\/paradiseproductscr.com\/en\/wp-json\/wp\/v2\/media\/5857"}],"wp:attachment":[{"href":"https:\/\/paradiseproductscr.com\/en\/wp-json\/wp\/v2\/media?parent=6454"}],"wp:term":[{"taxonomy":"brand","embeddable":true,"href":"https:\/\/paradiseproductscr.com\/en\/wp-json\/wp\/v2\/etheme_brands?post=6454"},{"taxonomy":"product_brand","embeddable":true,"href":"https:\/\/paradiseproductscr.com\/en\/wp-json\/wp\/v2\/product_brand?post=6454"},{"taxonomy":"product_cat","embeddable":true,"href":"https:\/\/paradiseproductscr.com\/en\/wp-json\/wp\/v2\/product_cat?post=6454"},{"taxonomy":"product_tag","embeddable":true,"href":"https:\/\/paradiseproductscr.com\/en\/wp-json\/wp\/v2\/product_tag?post=6454"}],"curies":[{"name":"wp","href":"https:\/\/api.w.org\/{rel}","templated":true}]}}