{"id":6471,"date":"2022-05-28T11:42:59","date_gmt":"2022-05-28T17:42:59","guid":{"rendered":"https:\/\/paradiseproductscr.com\/product\/mother-possum\/"},"modified":"2022-05-28T17:42:59","modified_gmt":"2022-05-28T11:42:59","slug":"mother-possum","status":"publish","type":"product","link":"https:\/\/paradiseproductscr.com\/en\/product\/mother-possum\/","title":{"rendered":"Mother possum"},"content":{"rendered":"<p class=\"franja\"><strong>Age:<\/strong> 3 to 7 years old<\/p>\n<p><strong>Pages:<\/strong>14<\/p>\n<p><strong>Finish:<\/strong> rustic easel,<\/p>\n<p>couche paper 150g<\/p>\n<p><strong>Author:<\/strong> Anne Se\u00f1ol<\/p>\n<p><strong>Illustrator:<\/strong> Adi\u00e1n Gonz\u00e1lez<\/p>\n<p>&#8220;La cosecha del cristofu\u00e9&#8221;, the first issue of the ZOORPRENDENTES collection, is now followed by &#8220;La mam\u00e1 zarig\u00fceya&#8221;, a very short &#8220;autobiography&#8221; of a little animal that loves its freedom above all things.<\/p>\n<p>Educator and writer Anne Se\u00f1ol has focused her powers of observation and storytelling on this endearing figure. And the tenderness of Adi\u00e1n Gonz\u00e1lez&#8217;s illustrations will delight young and old alike.<\/p>\n","protected":false},"excerpt":{"rendered":"<p>&#8220;La cosecha del cristofu\u00e9&#8221;, the first issue of the ZOORPRENDENTES collection, is now followed by &#8220;La mam\u00e1 zarig\u00fceya&#8221;, a very short &#8220;autobiography&#8221; of a little animal that loves its freedom above all things.<\/p>\n<p>Educator and writer Anne Se\u00f1ol has focused her powers of observation and storytelling on this endearing figure. And the tenderness of Adi\u00e1n Gonz\u00e1lez&#8217;s illustrations will delight young and old alike.<\/p>\n","protected":false},"featured_media":5827,"comment_status":"closed","ping_status":"closed","template":"","meta":[],"etheme_brands":[],"product_brand":[],"product_cat":[360],"product_tag":[368,370,369,364,371,365,361,367,363,362,366],"class_list":{"0":"post-6471","1":"product","2":"type-product","3":"status-publish","4":"has-post-thumbnail","6":"product_cat-media-music","7":"product_tag-books","8":"product_tag-children","9":"product_tag-girls","10":"product_tag-histories","11":"product_tag-infantile","12":"product_tag-languages","13":"product_tag-learning","14":"product_tag-reading","15":"product_tag-school","16":"product_tag-stories","17":"product_tag-the-giraffe-and-me","19":"first","20":"instock","21":"taxable","22":"shipping-taxable","23":"purchasable","24":"product-type-simple"},"exclude_global_add_ons":[],"addons":[],"_links":{"self":[{"href":"https:\/\/paradiseproductscr.com\/en\/wp-json\/wp\/v2\/product\/6471","targetHints":{"allow":["GET"]}}],"collection":[{"href":"https:\/\/paradiseproductscr.com\/en\/wp-json\/wp\/v2\/product"}],"about":[{"href":"https:\/\/paradiseproductscr.com\/en\/wp-json\/wp\/v2\/types\/product"}],"replies":[{"embeddable":true,"href":"https:\/\/paradiseproductscr.com\/en\/wp-json\/wp\/v2\/comments?post=6471"}],"version-history":[{"count":0,"href":"https:\/\/paradiseproductscr.com\/en\/wp-json\/wp\/v2\/product\/6471\/revisions"}],"wp:featuredmedia":[{"embeddable":true,"href":"https:\/\/paradiseproductscr.com\/en\/wp-json\/wp\/v2\/media\/5827"}],"wp:attachment":[{"href":"https:\/\/paradiseproductscr.com\/en\/wp-json\/wp\/v2\/media?parent=6471"}],"wp:term":[{"taxonomy":"brand","embeddable":true,"href":"https:\/\/paradiseproductscr.com\/en\/wp-json\/wp\/v2\/etheme_brands?post=6471"},{"taxonomy":"product_brand","embeddable":true,"href":"https:\/\/paradiseproductscr.com\/en\/wp-json\/wp\/v2\/product_brand?post=6471"},{"taxonomy":"product_cat","embeddable":true,"href":"https:\/\/paradiseproductscr.com\/en\/wp-json\/wp\/v2\/product_cat?post=6471"},{"taxonomy":"product_tag","embeddable":true,"href":"https:\/\/paradiseproductscr.com\/en\/wp-json\/wp\/v2\/product_tag?post=6471"}],"curies":[{"name":"wp","href":"https:\/\/api.w.org\/{rel}","templated":true}]}}