{"id":6474,"date":"2022-05-28T11:42:58","date_gmt":"2022-05-28T17:42:58","guid":{"rendered":"https:\/\/paradiseproductscr.com\/product\/the-abysmal-fish\/"},"modified":"2022-05-28T17:42:58","modified_gmt":"2022-05-28T11:42:58","slug":"the-abysmal-fish","status":"publish","type":"product","link":"https:\/\/paradiseproductscr.com\/en\/product\/the-abysmal-fish\/","title":{"rendered":"The abysmal fish"},"content":{"rendered":"<p class=\"franja\"><strong>Age:<\/strong> 3 to 7 years old<\/p>\n<p><strong>Pages:<\/strong> 16<\/p>\n<p><strong>Finishing:<\/strong> saddle-stitch rustic, 150g couche paper<\/p>\n<p><strong>Author:<\/strong> Anne Se\u00f1ol<\/p>\n<p><strong>Illustrator:<\/strong> Adi\u00e1n Gonz\u00e1lez<\/p>\n<p class=\"p1\">Like a small ICE, the abyssal female fish generates its own light with a kind of beacon on its forehead, powered by bacteria!<\/p>\n<p class=\"p1\">That is just one of its strange peculiarities. There, more than three kilometers below the surface of the sea, it lives slowly in a tenebrous darkness not without beauty.<\/p>\n<p class=\"p1\">Come, children and adults, dive fearlessly into this amazing Zoorprendente.<span class=\"Apple-converted-space\">  <\/span>Anne Se\u00f1ol and Adi\u00e1n Gonz\u00e1lez have put on the diving suit of curiosity and art to guide you.<span class=\"Apple-converted-space\">  <\/span>to the bottom of the abyss. Go for it!<\/p>\n","protected":false},"excerpt":{"rendered":"<p class=\"p1\">Like a small ICE, the abyssal female fish generates its own light with a kind of beacon on its forehead, powered by bacteria!<\/p>\n<p class=\"p1\">That is just one of its strange peculiarities. There, more than three kilometers below the surface of the sea, it lives slowly in a tenebrous darkness not without beauty.<\/p>\n<p class=\"p1\">Come, children and adults, dive fearlessly into this amazing Zoorprendente.<span class=\"Apple-converted-space\">  <\/span>Anne Se\u00f1ol and Adi\u00e1n Gonz\u00e1lez have put on the diving suit of curiosity and art to guide you.<span class=\"Apple-converted-space\">  <\/span>to the bottom of the abyss. Go for it!<\/p>\n","protected":false},"featured_media":5821,"comment_status":"closed","ping_status":"closed","template":"","meta":[],"etheme_brands":[],"product_brand":[],"product_cat":[360],"product_tag":[368,370,369,364,371,365,361,367,363,362,366],"class_list":{"0":"post-6474","1":"product","2":"type-product","3":"status-publish","4":"has-post-thumbnail","6":"product_cat-media-music","7":"product_tag-books","8":"product_tag-children","9":"product_tag-girls","10":"product_tag-histories","11":"product_tag-infantile","12":"product_tag-languages","13":"product_tag-learning","14":"product_tag-reading","15":"product_tag-school","16":"product_tag-stories","17":"product_tag-the-giraffe-and-me","19":"first","20":"instock","21":"taxable","22":"shipping-taxable","23":"purchasable","24":"product-type-simple"},"exclude_global_add_ons":[],"addons":[],"_links":{"self":[{"href":"https:\/\/paradiseproductscr.com\/en\/wp-json\/wp\/v2\/product\/6474","targetHints":{"allow":["GET"]}}],"collection":[{"href":"https:\/\/paradiseproductscr.com\/en\/wp-json\/wp\/v2\/product"}],"about":[{"href":"https:\/\/paradiseproductscr.com\/en\/wp-json\/wp\/v2\/types\/product"}],"replies":[{"embeddable":true,"href":"https:\/\/paradiseproductscr.com\/en\/wp-json\/wp\/v2\/comments?post=6474"}],"version-history":[{"count":0,"href":"https:\/\/paradiseproductscr.com\/en\/wp-json\/wp\/v2\/product\/6474\/revisions"}],"wp:featuredmedia":[{"embeddable":true,"href":"https:\/\/paradiseproductscr.com\/en\/wp-json\/wp\/v2\/media\/5821"}],"wp:attachment":[{"href":"https:\/\/paradiseproductscr.com\/en\/wp-json\/wp\/v2\/media?parent=6474"}],"wp:term":[{"taxonomy":"brand","embeddable":true,"href":"https:\/\/paradiseproductscr.com\/en\/wp-json\/wp\/v2\/etheme_brands?post=6474"},{"taxonomy":"product_brand","embeddable":true,"href":"https:\/\/paradiseproductscr.com\/en\/wp-json\/wp\/v2\/product_brand?post=6474"},{"taxonomy":"product_cat","embeddable":true,"href":"https:\/\/paradiseproductscr.com\/en\/wp-json\/wp\/v2\/product_cat?post=6474"},{"taxonomy":"product_tag","embeddable":true,"href":"https:\/\/paradiseproductscr.com\/en\/wp-json\/wp\/v2\/product_tag?post=6474"}],"curies":[{"name":"wp","href":"https:\/\/api.w.org\/{rel}","templated":true}]}}