{"id":6478,"date":"2022-05-28T11:42:58","date_gmt":"2022-05-28T17:42:58","guid":{"rendered":"https:\/\/paradiseproductscr.com\/product\/the-voracious-boa\/"},"modified":"2022-05-28T17:42:58","modified_gmt":"2022-05-28T11:42:58","slug":"the-voracious-boa","status":"publish","type":"product","link":"https:\/\/paradiseproductscr.com\/en\/product\/the-voracious-boa\/","title":{"rendered":"The voracious boa"},"content":{"rendered":"<p><strong>Age:<\/strong> 3 to 7 years old<\/p>\n<p><strong>Pages:<\/strong> 16<\/p>\n<p><strong>Finish:<\/strong> rustic easel,<\/p>\n<p>couche paper 150g<\/p>\n<p><strong>Author:<\/strong> Anne Se\u00f1ol<\/p>\n<p><strong>Illustrator:<\/strong> Adi\u00e1n Gonz\u00e1lez<\/p>\n<p>The boa is a very big animal with a very small name.<\/p>\n<p>Many believe it is poisonous but it is not. It is voracious, that is, it eats everything it finds. The boa is a swallowing mouth accompanied by a warehouse body. And she has such enormous strength that if she were a wrestler she would win every tournament.<\/p>\n<p>Well, voracious readers, we&#8217;re not going to tell you everything about the boa in this back cover&#8230;.<\/p>\n<p>You&#8217;d better read the booklet for yourselves, enjoying Anne Se\u00f1ol&#8217;s accurate observations and Adi\u00e1n Gonz\u00e1lez&#8217;s cheeky drawings. (GBG)<\/p>\n","protected":false},"excerpt":{"rendered":"<p>The boa is a very big animal with a very small name.<\/p>\n<p>Many believe it is poisonous but it is not. It is voracious, that is, it eats everything it finds. The boa is a swallowing mouth accompanied by a warehouse body. And she has such enormous strength that if she were a wrestler she would win every tournament.<\/p>\n<p>Well, voracious readers, we&#8217;re not going to tell you everything about the boa in this back cover&#8230;.<\/p>\n<p>You&#8217;d better read the booklet for yourselves, enjoying Anne Se\u00f1ol&#8217;s accurate observations and Adi\u00e1n Gonz\u00e1lez&#8217;s cheeky drawings. (GBG)<\/p>\n","protected":false},"featured_media":5813,"comment_status":"closed","ping_status":"closed","template":"","meta":[],"etheme_brands":[],"product_brand":[],"product_cat":[360],"product_tag":[368,370,369,364,371,365,361,367,363,362,366],"class_list":{"0":"post-6478","1":"product","2":"type-product","3":"status-publish","4":"has-post-thumbnail","6":"product_cat-media-music","7":"product_tag-books","8":"product_tag-children","9":"product_tag-girls","10":"product_tag-histories","11":"product_tag-infantile","12":"product_tag-languages","13":"product_tag-learning","14":"product_tag-reading","15":"product_tag-school","16":"product_tag-stories","17":"product_tag-the-giraffe-and-me","19":"first","20":"instock","21":"taxable","22":"shipping-taxable","23":"purchasable","24":"product-type-simple"},"exclude_global_add_ons":[],"addons":[],"_links":{"self":[{"href":"https:\/\/paradiseproductscr.com\/en\/wp-json\/wp\/v2\/product\/6478","targetHints":{"allow":["GET"]}}],"collection":[{"href":"https:\/\/paradiseproductscr.com\/en\/wp-json\/wp\/v2\/product"}],"about":[{"href":"https:\/\/paradiseproductscr.com\/en\/wp-json\/wp\/v2\/types\/product"}],"replies":[{"embeddable":true,"href":"https:\/\/paradiseproductscr.com\/en\/wp-json\/wp\/v2\/comments?post=6478"}],"version-history":[{"count":0,"href":"https:\/\/paradiseproductscr.com\/en\/wp-json\/wp\/v2\/product\/6478\/revisions"}],"wp:featuredmedia":[{"embeddable":true,"href":"https:\/\/paradiseproductscr.com\/en\/wp-json\/wp\/v2\/media\/5813"}],"wp:attachment":[{"href":"https:\/\/paradiseproductscr.com\/en\/wp-json\/wp\/v2\/media?parent=6478"}],"wp:term":[{"taxonomy":"brand","embeddable":true,"href":"https:\/\/paradiseproductscr.com\/en\/wp-json\/wp\/v2\/etheme_brands?post=6478"},{"taxonomy":"product_brand","embeddable":true,"href":"https:\/\/paradiseproductscr.com\/en\/wp-json\/wp\/v2\/product_brand?post=6478"},{"taxonomy":"product_cat","embeddable":true,"href":"https:\/\/paradiseproductscr.com\/en\/wp-json\/wp\/v2\/product_cat?post=6478"},{"taxonomy":"product_tag","embeddable":true,"href":"https:\/\/paradiseproductscr.com\/en\/wp-json\/wp\/v2\/product_tag?post=6478"}],"curies":[{"name":"wp","href":"https:\/\/api.w.org\/{rel}","templated":true}]}}