{"id":6479,"date":"2022-05-28T11:42:58","date_gmt":"2022-05-28T17:42:58","guid":{"rendered":"https:\/\/paradiseproductscr.com\/product\/gaspar-a-living-fossil\/"},"modified":"2022-05-28T17:42:58","modified_gmt":"2022-05-28T11:42:58","slug":"gaspar-a-living-fossil","status":"publish","type":"product","link":"https:\/\/paradiseproductscr.com\/en\/product\/gaspar-a-living-fossil\/","title":{"rendered":"Gaspar, a living fossil"},"content":{"rendered":"<p><strong>Age:<\/strong> 3 to 7 years old<\/p>\n<p><strong>Pages:<\/strong> 16<\/p>\n<p><strong>Finish:<\/strong> rustic easel,<\/p>\n<p>couche paper 150g<\/p>\n<p><strong>Author:<\/strong> Anne Se\u00f1ol<\/p>\n<p><strong>Illustrator:<\/strong> Adi\u00e1n Gonz\u00e1lez<\/p>\n<p class=\"p1\">The gaspar fish is rare.<\/p>\n<p class=\"p1\">Methuselah of the oceans, the gaspar is a true living fossil, with tens of millions of years of existence and without many changes in the shape of its body. It resembles crocodiles and turtles, whose design has remained almost unchanged over time. Pejelagarto is sometimes called Pejelagarto.<\/p>\n<p class=\"p1\">In Costa Rica he is found in Ca\u00f1o Negro, alive and kicking.<span class=\"Apple-converted-space\">  <\/span>It is well liked by the inhabitants of that area. Be careful not to let it become extinct!<\/p>\n<p class=\"p1\">We do not know where the name Gaspar comes from. What we do know is that his mini-autobiography, that fish<span class=\"Apple-converted-space\">  <\/span>dictated to Anne Se\u00f1ol, is very entertaining. And even more so with the joyful illustrations of Adi\u00e1n Gonz\u00e1lez.<\/p>\n","protected":false},"excerpt":{"rendered":"<p class=\"p1\">The gaspar fish is rare.<\/p>\n<p class=\"p1\">Methuselah of the oceans, the gaspar is a true living fossil, with tens of millions of years of existence and without many changes in the shape of its body. It resembles crocodiles and turtles, whose design has remained almost unchanged over time. Pejelagarto is sometimes called Pejelagarto.<\/p>\n<p class=\"p1\">In Costa Rica he is found in Ca\u00f1o Negro, alive and kicking.<span class=\"Apple-converted-space\">  <\/span>It is well liked by the inhabitants of that area. Be careful not to let it become extinct!<\/p>\n<p class=\"p1\">We do not know where the name Gaspar comes from. What we do know is that his mini-autobiography, that fish<span class=\"Apple-converted-space\">  <\/span>dictated to Anne Se\u00f1ol, is very entertaining. And even more so with the joyful illustrations of Adi\u00e1n Gonz\u00e1lez.<\/p>\n","protected":false},"featured_media":5811,"comment_status":"closed","ping_status":"closed","template":"","meta":[],"etheme_brands":[],"product_brand":[],"product_cat":[360],"product_tag":[368,370,369,364,371,365,361,367,363,362,366],"class_list":{"0":"post-6479","1":"product","2":"type-product","3":"status-publish","4":"has-post-thumbnail","6":"product_cat-media-music","7":"product_tag-books","8":"product_tag-children","9":"product_tag-girls","10":"product_tag-histories","11":"product_tag-infantile","12":"product_tag-languages","13":"product_tag-learning","14":"product_tag-reading","15":"product_tag-school","16":"product_tag-stories","17":"product_tag-the-giraffe-and-me","19":"first","20":"instock","21":"taxable","22":"shipping-taxable","23":"purchasable","24":"product-type-simple"},"exclude_global_add_ons":[],"addons":[],"_links":{"self":[{"href":"https:\/\/paradiseproductscr.com\/en\/wp-json\/wp\/v2\/product\/6479","targetHints":{"allow":["GET"]}}],"collection":[{"href":"https:\/\/paradiseproductscr.com\/en\/wp-json\/wp\/v2\/product"}],"about":[{"href":"https:\/\/paradiseproductscr.com\/en\/wp-json\/wp\/v2\/types\/product"}],"replies":[{"embeddable":true,"href":"https:\/\/paradiseproductscr.com\/en\/wp-json\/wp\/v2\/comments?post=6479"}],"version-history":[{"count":0,"href":"https:\/\/paradiseproductscr.com\/en\/wp-json\/wp\/v2\/product\/6479\/revisions"}],"wp:featuredmedia":[{"embeddable":true,"href":"https:\/\/paradiseproductscr.com\/en\/wp-json\/wp\/v2\/media\/5811"}],"wp:attachment":[{"href":"https:\/\/paradiseproductscr.com\/en\/wp-json\/wp\/v2\/media?parent=6479"}],"wp:term":[{"taxonomy":"brand","embeddable":true,"href":"https:\/\/paradiseproductscr.com\/en\/wp-json\/wp\/v2\/etheme_brands?post=6479"},{"taxonomy":"product_brand","embeddable":true,"href":"https:\/\/paradiseproductscr.com\/en\/wp-json\/wp\/v2\/product_brand?post=6479"},{"taxonomy":"product_cat","embeddable":true,"href":"https:\/\/paradiseproductscr.com\/en\/wp-json\/wp\/v2\/product_cat?post=6479"},{"taxonomy":"product_tag","embeddable":true,"href":"https:\/\/paradiseproductscr.com\/en\/wp-json\/wp\/v2\/product_tag?post=6479"}],"curies":[{"name":"wp","href":"https:\/\/api.w.org\/{rel}","templated":true}]}}