{"id":6490,"date":"2022-05-28T17:42:37","date_gmt":"2022-05-28T23:42:37","guid":{"rendered":"https:\/\/paradiseproductscr.com\/product\/poemas-que-ruben-te-daria\/"},"modified":"2022-05-28T17:42:37","modified_gmt":"2022-05-28T11:42:37","slug":"poemas-que-ruben-te-daria","status":"publish","type":"product","link":"https:\/\/paradiseproductscr.com\/en\/product\/poemas-que-ruben-te-daria\/","title":{"rendered":"Poemas que Rub\u00e9n te dar\u00eda"},"content":{"rendered":"<p class=\"franja\"><strong>Age:<\/strong> for all ages<\/p>\n<p><strong>Pages:<\/strong>74<\/p>\n<p><strong>Finish:<\/strong> rustic stitched and glued, 150g couche paper<\/p>\n<p><strong>Author:<\/strong> Rub\u00e9n Dar\u00edo<\/p>\n<p><strong>Illustrator:<\/strong> Adi\u00e1n Gonz\u00e1lez<\/p>\n<p>&#8230;all the poems that are in this book are beautiful, and all the beautiful poems of Dar\u00edo that are not in this book are worthy of being here as well. In this book conceived by Gerardo Bola\u00f1os and masterfully illustrated by Adi\u00e1n Gonz\u00e1lez, &#8220;his attributes of a great poet&#8230;forever indispensable&#8221; are distilled, as Pablo Neruda called him in his 1934 speech in a joint speech with Federico Garc\u00eda Lorca.<\/p>\n","protected":false},"excerpt":{"rendered":"<p>&#8230;all the poems that are in this book are beautiful, and all the beautiful poems of Dar\u00edo that are not in this book are worthy of being here as well. In this book conceived by Gerardo Bola\u00f1os and masterfully illustrated by Adi\u00e1n Gonz\u00e1lez, &#8220;his attributes of a great poet&#8230;forever indispensable&#8221; are distilled, as Pablo Neruda called him in his 1934 speech in a joint speech with Federico Garc\u00eda Lorca.<\/p>\n","protected":false},"featured_media":5799,"comment_status":"closed","ping_status":"closed","template":"","meta":[],"etheme_brands":[],"product_brand":[],"product_cat":[74],"product_tag":[],"class_list":{"0":"post-6490","1":"product","2":"type-product","3":"status-publish","4":"has-post-thumbnail","6":"product_cat-alimentos","8":"first","9":"instock","10":"taxable","11":"shipping-taxable","12":"purchasable","13":"product-type-simple"},"exclude_global_add_ons":[],"addons":[],"_links":{"self":[{"href":"https:\/\/paradiseproductscr.com\/en\/wp-json\/wp\/v2\/product\/6490","targetHints":{"allow":["GET"]}}],"collection":[{"href":"https:\/\/paradiseproductscr.com\/en\/wp-json\/wp\/v2\/product"}],"about":[{"href":"https:\/\/paradiseproductscr.com\/en\/wp-json\/wp\/v2\/types\/product"}],"replies":[{"embeddable":true,"href":"https:\/\/paradiseproductscr.com\/en\/wp-json\/wp\/v2\/comments?post=6490"}],"version-history":[{"count":0,"href":"https:\/\/paradiseproductscr.com\/en\/wp-json\/wp\/v2\/product\/6490\/revisions"}],"wp:featuredmedia":[{"embeddable":true,"href":"https:\/\/paradiseproductscr.com\/en\/wp-json\/wp\/v2\/media\/5799"}],"wp:attachment":[{"href":"https:\/\/paradiseproductscr.com\/en\/wp-json\/wp\/v2\/media?parent=6490"}],"wp:term":[{"taxonomy":"brand","embeddable":true,"href":"https:\/\/paradiseproductscr.com\/en\/wp-json\/wp\/v2\/etheme_brands?post=6490"},{"taxonomy":"product_brand","embeddable":true,"href":"https:\/\/paradiseproductscr.com\/en\/wp-json\/wp\/v2\/product_brand?post=6490"},{"taxonomy":"product_cat","embeddable":true,"href":"https:\/\/paradiseproductscr.com\/en\/wp-json\/wp\/v2\/product_cat?post=6490"},{"taxonomy":"product_tag","embeddable":true,"href":"https:\/\/paradiseproductscr.com\/en\/wp-json\/wp\/v2\/product_tag?post=6490"}],"curies":[{"name":"wp","href":"https:\/\/api.w.org\/{rel}","templated":true}]}}