{"id":6492,"date":"2022-05-28T17:42:37","date_gmt":"2022-05-28T23:42:37","guid":{"rendered":"https:\/\/paradiseproductscr.com\/product\/quien-fue-fadrique-guitierres\/"},"modified":"2022-05-28T17:42:37","modified_gmt":"2022-05-28T11:42:37","slug":"quien-fue-fadrique-guitierres","status":"publish","type":"product","link":"https:\/\/paradiseproductscr.com\/en\/product\/quien-fue-fadrique-guitierres\/","title":{"rendered":"Quien fue Fadrique Guitierres"},"content":{"rendered":"<p><b>Age:<\/b> 10 to 17 years old<\/p>\n<p><b>Pages:<\/b> 40<\/p>\n<p><b>Finishing:<\/b> sized and baked, 90 gsm editorial paper<\/p>\n<p><b>Author:<\/b> Anne Se\u00f1ol<\/p>\n<p><b>Illustrator:<\/b> Adi\u00e1n Gonz\u00e1lez<\/p>\n<p>Every country has its adventurous characters, rebels with or without a cause, who break out of the circle marked by the conventions of their time.<\/p>\n<p>This is the case of Fadrique Guti\u00e9rrez Flores, a purebred herediano who scandalized the good people of the nineteenth century with his taste for this, political intrigue and skirt affairs, all tinged by his<br \/>\nprovocative artistic tastes.<\/p>\n<p>A crony of his cousin General Tom\u00e1s Guardia, he helped bring him to power but soon fell into disgrace.<\/p>\n<p>The lean cows of his existence, among which the banishment figures prominently, were followed by the canonries and the honey derived from the proximity to the powerful.<\/p>\n<p>Today he is remembered only by a first name that is curious to us, and by an ortin that became the emblem of an entire province.<\/p>\n<p>Anne Se\u00f1ol has pulled back the veil of this eventful existence that Adi\u00e1n Gonz\u00e1lez has drawn for the enjoyment of the followers of the PERSONAJES collection, published by La Jirafa y Yo.<\/p>\n","protected":false},"excerpt":{"rendered":"<p>Every country has its adventurous characters, rebels with or without a cause, who break out of the circle marked by the conventions of their time.<\/p>\n<p>This is the case of Fadrique Guti\u00e9rrez Flores, a purebred herediano who scandalized the good people of the nineteenth century with his taste for this, political intrigue and skirt affairs, all tinged by his<br \/>\nprovocative artistic tastes.<\/p>\n<p>A crony of his cousin General Tom\u00e1s Guardia, he helped bring him to power but soon fell into disgrace.<\/p>\n<p>The lean cows of his existence, among which the banishment figures prominently, were followed by the canonries and the honey derived from the proximity to the powerful.<\/p>\n<p>Today he is remembered only by a first name that is curious to us, and by an ortin that became the emblem of an entire province.<\/p>\n<p>Anne Se\u00f1ol has pulled back the veil of this eventful existence that Adi\u00e1n Gonz\u00e1lez has drawn for the enjoyment of the followers of the PERSONAJES collection, published by La Jirafa y Yo.<\/p>\n","protected":false},"featured_media":5795,"comment_status":"closed","ping_status":"closed","template":"","meta":[],"etheme_brands":[],"product_brand":[],"product_cat":[74],"product_tag":[],"class_list":{"0":"post-6492","1":"product","2":"type-product","3":"status-publish","4":"has-post-thumbnail","6":"product_cat-alimentos","8":"first","9":"instock","10":"taxable","11":"shipping-taxable","12":"purchasable","13":"product-type-simple"},"exclude_global_add_ons":[],"addons":[],"_links":{"self":[{"href":"https:\/\/paradiseproductscr.com\/en\/wp-json\/wp\/v2\/product\/6492","targetHints":{"allow":["GET"]}}],"collection":[{"href":"https:\/\/paradiseproductscr.com\/en\/wp-json\/wp\/v2\/product"}],"about":[{"href":"https:\/\/paradiseproductscr.com\/en\/wp-json\/wp\/v2\/types\/product"}],"replies":[{"embeddable":true,"href":"https:\/\/paradiseproductscr.com\/en\/wp-json\/wp\/v2\/comments?post=6492"}],"version-history":[{"count":0,"href":"https:\/\/paradiseproductscr.com\/en\/wp-json\/wp\/v2\/product\/6492\/revisions"}],"wp:featuredmedia":[{"embeddable":true,"href":"https:\/\/paradiseproductscr.com\/en\/wp-json\/wp\/v2\/media\/5795"}],"wp:attachment":[{"href":"https:\/\/paradiseproductscr.com\/en\/wp-json\/wp\/v2\/media?parent=6492"}],"wp:term":[{"taxonomy":"brand","embeddable":true,"href":"https:\/\/paradiseproductscr.com\/en\/wp-json\/wp\/v2\/etheme_brands?post=6492"},{"taxonomy":"product_brand","embeddable":true,"href":"https:\/\/paradiseproductscr.com\/en\/wp-json\/wp\/v2\/product_brand?post=6492"},{"taxonomy":"product_cat","embeddable":true,"href":"https:\/\/paradiseproductscr.com\/en\/wp-json\/wp\/v2\/product_cat?post=6492"},{"taxonomy":"product_tag","embeddable":true,"href":"https:\/\/paradiseproductscr.com\/en\/wp-json\/wp\/v2\/product_tag?post=6492"}],"curies":[{"name":"wp","href":"https:\/\/api.w.org\/{rel}","templated":true}]}}