{"id":6531,"date":"2022-05-28T17:41:54","date_gmt":"2022-05-28T23:41:54","guid":{"rendered":"https:\/\/paradiseproductscr.com\/product\/en-busca-del-gran-tesoro\/"},"modified":"2022-05-28T17:41:54","modified_gmt":"2022-05-28T11:41:54","slug":"en-busca-del-gran-tesoro","status":"publish","type":"product","link":"https:\/\/paradiseproductscr.com\/en\/product\/en-busca-del-gran-tesoro\/","title":{"rendered":"En Busca del Gran Tesoro"},"content":{"rendered":"<p class=\"franja\"><strong>Age:<\/strong> 10 and older<\/p>\n<p><strong>Pages: <\/strong>203<\/p>\n<p><strong>Finish:<\/strong> rustic stitched and glued 90g editorial paper<\/p>\n<p><strong>Author:<\/strong> \u00d3scar N\u00fa\u00f1ez<\/p>\n<p class=\"p1\">Sebastian Camacho and Javier Snieper are two normal and very healthy schoolboys who are suddenly bitten by the Cocos Island virus. The two teenagers, supported by a fortuitous find,<span class=\"Apple-converted-space\">  <\/span>have no peace of mind until they organize the long trip to the island. They go in the company of their class bully and a <i>nerdy girl<\/i> who has an answer for just about everything, plus an open-minded but firm teacher. They are joined, in a suspicious, very suspicious way, by a bad-guy park ranger who turns out to be the key to understanding the past and present of the island and, in turn, its future.<\/p>\n<p class=\"p1\">With <i>En busca del gran tesoro,<\/i> a short novel by award-winning writer \u00d3scar N\u00fa\u00f1ez Olivas, the publishing house <b><i>La Jirafa y Yo<\/i><\/b> takes its efforts to get children and young people hooked on reading to a new level.<\/p>\n<p>&nbsp;<\/p>\n<p>&nbsp;<\/p>\n<p>&nbsp;<\/p>\n","protected":false},"excerpt":{"rendered":"<p>A fascinating collection of stories about our country and the world. A book to enjoy our country traditions and at the same time travel to the magical world of the thousand and one nights.<\/p>\n","protected":false},"featured_media":5723,"comment_status":"closed","ping_status":"closed","template":"","meta":[],"etheme_brands":[],"product_brand":[],"product_cat":[74],"product_tag":[],"class_list":{"0":"post-6531","1":"product","2":"type-product","3":"status-publish","4":"has-post-thumbnail","6":"product_cat-alimentos","8":"first","9":"instock","10":"taxable","11":"shipping-taxable","12":"purchasable","13":"product-type-simple"},"exclude_global_add_ons":[],"addons":[],"_links":{"self":[{"href":"https:\/\/paradiseproductscr.com\/en\/wp-json\/wp\/v2\/product\/6531","targetHints":{"allow":["GET"]}}],"collection":[{"href":"https:\/\/paradiseproductscr.com\/en\/wp-json\/wp\/v2\/product"}],"about":[{"href":"https:\/\/paradiseproductscr.com\/en\/wp-json\/wp\/v2\/types\/product"}],"replies":[{"embeddable":true,"href":"https:\/\/paradiseproductscr.com\/en\/wp-json\/wp\/v2\/comments?post=6531"}],"version-history":[{"count":0,"href":"https:\/\/paradiseproductscr.com\/en\/wp-json\/wp\/v2\/product\/6531\/revisions"}],"wp:featuredmedia":[{"embeddable":true,"href":"https:\/\/paradiseproductscr.com\/en\/wp-json\/wp\/v2\/media\/5723"}],"wp:attachment":[{"href":"https:\/\/paradiseproductscr.com\/en\/wp-json\/wp\/v2\/media?parent=6531"}],"wp:term":[{"taxonomy":"brand","embeddable":true,"href":"https:\/\/paradiseproductscr.com\/en\/wp-json\/wp\/v2\/etheme_brands?post=6531"},{"taxonomy":"product_brand","embeddable":true,"href":"https:\/\/paradiseproductscr.com\/en\/wp-json\/wp\/v2\/product_brand?post=6531"},{"taxonomy":"product_cat","embeddable":true,"href":"https:\/\/paradiseproductscr.com\/en\/wp-json\/wp\/v2\/product_cat?post=6531"},{"taxonomy":"product_tag","embeddable":true,"href":"https:\/\/paradiseproductscr.com\/en\/wp-json\/wp\/v2\/product_tag?post=6531"}],"curies":[{"name":"wp","href":"https:\/\/api.w.org\/{rel}","templated":true}]}}