{"id":6536,"date":"2022-05-28T17:41:54","date_gmt":"2022-05-28T23:41:54","guid":{"rendered":"https:\/\/paradiseproductscr.com\/product\/el-mar-de-los-asombros\/"},"modified":"2022-05-28T17:41:54","modified_gmt":"2022-05-28T11:41:54","slug":"el-mar-de-los-asombros","status":"publish","type":"product","link":"https:\/\/paradiseproductscr.com\/en\/product\/el-mar-de-los-asombros\/","title":{"rendered":"El mar de los asombros"},"content":{"rendered":"<p>From our school collection, for boys and girls in the fourth grade of school.<\/p>\n<p class=\"franja\"><strong>Age:<\/strong> 9 -12 years old<\/p>\n<p><strong>Grade:<\/strong> Fourth<\/p>\n<p><strong>Pages:<\/strong>322<\/p>\n<p><strong>Finish:<\/strong> rustic glued and stitched, 90g ledger paper<\/p>\n<p><strong>Authors:<\/strong> Anne Se\u00f1ol (author and compiler)<\/p>\n<p><strong>Illustrators:<\/strong> Olga Anaskina, Adi\u00e1n Gonz\u00e1lez and H\u00e9ctor Gamboa<\/p>\n<p>An extensive collection of reading possibilities accompanied by interesting exercises that contribute to improve the assimilation of the texts and the use of them in the development of the contents of the school level. Beautifully illustrated stories from Costa Rica, Latin America and the world that open up a universe of possibilities for children, enriching their vocabulary and knowledge of diverse human cultures.<\/p>\n","protected":false},"excerpt":{"rendered":"<p>An extensive collection of reading possibilities accompanied by interesting exercises that contribute to improve the assimilation of the texts and the use of them in the development of the contents of the school level. Beautifully illustrated stories from Costa Rica, Latin America and the world that open up a universe of possibilities for children, enriching their vocabulary and knowledge of diverse human cultures.<\/p>\n","protected":false},"featured_media":5713,"comment_status":"closed","ping_status":"closed","template":"","meta":[],"etheme_brands":[],"product_brand":[],"product_cat":[74],"product_tag":[],"class_list":{"0":"post-6536","1":"product","2":"type-product","3":"status-publish","4":"has-post-thumbnail","6":"product_cat-alimentos","8":"first","9":"instock","10":"taxable","11":"shipping-taxable","12":"purchasable","13":"product-type-simple"},"exclude_global_add_ons":[],"addons":[],"_links":{"self":[{"href":"https:\/\/paradiseproductscr.com\/en\/wp-json\/wp\/v2\/product\/6536","targetHints":{"allow":["GET"]}}],"collection":[{"href":"https:\/\/paradiseproductscr.com\/en\/wp-json\/wp\/v2\/product"}],"about":[{"href":"https:\/\/paradiseproductscr.com\/en\/wp-json\/wp\/v2\/types\/product"}],"replies":[{"embeddable":true,"href":"https:\/\/paradiseproductscr.com\/en\/wp-json\/wp\/v2\/comments?post=6536"}],"version-history":[{"count":0,"href":"https:\/\/paradiseproductscr.com\/en\/wp-json\/wp\/v2\/product\/6536\/revisions"}],"wp:featuredmedia":[{"embeddable":true,"href":"https:\/\/paradiseproductscr.com\/en\/wp-json\/wp\/v2\/media\/5713"}],"wp:attachment":[{"href":"https:\/\/paradiseproductscr.com\/en\/wp-json\/wp\/v2\/media?parent=6536"}],"wp:term":[{"taxonomy":"brand","embeddable":true,"href":"https:\/\/paradiseproductscr.com\/en\/wp-json\/wp\/v2\/etheme_brands?post=6536"},{"taxonomy":"product_brand","embeddable":true,"href":"https:\/\/paradiseproductscr.com\/en\/wp-json\/wp\/v2\/product_brand?post=6536"},{"taxonomy":"product_cat","embeddable":true,"href":"https:\/\/paradiseproductscr.com\/en\/wp-json\/wp\/v2\/product_cat?post=6536"},{"taxonomy":"product_tag","embeddable":true,"href":"https:\/\/paradiseproductscr.com\/en\/wp-json\/wp\/v2\/product_tag?post=6536"}],"curies":[{"name":"wp","href":"https:\/\/api.w.org\/{rel}","templated":true}]}}