{"id":6434,"date":"2023-11-06T22:29:50","date_gmt":"2023-11-06T16:29:50","guid":{"rendered":"https:\/\/paradiseproductscr.com\/product\/impression-pvc-dart-numerique-de-grenouille-a-i-20x30cm-30x40cm\/"},"modified":"2023-11-06T22:29:50","modified_gmt":"2023-11-06T16:29:50","slug":"impression-pvc-dart-numerique-de-grenouille-a-i-20x30cm-30x40cm","status":"publish","type":"product","link":"https:\/\/paradiseproductscr.com\/fr\/produit\/impression-pvc-dart-numerique-de-grenouille-a-i-20x30cm-30x40cm\/","title":{"rendered":"Impression PVC d\u2019art num\u00e9rique de grenouille A.I 20x30cm \/ 30x40cm"},"content":{"rendered":"<p><strong>Titre : \u00ab\u00a0Art num\u00e9rique Green Rana en PVC &#8211; Echos d&rsquo;int\u00e9rieur tropicaux &#8211; 20x30cm \/ 30x40cm\u00a0\u00bb.\u00a0\u00bb<\/strong><\/p>\n<p><strong>Description:<\/strong> \u00ab\u00a0Embarquez pour un voyage dans les \u00e9cosyst\u00e8mes tropicaux luxuriants du Costa Rica avec notre impression d&rsquo;art la Rana Verde (la grenouille verte), m\u00e9ticuleusement con\u00e7ue num\u00e9riquement et produite en PVC durable. Cada impresi\u00f3n rinde homenaje a la vibrante biodiversidad de la regi\u00f3n, destacando la belleza y vitalidad de esta emblem\u00e1tica especie, reinterpretada en un estilo abstracto que fusiona la naturaleza con el arte contempor\u00e1neo.<\/p>\n<p>Disponibles en deux tailles pratiques, 20&#215;30 et 30&#215;40 cm, ces pi\u00e8ces sont le choix parfait pour ceux qui cherchent \u00e0 incorporer la fra\u00eecheur et la vitalit\u00e9 de la for\u00eat tropicale dans leur maison ou lieu de travail. Les couleurs vives et les d\u00e9tails captivants \u00e9voquent la vie dans les for\u00eats costariciennes, tandis que la qualit\u00e9 garantit une long\u00e9vit\u00e9 exceptionnelle. Nos impressions de la Rana Verde (la Grenouille Verte) sont bien plus que d\u00e9coratives ; c\u2019est une exp\u00e9rience esth\u00e9tique qui transportera n\u2019importe quel espace dans les \u00e9cosyst\u00e8mes luxuriants du Costa Rica.<\/p>\n<p>Ce titre et cette description soulignent la beaut\u00e9 et la vitalit\u00e9 de La Rana Verde (la grenouille verte) du Costa Rica, soulignant son importance dans la biodiversit\u00e9 de la r\u00e9gion et comment elle peut apporter fra\u00eecheur et vitalit\u00e9 aux espaces int\u00e9rieurs.<\/p>\n","protected":false},"excerpt":{"rendered":"<p>Capturez l\u2019essence des tropiques costaricains avec notre impression PVC d\u2019une grenouille verte stylis\u00e9e. Disponible en 20&#215;30 et 30&#215;40 cm, cet art vibrant est id\u00e9al pour ajouter une touche exotique \u00e0 votre d\u00e9coration.\u00a0\u00bb<\/p>\n","protected":false},"featured_media":6271,"comment_status":"open","ping_status":"closed","template":"","meta":[],"etheme_brands":[],"product_brand":[],"product_cat":[358,359],"product_tag":[],"class_list":{"0":"post-6434","1":"product","2":"type-product","3":"status-publish","4":"has-post-thumbnail","6":"product_cat-art-fr","7":"product_cat-printings-impressions","9":"first","10":"instock","11":"taxable","12":"shipping-taxable","13":"purchasable","14":"product-type-variable"},"exclude_global_add_ons":[],"addons":[],"_links":{"self":[{"href":"https:\/\/paradiseproductscr.com\/fr\/wp-json\/wp\/v2\/product\/6434","targetHints":{"allow":["GET"]}}],"collection":[{"href":"https:\/\/paradiseproductscr.com\/fr\/wp-json\/wp\/v2\/product"}],"about":[{"href":"https:\/\/paradiseproductscr.com\/fr\/wp-json\/wp\/v2\/types\/product"}],"replies":[{"embeddable":true,"href":"https:\/\/paradiseproductscr.com\/fr\/wp-json\/wp\/v2\/comments?post=6434"}],"version-history":[{"count":0,"href":"https:\/\/paradiseproductscr.com\/fr\/wp-json\/wp\/v2\/product\/6434\/revisions"}],"wp:featuredmedia":[{"embeddable":true,"href":"https:\/\/paradiseproductscr.com\/fr\/wp-json\/wp\/v2\/media\/6271"}],"wp:attachment":[{"href":"https:\/\/paradiseproductscr.com\/fr\/wp-json\/wp\/v2\/media?parent=6434"}],"wp:term":[{"taxonomy":"brand","embeddable":true,"href":"https:\/\/paradiseproductscr.com\/fr\/wp-json\/wp\/v2\/etheme_brands?post=6434"},{"taxonomy":"product_brand","embeddable":true,"href":"https:\/\/paradiseproductscr.com\/fr\/wp-json\/wp\/v2\/product_brand?post=6434"},{"taxonomy":"product_cat","embeddable":true,"href":"https:\/\/paradiseproductscr.com\/fr\/wp-json\/wp\/v2\/product_cat?post=6434"},{"taxonomy":"product_tag","embeddable":true,"href":"https:\/\/paradiseproductscr.com\/fr\/wp-json\/wp\/v2\/product_tag?post=6434"}],"curies":[{"name":"wp","href":"https:\/\/api.w.org\/{rel}","templated":true}]}}