{"id":6441,"date":"2023-11-06T22:25:07","date_gmt":"2023-11-06T16:25:07","guid":{"rendered":"https:\/\/paradiseproductscr.com\/product\/impression-pvc-dart-numerique-de-manati-lamantin-a-i-20x30cm-30x40cm\/"},"modified":"2023-11-06T22:25:07","modified_gmt":"2023-11-06T16:25:07","slug":"impression-pvc-dart-numerique-de-manati-lamantin-a-i-20x30cm-30x40cm","status":"publish","type":"product","link":"https:\/\/paradiseproductscr.com\/fr\/produit\/impression-pvc-dart-numerique-de-manati-lamantin-a-i-20x30cm-30x40cm\/","title":{"rendered":"Impression PVC d\u2019art num\u00e9rique de Manat\u00ed (lamantin ) A.I 20x30cm \/ 30x40cm"},"content":{"rendered":"<p><strong>Titre : \u00ab\u00a0Art Num\u00e9rique de Manat\u00ed (Lamantin) en PVC &#8211; S\u00e9r\u00e9nit\u00e9 Aquatique pour Int\u00e9rieurs &#8211; 20x30cm \/ 30x40cm\u00a0\u00bb<\/strong><\/p>\n<p><strong>Description:<\/strong> \u00ab\u00a0Plongez dans la s\u00e9r\u00e9nit\u00e9 aquatique avec notre impression artistique d\u2019un lamantin, m\u00e9ticuleusement con\u00e7u num\u00e9riquement et produit en PVC durable. Chaque impression rend hommage \u00e0 la beaut\u00e9 de ces gentils g\u00e9ants marins, capturant leur calme et leur majest\u00e9 dans l\u2019environnement aquatique, r\u00e9interpr\u00e9t\u00e9s dans un style abstrait qui fusionne la nature avec l\u2019art contemporain.<\/p>\n<p>Disponibles en deux tailles pratiques, 20&#215;30 et 30&#215;40 cm, ces pi\u00e8ces sont le choix parfait pour ceux qui cherchent \u00e0 insuffler un sentiment de tranquillit\u00e9 et de sophistication dans leur maison ou leur lieu de travail. Les tons doux et les d\u00e9tails captivants \u00e9voquent la vie marine, tandis que la qualit\u00e9 garantit une long\u00e9vit\u00e9 exceptionnelle. Nos impressions de lamantin ne sont pas seulement d\u00e9coratives ; elles sont une exp\u00e9rience esth\u00e9tique qui transformera n\u2019importe quel espace en un coin de s\u00e9r\u00e9nit\u00e9 aquatique.\u00a0\u00bb<\/p>\n<p>Ce titre et cette description soulignent la s\u00e9r\u00e9nit\u00e9 et la majest\u00e9 des impressions de lamantin dans son environnement aquatique, en soulignant sa beaut\u00e9 et le sentiment de tranquillit\u00e9 qu\u2019ils apportent aux espaces int\u00e9rieurs.<\/p>\n","protected":false},"excerpt":{"rendered":"<p>Capturez l\u2019essence des tropiques costaricains avec notre impression PVC d\u2019un Lamantin stylis\u00e9. Disponible en 20&#215;30 et 30&#215;40 cm, cet art vibrant est id\u00e9al pour ajouter une touche exotique \u00e0 votre d\u00e9coration.\u00a0\u00bb<\/p>\n","protected":false},"featured_media":6263,"comment_status":"open","ping_status":"closed","template":"","meta":[],"etheme_brands":[],"product_brand":[],"product_cat":[358,359],"product_tag":[],"class_list":{"0":"post-6441","1":"product","2":"type-product","3":"status-publish","4":"has-post-thumbnail","6":"product_cat-art-fr","7":"product_cat-printings-impressions","9":"first","10":"instock","11":"taxable","12":"shipping-taxable","13":"purchasable","14":"product-type-variable"},"exclude_global_add_ons":[],"addons":[],"_links":{"self":[{"href":"https:\/\/paradiseproductscr.com\/fr\/wp-json\/wp\/v2\/product\/6441","targetHints":{"allow":["GET"]}}],"collection":[{"href":"https:\/\/paradiseproductscr.com\/fr\/wp-json\/wp\/v2\/product"}],"about":[{"href":"https:\/\/paradiseproductscr.com\/fr\/wp-json\/wp\/v2\/types\/product"}],"replies":[{"embeddable":true,"href":"https:\/\/paradiseproductscr.com\/fr\/wp-json\/wp\/v2\/comments?post=6441"}],"version-history":[{"count":0,"href":"https:\/\/paradiseproductscr.com\/fr\/wp-json\/wp\/v2\/product\/6441\/revisions"}],"wp:featuredmedia":[{"embeddable":true,"href":"https:\/\/paradiseproductscr.com\/fr\/wp-json\/wp\/v2\/media\/6263"}],"wp:attachment":[{"href":"https:\/\/paradiseproductscr.com\/fr\/wp-json\/wp\/v2\/media?parent=6441"}],"wp:term":[{"taxonomy":"brand","embeddable":true,"href":"https:\/\/paradiseproductscr.com\/fr\/wp-json\/wp\/v2\/etheme_brands?post=6441"},{"taxonomy":"product_brand","embeddable":true,"href":"https:\/\/paradiseproductscr.com\/fr\/wp-json\/wp\/v2\/product_brand?post=6441"},{"taxonomy":"product_cat","embeddable":true,"href":"https:\/\/paradiseproductscr.com\/fr\/wp-json\/wp\/v2\/product_cat?post=6441"},{"taxonomy":"product_tag","embeddable":true,"href":"https:\/\/paradiseproductscr.com\/fr\/wp-json\/wp\/v2\/product_tag?post=6441"}],"curies":[{"name":"wp","href":"https:\/\/api.w.org\/{rel}","templated":true}]}}