{"id":7514,"date":"2023-09-02T11:21:30","date_gmt":"2023-09-02T05:21:30","guid":{"rendered":"https:\/\/paradiseproductscr.com\/product\/tableau-la-famille-de-jesus\/"},"modified":"2023-09-02T11:21:30","modified_gmt":"2023-09-02T05:21:30","slug":"tableau-la-famille-de-jesus","status":"publish","type":"product","link":"https:\/\/paradiseproductscr.com\/fr\/produit\/tableau-la-famille-de-jesus\/","title":{"rendered":"Tableau La Famille de J\u00e9sus"},"content":{"rendered":"<h1>Tableau en bois<\/h1>\n<h4>La Familia de Jesus (La famille de J\u00e9sus)<\/h4>\n<p>Tableau en bois enti\u00e8rement \u00e0 la main, avec un design de la famille sacr\u00e9e originale et travaill\u00e9 dans diff\u00e9rentes nuances de bois naturel pour un r\u00e9sultat unique.<\/p>\n<p>Fabriqu\u00e9 par les meilleurs artisans de Sarchi, Costa Rica, le berceau de l\u2019artisanat.<\/p>\n","protected":false},"excerpt":{"rendered":"<h1>Tableau en bois<\/h1>\n<h4>La Familia de Jesus (La famille de J\u00e9sus)<\/h4>\n<p>Tableau en bois enti\u00e8rement \u00e0 la main, avec un design de La Sainte Famille originale et travaill\u00e9 dans diff\u00e9rentes nuances de bois naturel pour un r\u00e9sultat unique.<\/p>\n<p>Fabriqu\u00e9 par les meilleurs artisans de Sarchi, Costa Rica, le berceau de l\u2019artisanat.<\/p>\n","protected":false},"featured_media":5636,"comment_status":"open","ping_status":"closed","template":"","meta":[],"etheme_brands":[],"product_brand":[],"product_cat":[580,579],"product_tag":[583,584,588,581,585,582,587,589,586,590,591,592],"class_list":{"0":"post-7514","1":"product","2":"type-product","3":"status-publish","4":"has-post-thumbnail","6":"product_cat-decoration-fr","7":"product_cat-foyer","8":"product_tag-art-traditionnel","9":"product_tag-artisanal-fr","10":"product_tag-bois","11":"product_tag-costa-rica-fr","12":"product_tag-cuisine","13":"product_tag-decoration-fr","14":"product_tag-foyer","15":"product_tag-marque-nationale","16":"product_tag-modeles-traditionnels","17":"product_tag-peint-a-la-main","18":"product_tag-sarchi-fr","19":"product_tag-sarchivirtual-fr","21":"first","22":"instock","23":"taxable","24":"shipping-taxable","25":"purchasable","26":"product-type-simple"},"exclude_global_add_ons":[],"addons":[],"_links":{"self":[{"href":"https:\/\/paradiseproductscr.com\/fr\/wp-json\/wp\/v2\/product\/7514","targetHints":{"allow":["GET"]}}],"collection":[{"href":"https:\/\/paradiseproductscr.com\/fr\/wp-json\/wp\/v2\/product"}],"about":[{"href":"https:\/\/paradiseproductscr.com\/fr\/wp-json\/wp\/v2\/types\/product"}],"replies":[{"embeddable":true,"href":"https:\/\/paradiseproductscr.com\/fr\/wp-json\/wp\/v2\/comments?post=7514"}],"version-history":[{"count":0,"href":"https:\/\/paradiseproductscr.com\/fr\/wp-json\/wp\/v2\/product\/7514\/revisions"}],"wp:featuredmedia":[{"embeddable":true,"href":"https:\/\/paradiseproductscr.com\/fr\/wp-json\/wp\/v2\/media\/5636"}],"wp:attachment":[{"href":"https:\/\/paradiseproductscr.com\/fr\/wp-json\/wp\/v2\/media?parent=7514"}],"wp:term":[{"taxonomy":"brand","embeddable":true,"href":"https:\/\/paradiseproductscr.com\/fr\/wp-json\/wp\/v2\/etheme_brands?post=7514"},{"taxonomy":"product_brand","embeddable":true,"href":"https:\/\/paradiseproductscr.com\/fr\/wp-json\/wp\/v2\/product_brand?post=7514"},{"taxonomy":"product_cat","embeddable":true,"href":"https:\/\/paradiseproductscr.com\/fr\/wp-json\/wp\/v2\/product_cat?post=7514"},{"taxonomy":"product_tag","embeddable":true,"href":"https:\/\/paradiseproductscr.com\/fr\/wp-json\/wp\/v2\/product_tag?post=7514"}],"curies":[{"name":"wp","href":"https:\/\/api.w.org\/{rel}","templated":true}]}}