{"id":7517,"date":"2023-09-02T11:21:29","date_gmt":"2023-09-02T05:21:29","guid":{"rendered":"https:\/\/paradiseproductscr.com\/product\/sagrada-familia-la-sainte-famille-pour-le-mur\/"},"modified":"2023-09-02T11:21:29","modified_gmt":"2023-09-02T05:21:29","slug":"sagrada-familia-la-sainte-famille-pour-le-mur","status":"publish","type":"product","link":"https:\/\/paradiseproductscr.com\/fr\/produit\/sagrada-familia-la-sainte-famille-pour-le-mur\/","title":{"rendered":"Sagrada Familia (La Sainte Famille) pour le mur"},"content":{"rendered":"<h1>Sculpture sur bois<\/h1>\n<p>D\u00e9coration de la Sagrada Familia en petite taille, enti\u00e8rement \u00e0 la main. Par les meilleurs artisans de Sarchi, Costa Rica.<\/p>\n<p>Pour d\u00e9corer sur une table ou un espace r\u00e9duit, c\u2019est une pi\u00e8ce que vous pouvez placer sur le mur ou debout.<\/p>\n<p>Sculpt\u00e9 unique gr\u00e2ce \u00e0 ses diff\u00e9rentes nuances de bois naturel.<\/p>\n","protected":false},"excerpt":{"rendered":"<h1>Sculpture sur bois<\/h1>\n<p>D\u00e9coration de la Sagrada Familia en petite taille, enti\u00e8rement \u00e0 la main. Par les meilleurs artisans de Sarchi, Costa Rica.<\/p>\n<p>Pour d\u00e9corer sur une table ou un espace r\u00e9duit, c\u2019est une pi\u00e8ce que vous pouvez placer sur le mur ou debout.<\/p>\n<p>Sculpt\u00e9 unique gr\u00e2ce \u00e0 ses diff\u00e9rentes nuances de bois naturel.<\/p>\n","protected":false},"featured_media":5640,"comment_status":"open","ping_status":"closed","template":"","meta":[],"etheme_brands":[],"product_brand":[],"product_cat":[580,579],"product_tag":[583,584,588,581,585,582,587,589,586,590,591,592],"class_list":{"0":"post-7517","1":"product","2":"type-product","3":"status-publish","4":"has-post-thumbnail","6":"product_cat-decoration-fr","7":"product_cat-foyer","8":"product_tag-art-traditionnel","9":"product_tag-artisanal-fr","10":"product_tag-bois","11":"product_tag-costa-rica-fr","12":"product_tag-cuisine","13":"product_tag-decoration-fr","14":"product_tag-foyer","15":"product_tag-marque-nationale","16":"product_tag-modeles-traditionnels","17":"product_tag-peint-a-la-main","18":"product_tag-sarchi-fr","19":"product_tag-sarchivirtual-fr","21":"first","22":"instock","23":"taxable","24":"shipping-taxable","25":"purchasable","26":"product-type-simple"},"exclude_global_add_ons":[],"addons":[],"_links":{"self":[{"href":"https:\/\/paradiseproductscr.com\/fr\/wp-json\/wp\/v2\/product\/7517","targetHints":{"allow":["GET"]}}],"collection":[{"href":"https:\/\/paradiseproductscr.com\/fr\/wp-json\/wp\/v2\/product"}],"about":[{"href":"https:\/\/paradiseproductscr.com\/fr\/wp-json\/wp\/v2\/types\/product"}],"replies":[{"embeddable":true,"href":"https:\/\/paradiseproductscr.com\/fr\/wp-json\/wp\/v2\/comments?post=7517"}],"version-history":[{"count":0,"href":"https:\/\/paradiseproductscr.com\/fr\/wp-json\/wp\/v2\/product\/7517\/revisions"}],"wp:featuredmedia":[{"embeddable":true,"href":"https:\/\/paradiseproductscr.com\/fr\/wp-json\/wp\/v2\/media\/5640"}],"wp:attachment":[{"href":"https:\/\/paradiseproductscr.com\/fr\/wp-json\/wp\/v2\/media?parent=7517"}],"wp:term":[{"taxonomy":"brand","embeddable":true,"href":"https:\/\/paradiseproductscr.com\/fr\/wp-json\/wp\/v2\/etheme_brands?post=7517"},{"taxonomy":"product_brand","embeddable":true,"href":"https:\/\/paradiseproductscr.com\/fr\/wp-json\/wp\/v2\/product_brand?post=7517"},{"taxonomy":"product_cat","embeddable":true,"href":"https:\/\/paradiseproductscr.com\/fr\/wp-json\/wp\/v2\/product_cat?post=7517"},{"taxonomy":"product_tag","embeddable":true,"href":"https:\/\/paradiseproductscr.com\/fr\/wp-json\/wp\/v2\/product_tag?post=7517"}],"curies":[{"name":"wp","href":"https:\/\/api.w.org\/{rel}","templated":true}]}}