{"id":7518,"date":"2023-09-02T11:21:29","date_gmt":"2023-09-02T17:21:29","guid":{"rendered":"https:\/\/paradiseproductscr.com\/product\/mon-quetzal\/"},"modified":"2023-09-02T11:21:29","modified_gmt":"2023-09-02T05:21:29","slug":"mon-quetzal","status":"publish","type":"product","link":"https:\/\/paradiseproductscr.com\/fr\/produit\/mon-quetzal\/","title":{"rendered":"Mon Quetzal"},"content":{"rendered":"<p><b>\u00c2ge:<\/b> 3 \u00e0 7 ans<\/p>\n<p><b>Pages:<\/b>16<\/p>\n<p><b>Finition:<\/b> chevalet rustique,<\/p>\n<p>papier couche 150g<\/p>\n<p><b>Auteur:<\/b> Anne Se\u00f1ol<\/p>\n<p><b>llustrateur: <\/b>Adi\u00e1n Gonz\u00e1lez<\/p>\n<p><b>Bilingue<\/b><\/p>\n<p>&nbsp;<\/p>\n<div class=\"row\">\n<div class=\"col-md-6\">\n<p>Il y a beaucoup de beaux oiseaux, avec des plumes allum\u00e9es, des vols majestueux et des comportements extravagants, qui font le bonheur des observateurs. Parmi eux, les quetzales se distinguent.<\/p>\n<p>Aussi beau qu&rsquo;une centaine de colibris r\u00e9unis, un quetzal m\u00e2le semble avoir bu des arcs-en-ciel liquides pour captiver la future m\u00e8re de ses oisillons. Elle reconna\u00eet le vertige attrayant de<\/p>\n<p>ses plumes et sa fid\u00e9lit\u00e9 affectueuse, et il le r\u00e9compense tous les deux avec des petits quetzals aussi beaux que le p\u00e8re.<\/p>\n<p>Chaque ann\u00e9e, apr\u00e8s autant d&rsquo;agitation que l&rsquo;appel de la nature l&rsquo;exige, ils perdent quelques plumes, mais avec le soleil et les fruits frais, ils reprennent le poids perdu<\/p>\n<p>C\u2019est une merveille, les quetzales de nos terres. (GBG)<\/p>\n<\/div>\n<div class=\"col-md-6\">\n<p>Il y a beaucoup de beaux oiseaux dans le monde \u2013 ceux avec un plumage brillant, des sch\u00e9mas de vol majestueux et des comportements \u00e9tranges \u2013 qui ravissent les ornithologues du monde entier. Parmi eux, le quetzal se distingue.<\/p>\n<p>Aussi \u00e9tonnant que cent colibris r\u00e9unis, un quetzal m\u00e2le semble avoir bu un arc-en-ciel liquide afin d\u2019attirer la future m\u00e8re de ses poussins. Elle tombe sous le charme de son apparence color\u00e9e et de sa loyaut\u00e9, les r\u00e9compensant tous les deux avec des b\u00e9b\u00e9s quetzals aussi adorables que son compagnon.<\/p>\n<p>Chaque ann\u00e9e, ils perdent quelques plumes suite \u00e0 l&rsquo;agitation dict\u00e9e par l&rsquo;appel de la nature ; assez rapidement, avec l&rsquo;aide de la lumi\u00e8re du soleil et de fruits frais, ils retrouvent leur gloire d&rsquo;antan.<\/p>\n<p>Originaire de nos contr\u00e9es, le quetzal est une v\u00e9ritable merveille. (GBG)<\/p>\n<\/div>\n<\/div>\n<p>&nbsp;<\/p>\n<p>&nbsp;<\/p>\n","protected":false},"excerpt":{"rendered":"<div class=\"row\">\n<div class=\"col-md-6\">\n<p>Il y a beaucoup de beaux oiseaux, avec des plumes allum\u00e9es, des vols majestueux et des comportements extravagants, qui font le bonheur des observateurs. Parmi eux, les quetzales se distinguent.<\/p>\n<p>Aussi beau qu&rsquo;une centaine de colibris r\u00e9unis, un quetzal m\u00e2le semble avoir bu des arcs-en-ciel liquides pour captiver la future m\u00e8re de ses oisillons. Elle reconna\u00eet le vertige attrayant de<\/p>\n<p>ses plumes et sa fid\u00e9lit\u00e9 affectueuse, et il le r\u00e9compense tous les deux avec des petits quetzals aussi beaux que le p\u00e8re.<\/p>\n<p>Chaque ann\u00e9e, apr\u00e8s autant d&rsquo;agitation que l&rsquo;appel de la nature l&rsquo;exige, ils perdent quelques plumes, mais avec le soleil et les fruits frais, ils reprennent le poids perdu<\/p>\n<p>C\u2019est une merveille, les quetzales de nos terres. (GBG)<\/p>\n<\/div>\n<div class=\"col-md-6\">\n<p>Il y a beaucoup de beaux oiseaux dans le monde \u2013 ceux avec un plumage brillant, des sch\u00e9mas de vol majestueux et des comportements \u00e9tranges \u2013 qui ravissent les ornithologues du monde entier. Parmi eux, le quetzal se distingue.<\/p>\n<p>Aussi \u00e9tonnant que cent colibris r\u00e9unis, un quetzal m\u00e2le semble avoir bu un arc-en-ciel liquide afin d\u2019attirer la future m\u00e8re de ses poussins. Elle tombe sous le charme de son apparence color\u00e9e et de sa loyaut\u00e9, les r\u00e9compensant tous les deux avec des b\u00e9b\u00e9s quetzals aussi adorables que son compagnon.<\/p>\n<p>Chaque ann\u00e9e, ils perdent quelques plumes suite \u00e0 l&rsquo;agitation dict\u00e9e par l&rsquo;appel de la nature ; assez rapidement, avec l&rsquo;aide de la lumi\u00e8re du soleil et de fruits frais, ils retrouvent leur gloire d&rsquo;antan.<\/p>\n<p>Originaire de nos contr\u00e9es, le quetzal est une v\u00e9ritable merveille. (GBG)<\/p>\n<\/div>\n<\/div>\n<p>&nbsp;<\/p>\n<p>&nbsp;<\/p>\n<p>&nbsp;<\/p>\n","protected":false},"featured_media":5890,"comment_status":"closed","ping_status":"closed","template":"","meta":[],"etheme_brands":[],"product_brand":[],"product_cat":[593],"product_tag":[594,595,597,604,599,598,600,601,596],"class_list":{"0":"post-7518","1":"product","2":"type-product","3":"status-publish","4":"has-post-thumbnail","6":"product_cat-medias-et-musique","7":"product_tag-apprentissage","8":"product_tag-contes","9":"product_tag-histoires","10":"product_tag-infantile-fr","11":"product_tag-la-girafe-et-moi","12":"product_tag-langues","13":"product_tag-lecture","14":"product_tag-livres","15":"product_tag-scolaire","17":"first","18":"instock","19":"taxable","20":"shipping-taxable","21":"purchasable","22":"product-type-simple"},"exclude_global_add_ons":[],"addons":[],"_links":{"self":[{"href":"https:\/\/paradiseproductscr.com\/fr\/wp-json\/wp\/v2\/product\/7518","targetHints":{"allow":["GET"]}}],"collection":[{"href":"https:\/\/paradiseproductscr.com\/fr\/wp-json\/wp\/v2\/product"}],"about":[{"href":"https:\/\/paradiseproductscr.com\/fr\/wp-json\/wp\/v2\/types\/product"}],"replies":[{"embeddable":true,"href":"https:\/\/paradiseproductscr.com\/fr\/wp-json\/wp\/v2\/comments?post=7518"}],"version-history":[{"count":0,"href":"https:\/\/paradiseproductscr.com\/fr\/wp-json\/wp\/v2\/product\/7518\/revisions"}],"wp:featuredmedia":[{"embeddable":true,"href":"https:\/\/paradiseproductscr.com\/fr\/wp-json\/wp\/v2\/media\/5890"}],"wp:attachment":[{"href":"https:\/\/paradiseproductscr.com\/fr\/wp-json\/wp\/v2\/media?parent=7518"}],"wp:term":[{"taxonomy":"brand","embeddable":true,"href":"https:\/\/paradiseproductscr.com\/fr\/wp-json\/wp\/v2\/etheme_brands?post=7518"},{"taxonomy":"product_brand","embeddable":true,"href":"https:\/\/paradiseproductscr.com\/fr\/wp-json\/wp\/v2\/product_brand?post=7518"},{"taxonomy":"product_cat","embeddable":true,"href":"https:\/\/paradiseproductscr.com\/fr\/wp-json\/wp\/v2\/product_cat?post=7518"},{"taxonomy":"product_tag","embeddable":true,"href":"https:\/\/paradiseproductscr.com\/fr\/wp-json\/wp\/v2\/product_tag?post=7518"}],"curies":[{"name":"wp","href":"https:\/\/api.w.org\/{rel}","templated":true}]}}