{"id":7520,"date":"2023-09-02T11:21:29","date_gmt":"2023-09-02T17:21:29","guid":{"rendered":"https:\/\/paradiseproductscr.com\/product\/le-chevalier-tatou-copie\/"},"modified":"2023-09-02T11:21:29","modified_gmt":"2023-09-02T05:21:29","slug":"le-chevalier-tatou-copie","status":"publish","type":"product","link":"https:\/\/paradiseproductscr.com\/fr\/produit\/le-chevalier-tatou-copie\/","title":{"rendered":"Le chevalier tatou (copie)"},"content":{"rendered":"<p class=\"franja\"><strong>\u00c2ge:<\/strong> 3 \u00e0 7 ans<\/p>\n<p><strong>Pages:<\/strong>16<\/p>\n<p><strong>Finition:<\/strong> chevalet rustique, papier couche 150g<\/p>\n<p><strong>Auteur:<\/strong> Anne Se\u00f1ol<\/p>\n<p><strong>llustrateur: <\/strong>Adi\u00e1n Gonz\u00e1lez<\/p>\n<p>El cusuco, o armadillo (tatou), est un petit animal qui nous intrigue et nous attire. Les \u00e9l\u00e9ments de son corps semblent avoir \u00e9t\u00e9 con\u00e7us par un cin\u00e9aste pour un film sur les temps imm\u00e9moriaux.<\/p>\n<p>Il y a des animaux \u00e0 l&rsquo;\u00e9tat fossile qui nous font penser au cusuco (tatou). Son armure ne l\u2019emp\u00eache pas de se transformer en boule, comme le font les h\u00e9rissons, quand il se sent attaqu\u00e9.<\/p>\n<p>Un tel animal ne pouvait manquer d&rsquo;attirer l&rsquo;attention d&rsquo;Anne Se\u00f1ol, qui le d\u00e9compose en ses parties les plus singuli\u00e8res pour le plus grand plaisir des petits et des grands. Adi\u00e1n Gonz\u00e1lez, quant \u00e0 lui, utilise \u00e0 nouveau cet \u0153il artistique de portraitiste des esp\u00e8ces les plus attachantes de nos tropiques.<\/p>\n","protected":false},"excerpt":{"rendered":"<p>El cusuco, o armadillo (tatou), est un petit animal qui nous intrigue et nous attire. Les \u00e9l\u00e9ments de son corps semblent avoir \u00e9t\u00e9 con\u00e7us par un cin\u00e9aste pour un film sur les temps imm\u00e9moriaux.<\/p>\n<p>Il y a des animaux \u00e0 l&rsquo;\u00e9tat fossile qui nous font penser au cusuco (tatou). Son armure ne l\u2019emp\u00eache pas de se transformer en boule, comme le font les h\u00e9rissons, quand il se sent attaqu\u00e9.<\/p>\n<p>Un tel animal ne pouvait manquer d&rsquo;attirer l&rsquo;attention d&rsquo;Anne Se\u00f1ol, qui le d\u00e9compose en ses parties les plus singuli\u00e8res pour le plus grand plaisir des petits et des grands. Adi\u00e1n Gonz\u00e1lez, quant \u00e0 lui, utilise \u00e0 nouveau cet \u0153il artistique de portraitiste des esp\u00e8ces les plus attachantes de nos tropiques.<\/p>\n<p>&nbsp;<\/p>\n<p>&nbsp;<\/p>\n","protected":false},"featured_media":9476,"comment_status":"closed","ping_status":"closed","template":"","meta":[],"etheme_brands":[],"product_brand":[],"product_cat":[593],"product_tag":[594,595,603,602,597,604,599,598,600,601,596],"class_list":{"0":"post-7520","1":"product","2":"type-product","3":"status-publish","4":"has-post-thumbnail","6":"product_cat-medias-et-musique","7":"product_tag-apprentissage","8":"product_tag-contes","9":"product_tag-enfants","10":"product_tag-filles","11":"product_tag-histoires","12":"product_tag-infantile-fr","13":"product_tag-la-girafe-et-moi","14":"product_tag-langues","15":"product_tag-lecture","16":"product_tag-livres","17":"product_tag-scolaire","19":"first","20":"instock","21":"taxable","22":"shipping-taxable","23":"purchasable","24":"product-type-simple"},"exclude_global_add_ons":[],"addons":[],"_links":{"self":[{"href":"https:\/\/paradiseproductscr.com\/fr\/wp-json\/wp\/v2\/product\/7520","targetHints":{"allow":["GET"]}}],"collection":[{"href":"https:\/\/paradiseproductscr.com\/fr\/wp-json\/wp\/v2\/product"}],"about":[{"href":"https:\/\/paradiseproductscr.com\/fr\/wp-json\/wp\/v2\/types\/product"}],"replies":[{"embeddable":true,"href":"https:\/\/paradiseproductscr.com\/fr\/wp-json\/wp\/v2\/comments?post=7520"}],"version-history":[{"count":0,"href":"https:\/\/paradiseproductscr.com\/fr\/wp-json\/wp\/v2\/product\/7520\/revisions"}],"wp:featuredmedia":[{"embeddable":true,"href":"https:\/\/paradiseproductscr.com\/fr\/wp-json\/wp\/v2\/media\/9476"}],"wp:attachment":[{"href":"https:\/\/paradiseproductscr.com\/fr\/wp-json\/wp\/v2\/media?parent=7520"}],"wp:term":[{"taxonomy":"brand","embeddable":true,"href":"https:\/\/paradiseproductscr.com\/fr\/wp-json\/wp\/v2\/etheme_brands?post=7520"},{"taxonomy":"product_brand","embeddable":true,"href":"https:\/\/paradiseproductscr.com\/fr\/wp-json\/wp\/v2\/product_brand?post=7520"},{"taxonomy":"product_cat","embeddable":true,"href":"https:\/\/paradiseproductscr.com\/fr\/wp-json\/wp\/v2\/product_cat?post=7520"},{"taxonomy":"product_tag","embeddable":true,"href":"https:\/\/paradiseproductscr.com\/fr\/wp-json\/wp\/v2\/product_tag?post=7520"}],"curies":[{"name":"wp","href":"https:\/\/api.w.org\/{rel}","templated":true}]}}