{"id":7952,"date":"2022-05-28T17:44:06","date_gmt":"2022-05-28T23:44:06","guid":{"rendered":"https:\/\/paradiseproductscr.com\/product\/bleu-de-la-foret\/"},"modified":"2022-05-28T17:44:06","modified_gmt":"2022-05-28T11:44:06","slug":"bleu-de-la-foret","status":"publish","type":"product","link":"https:\/\/paradiseproductscr.com\/fr\/produit\/bleu-de-la-foret\/","title":{"rendered":"Bleu de la for\u00eat"},"content":{"rendered":"<p><b>\u00c2ge:<\/b> 3 \u00e0 7 ans<\/p>\n<p><b>Pages:<\/b>16<\/p>\n<p><b>Finition:<\/b> chevalet rustique,<\/p>\n<p>papier couche 150g<\/p>\n<p><b>Auteur:<\/b> Anne Se\u00f1ol<\/p>\n<p><b>llustrateur: <\/b>Adi\u00e1n Gonz\u00e1lez<\/p>\n<p><strong>Bilingue<\/strong><\/p>\n<p>&nbsp;<\/p>\n<div class=\"row\">\n<div class=\"col-md-6\">\n<p>Les papillons sont parmi les animaux les plus captivants sur la surface (et l\u2019air) de la plan\u00e8te.<\/p>\n<p>Et parmi les papillons, la morpho bleu est sans doute l\u2019une des plus belles. Le bleu intense de ses ailes semble colorer la for\u00eat o\u00f9 il passe.<\/p>\n<p>On pr\u00eate aux papillons des pouvoirs magiques. On dit qu&rsquo;ils aident les enfants \u00e0 aimer la lecture, ce qui est un acte magique inestimable.<\/p>\n<p>Dans l\u2019\u00e9ditorial La Girafe et Moi esp\u00e9rons que le Zoorprendente papillon morphe r\u00e9alisera le r\u00eave de nombreux enfants et leurs parents : apprendre \u00e0 lire pour vivre et profiter. (GBG)<\/p>\n<\/div>\n<div class=\"col-md-6\">\n<p>Les papillons sont parmi les cr\u00e9atures les plus captivantes sur la face de la plan\u00e8te (ainsi que dans l\u2019air).<\/p>\n<p>Parmi les papillons, le morpho bleu est sans doute l&rsquo;un des plus beaux ; la couleur bleue intense de ses ailes illumine la for\u00eat partout o\u00f9 il passe.<\/p>\n<p>Supernatural powers are attributed to butterflies. On dit qu\u2019ils aident les enfants \u00e0 d\u00e9velopper un amour pour la lecture, en soi un tour de magie inestimable.<\/p>\n<p>\u00c0 La Jirafa y Yo, nous esp\u00e9rons que ce livre de morphos bleus r\u00e9pondra aux souhaits des enfants et des parents : le plaisir de lire tout au long de la vie.(GBG)<\/p>\n<\/div>\n<\/div>\n<p>&nbsp;<\/p>\n<p>&nbsp;<\/p>\n","protected":false},"excerpt":{"rendered":"<div class=\"col-md-6\">\n<p>Les papillons sont parmi les animaux les plus captivants sur la surface (et l\u2019air) de la plan\u00e8te.<\/p>\n<p>Et parmi les papillons, la morpho bleu est sans doute l\u2019une des plus belles. Le bleu intense de ses ailes semble colorer la for\u00eat o\u00f9 il passe.<\/p>\n<p>On pr\u00eate aux papillons des pouvoirs magiques. On dit qu&rsquo;ils aident les enfants \u00e0 aimer la lecture, ce qui est un acte magique inestimable.<\/p>\n<p>Dans l\u2019\u00e9ditorial La Girafe et Moi esp\u00e9rons que le Zoorprendente papillon morphe r\u00e9alisera le r\u00eave de nombreux enfants et leurs parents : apprendre \u00e0 lire pour vivre et profiter. (GBG)<\/p>\n<\/div>\n<div class=\"col-md-6\">\n<p>Les papillons sont parmi les cr\u00e9atures les plus captivantes sur la face de la plan\u00e8te (ainsi que dans l\u2019air).<\/p>\n<p>Parmi les papillons, le morpho bleu est sans doute l&rsquo;un des plus beaux ; la couleur bleue intense de ses ailes illumine la for\u00eat partout o\u00f9 il passe.<\/p>\n<p>Supernatural powers are attributed to butterflies. On dit qu\u2019ils aident les enfants \u00e0 d\u00e9velopper un amour pour la lecture, en soi un tour de magie inestimable.<\/p>\n<p>\u00c0 La Jirafa y Yo, nous esp\u00e9rons que ce livre de morphos bleus r\u00e9pondra aux souhaits des enfants et des parents : le plaisir de lire tout au long de la vie.(GBG)<\/p>\n<\/div>\n","protected":false},"featured_media":5892,"comment_status":"closed","ping_status":"closed","template":"","meta":[],"etheme_brands":[],"product_brand":[],"product_cat":[593],"product_tag":[594,595,603,602,597,604,599,598,600,601,596],"class_list":{"0":"post-7952","1":"product","2":"type-product","3":"status-publish","4":"has-post-thumbnail","6":"product_cat-medias-et-musique","7":"product_tag-apprentissage","8":"product_tag-contes","9":"product_tag-enfants","10":"product_tag-filles","11":"product_tag-histoires","12":"product_tag-infantile-fr","13":"product_tag-la-girafe-et-moi","14":"product_tag-langues","15":"product_tag-lecture","16":"product_tag-livres","17":"product_tag-scolaire","19":"first","20":"instock","21":"taxable","22":"shipping-taxable","23":"purchasable","24":"product-type-simple"},"exclude_global_add_ons":[],"addons":[],"_links":{"self":[{"href":"https:\/\/paradiseproductscr.com\/fr\/wp-json\/wp\/v2\/product\/7952","targetHints":{"allow":["GET"]}}],"collection":[{"href":"https:\/\/paradiseproductscr.com\/fr\/wp-json\/wp\/v2\/product"}],"about":[{"href":"https:\/\/paradiseproductscr.com\/fr\/wp-json\/wp\/v2\/types\/product"}],"replies":[{"embeddable":true,"href":"https:\/\/paradiseproductscr.com\/fr\/wp-json\/wp\/v2\/comments?post=7952"}],"version-history":[{"count":0,"href":"https:\/\/paradiseproductscr.com\/fr\/wp-json\/wp\/v2\/product\/7952\/revisions"}],"wp:featuredmedia":[{"embeddable":true,"href":"https:\/\/paradiseproductscr.com\/fr\/wp-json\/wp\/v2\/media\/5892"}],"wp:attachment":[{"href":"https:\/\/paradiseproductscr.com\/fr\/wp-json\/wp\/v2\/media?parent=7952"}],"wp:term":[{"taxonomy":"brand","embeddable":true,"href":"https:\/\/paradiseproductscr.com\/fr\/wp-json\/wp\/v2\/etheme_brands?post=7952"},{"taxonomy":"product_brand","embeddable":true,"href":"https:\/\/paradiseproductscr.com\/fr\/wp-json\/wp\/v2\/product_brand?post=7952"},{"taxonomy":"product_cat","embeddable":true,"href":"https:\/\/paradiseproductscr.com\/fr\/wp-json\/wp\/v2\/product_cat?post=7952"},{"taxonomy":"product_tag","embeddable":true,"href":"https:\/\/paradiseproductscr.com\/fr\/wp-json\/wp\/v2\/product_tag?post=7952"}],"curies":[{"name":"wp","href":"https:\/\/api.w.org\/{rel}","templated":true}]}}