{"id":7953,"date":"2022-05-28T17:44:06","date_gmt":"2022-05-28T23:44:06","guid":{"rendered":"https:\/\/paradiseproductscr.com\/product\/zapatillas-tribales\/"},"modified":"2022-05-28T17:44:06","modified_gmt":"2022-05-28T11:44:06","slug":"zapatillas-tribales","status":"publish","type":"product","link":"https:\/\/paradiseproductscr.com\/fr\/produit\/zapatillas-tribales\/","title":{"rendered":"Zapatillas Tribales"},"content":{"rendered":"<p>Zapatillas en tissu, tr\u00e8s confortables pour une utilisation d\u00e9contract\u00e9e.<\/p>\n<p>Des dessins tr\u00e8s beaux et agr\u00e9ables pour tous les \u00e2ges.<\/p>\n<p>Diff\u00e9rentes tailles<\/p>\n<p>En solde!<\/p>\n","protected":false},"excerpt":{"rendered":"<p>Zapatillas en tissu, tr\u00e8s confortables pour une utilisation d\u00e9contract\u00e9e.<\/p>\n<p>Des dessins tr\u00e8s beaux et agr\u00e9ables pour tous les \u00e2ges.<\/p>\n<p>Diff\u00e9rentes tailles<\/p>\n<p>En solde!<\/p>\n","protected":false},"featured_media":5912,"comment_status":"closed","ping_status":"closed","template":"","meta":[],"etheme_brands":[],"product_brand":[],"product_cat":[74],"product_tag":[],"class_list":{"0":"post-7953","1":"product","2":"type-product","3":"status-publish","4":"has-post-thumbnail","6":"product_cat-alimentos","8":"first","9":"instock","10":"taxable","11":"shipping-taxable","12":"purchasable","13":"product-type-variable"},"exclude_global_add_ons":[],"addons":[],"_links":{"self":[{"href":"https:\/\/paradiseproductscr.com\/fr\/wp-json\/wp\/v2\/product\/7953","targetHints":{"allow":["GET"]}}],"collection":[{"href":"https:\/\/paradiseproductscr.com\/fr\/wp-json\/wp\/v2\/product"}],"about":[{"href":"https:\/\/paradiseproductscr.com\/fr\/wp-json\/wp\/v2\/types\/product"}],"replies":[{"embeddable":true,"href":"https:\/\/paradiseproductscr.com\/fr\/wp-json\/wp\/v2\/comments?post=7953"}],"version-history":[{"count":0,"href":"https:\/\/paradiseproductscr.com\/fr\/wp-json\/wp\/v2\/product\/7953\/revisions"}],"wp:featuredmedia":[{"embeddable":true,"href":"https:\/\/paradiseproductscr.com\/fr\/wp-json\/wp\/v2\/media\/5912"}],"wp:attachment":[{"href":"https:\/\/paradiseproductscr.com\/fr\/wp-json\/wp\/v2\/media?parent=7953"}],"wp:term":[{"taxonomy":"brand","embeddable":true,"href":"https:\/\/paradiseproductscr.com\/fr\/wp-json\/wp\/v2\/etheme_brands?post=7953"},{"taxonomy":"product_brand","embeddable":true,"href":"https:\/\/paradiseproductscr.com\/fr\/wp-json\/wp\/v2\/product_brand?post=7953"},{"taxonomy":"product_cat","embeddable":true,"href":"https:\/\/paradiseproductscr.com\/fr\/wp-json\/wp\/v2\/product_cat?post=7953"},{"taxonomy":"product_tag","embeddable":true,"href":"https:\/\/paradiseproductscr.com\/fr\/wp-json\/wp\/v2\/product_tag?post=7953"}],"curies":[{"name":"wp","href":"https:\/\/api.w.org\/{rel}","templated":true}]}}