{"id":7966,"date":"2022-05-28T11:44:05","date_gmt":"2022-05-28T17:44:05","guid":{"rendered":"https:\/\/paradiseproductscr.com\/product\/yo-la-mas-perezosa-moi-la-plus-paresseuse\/"},"modified":"2023-12-14T23:23:59","modified_gmt":"2023-12-14T17:23:59","slug":"yo-la-mas-perezosa-moi-la-plus-paresseuse","status":"publish","type":"product","link":"https:\/\/paradiseproductscr.com\/fr\/produit\/yo-la-mas-perezosa-moi-la-plus-paresseuse\/","title":{"rendered":"Yo, la m\u00e1s perezosa \/ Moi, la plus paresseuse"},"content":{"rendered":"<p><b>\u00c2ge:<\/b> 3 \u00e0 7 ans<\/p>\n<p><b>Pages:<\/b>16<\/p>\n<p><b>Finition:<\/b> chevalet rustique,<\/p>\n<p>papier couche 150g<\/p>\n<p><b>Auteur:<\/b> Anne Se\u00f1ol<\/p>\n<p><b>llustrateur: <\/b>Adi\u00e1n Gonz\u00e1lez<\/p>\n<p><strong>Bilingue<\/strong><\/p>\n<div class=\"row\">\n<div class=\"col-md-6\">\n<p>Il y a quelque chose d\u2019injuste dans le fait d\u2019avoir trait\u00e9 un animal de paresseux qui prend simplement les choses \u00e0 la l\u00e9g\u00e8re. Bien s\u00fbr, c\u2019est si calme que seule une tortue pourrait bien le comprendre.<\/p>\n<p>Ses r\u00e9flexions semblent avoir \u00e9t\u00e9 film\u00e9es au ralenti, mais le paresseux s&rsquo;en moque.<\/p>\n<p>Elle est indolence, parcimonie, \u00e9ternit\u00e9. Ne joue pas la star d\u2019un film sur rapides et dangereux . Au contraire, il va dans la vie sans h\u00e2te et en plus avec pause, que ce soit pour manger, d\u00e9f\u00e9quer ou se reproduire.<\/p>\n<p>Il est adorable.<\/p>\n<\/div>\n<div class=\"col-md-6\">\n<p>Il y a quelque chose d\u2019un peu injuste \u00e0 d\u00e9finir les paresseux comme paresseux juste parce qu\u2019ils aiment se d\u00e9tendre. Mais leur rythme est si lent que seule une tortue peut les comprendre pleinement.<\/p>\n<p>\u00c7a ne d\u00e9range pas le moins du monde qu\u2019il bouge comme un film au ralenti. Le paresseux se moque bien de sa r\u00e9putation de flegmatique et de paresseux ; il n&rsquo;a pas du tout envie d&rsquo;\u00eatre la vedette d&rsquo;un film sur rapide et dangereux. Il pr\u00e9f\u00e8re de loin fl\u00e2ner dans la vie sans h\u00e2te, prenant tout le temps dans le monde pour vivre la vie au maximum.<\/p>\n<p>Quel bonheur !<\/p>\n<\/div>\n<\/div>\n","protected":false},"excerpt":{"rendered":"<div class=\"col-md-6\">\n<p>Il y a quelque chose d\u2019injuste dans le fait d\u2019avoir trait\u00e9 un animal de paresseux qui prend simplement les choses \u00e0 la l\u00e9g\u00e8re. Bien s\u00fbr, c\u2019est si calme que seule une tortue pourrait bien le comprendre.<\/p>\n<p>Ses r\u00e9flexions semblent avoir \u00e9t\u00e9 film\u00e9es au ralenti, mais le paresseux s&rsquo;en moque.<\/p>\n<p>Elle est indolence, parcimonie, \u00e9ternit\u00e9. Ne joue pas la star d\u2019un film sur rapides et dangereux . Au contraire, il va dans la vie sans h\u00e2te et en plus avec pause, que ce soit pour manger, d\u00e9f\u00e9quer ou se reproduire.<\/p>\n<p>Il est adorable.<\/p>\n<\/div>\n<div class=\"col-md-6\">\n<p>Il y a quelque chose d\u2019un peu injuste \u00e0 d\u00e9finir les paresseux comme paresseux juste parce qu\u2019ils aiment se d\u00e9tendre. Mais leur rythme est si lent que seule une tortue peut les comprendre pleinement.<\/p>\n<p>\u00c7a ne d\u00e9range pas le moins du monde qu\u2019il bouge comme un film au ralenti. Le paresseux se moque bien de sa r\u00e9putation de flegmatique et de paresseux ; il n&rsquo;a pas du tout envie d&rsquo;\u00eatre la vedette d&rsquo;un film sur rapide et dangereux. Il pr\u00e9f\u00e8re de loin fl\u00e2ner dans la vie sans h\u00e2te, prenant tout le temps dans le monde pour vivre la vie au maximum.<\/p>\n<p>Quel bonheur !<\/p>\n<\/div>\n","protected":false},"featured_media":5882,"comment_status":"closed","ping_status":"closed","template":"","meta":[],"etheme_brands":[],"product_brand":[],"product_cat":[593],"product_tag":[594,595,603,602,597,604,599,598,600,601,596],"class_list":{"0":"post-7966","1":"product","2":"type-product","3":"status-publish","4":"has-post-thumbnail","6":"product_cat-medias-et-musique","7":"product_tag-apprentissage","8":"product_tag-contes","9":"product_tag-enfants","10":"product_tag-filles","11":"product_tag-histoires","12":"product_tag-infantile-fr","13":"product_tag-la-girafe-et-moi","14":"product_tag-langues","15":"product_tag-lecture","16":"product_tag-livres","17":"product_tag-scolaire","19":"first","20":"instock","21":"taxable","22":"shipping-taxable","23":"purchasable","24":"product-type-simple"},"exclude_global_add_ons":[],"addons":[],"_links":{"self":[{"href":"https:\/\/paradiseproductscr.com\/fr\/wp-json\/wp\/v2\/product\/7966","targetHints":{"allow":["GET"]}}],"collection":[{"href":"https:\/\/paradiseproductscr.com\/fr\/wp-json\/wp\/v2\/product"}],"about":[{"href":"https:\/\/paradiseproductscr.com\/fr\/wp-json\/wp\/v2\/types\/product"}],"replies":[{"embeddable":true,"href":"https:\/\/paradiseproductscr.com\/fr\/wp-json\/wp\/v2\/comments?post=7966"}],"version-history":[{"count":1,"href":"https:\/\/paradiseproductscr.com\/fr\/wp-json\/wp\/v2\/product\/7966\/revisions"}],"predecessor-version":[{"id":7967,"href":"https:\/\/paradiseproductscr.com\/fr\/wp-json\/wp\/v2\/product\/7966\/revisions\/7967"}],"wp:featuredmedia":[{"embeddable":true,"href":"https:\/\/paradiseproductscr.com\/fr\/wp-json\/wp\/v2\/media\/5882"}],"wp:attachment":[{"href":"https:\/\/paradiseproductscr.com\/fr\/wp-json\/wp\/v2\/media?parent=7966"}],"wp:term":[{"taxonomy":"brand","embeddable":true,"href":"https:\/\/paradiseproductscr.com\/fr\/wp-json\/wp\/v2\/etheme_brands?post=7966"},{"taxonomy":"product_brand","embeddable":true,"href":"https:\/\/paradiseproductscr.com\/fr\/wp-json\/wp\/v2\/product_brand?post=7966"},{"taxonomy":"product_cat","embeddable":true,"href":"https:\/\/paradiseproductscr.com\/fr\/wp-json\/wp\/v2\/product_cat?post=7966"},{"taxonomy":"product_tag","embeddable":true,"href":"https:\/\/paradiseproductscr.com\/fr\/wp-json\/wp\/v2\/product_tag?post=7966"}],"curies":[{"name":"wp","href":"https:\/\/api.w.org\/{rel}","templated":true}]}}