{"id":7968,"date":"2022-05-28T11:44:05","date_gmt":"2022-05-28T17:44:05","guid":{"rendered":"https:\/\/paradiseproductscr.com\/product\/titi-el-diminuto-titi-le-petit\/"},"modified":"2023-12-15T00:03:46","modified_gmt":"2023-12-14T18:03:46","slug":"titi-el-diminuto-titi-le-petit","status":"publish","type":"product","link":"https:\/\/paradiseproductscr.com\/fr\/produit\/titi-el-diminuto-titi-le-petit\/","title":{"rendered":"Tit\u00ed el diminuto \/ Tit\u00ed le petit"},"content":{"rendered":"<p><b>\u00c2ge:<\/b> 3 \u00e0 7 ans<\/p>\n<p><b>Pages:<\/b>16<\/p>\n<p><b>Finition:<\/b> chevalet rustique,<\/p>\n<p>papier couche 150g<\/p>\n<p><b>Auteur:<\/b> Anne Se\u00f1ol<\/p>\n<p><b>llustrateur: <\/b>Adi\u00e1n Gonz\u00e1lez<\/p>\n<p><strong>Bilingue<\/strong><\/p>\n<p>&nbsp;<\/p>\n<div class=\"row\">\n<div class=\"col-md-6\">\n<p>Quiconque s&rsquo;est promen\u00e9 dans le parc national de Manuel Antonio a forc\u00e9ment vu un sympathique troupeau de singes \u00e9cureuils.<\/p>\n<p>Avec sa longue queue sombre, sa peau rouge\u00e2tre et son visage noir et blanc, il s&rsquo;agit d&rsquo;une esp\u00e8ce end\u00e9mique que l&rsquo;on ne trouve nulle part ailleurs dans le monde.<\/p>\n<p>Il mange beaucoup, des fruits aux chauves-souris. Et il a son fan club : des oiseaux qui le suivent partout o\u00f9 il va.<\/p>\n<p>Comme beaucoup d\u2019autres esp\u00e8ces, elle est en danger d\u2019extinction. C\u2019est pour cela que Jirafa y Yo d\u00e9peignent de singes \u00e9cureuils dans ce petit mais touchant volume d\u2019Anne Se\u00f1ol et Adi\u00e1n Gonz\u00e1lez. (GBG)<\/p>\n<\/div>\n<div class=\"col-md-6\">\n<p>Presque toutes les personnes qui ont d\u00e9j\u00e0 fait une promenade dans le parc national Manuel Antonio ont rencontr\u00e9 une troupe amicale de singes \u00e9cureuils.<\/p>\n<p>Avec sa longue queue fonc\u00e9e, sa fourrure rouge\u00e2tre et ses visages noirs et blancs, cette esp\u00e8ce end\u00e9mique ne se trouve nulle part ailleurs sur Terre.<\/p>\n<p>Ils ont un grand app\u00e9tit, mangeant de tout, des fruits aux chauves-souris. Et ils ont m\u00eame leur propre fan club : des oiseaux qui les suivent partout o\u00f9 ils vont. Comme tant d\u2019autres esp\u00e8ces, celle-ci est en danger d\u2019extinction. Pour cette raison, La Jirafa y Yo est fier de pr\u00e9senter le petit titi dans ce charmant livret d\u2019Anne Se\u00f1ol et Adi\u00e1n Gonz\u00e1lez. (GBG)<\/p>\n<\/div>\n<\/div>\n","protected":false},"excerpt":{"rendered":"<div class=\"col-md-6\">\n<p>Quiconque s&rsquo;est promen\u00e9 dans le parc national de Manuel Antonio a forc\u00e9ment vu un sympathique troupeau de singes \u00e9cureuils.<\/p>\n<p>Avec sa longue queue sombre, sa peau rouge\u00e2tre et son visage noir et blanc, il s&rsquo;agit d&rsquo;une esp\u00e8ce end\u00e9mique que l&rsquo;on ne trouve nulle part ailleurs dans le monde.<\/p>\n<p>Il mange beaucoup, des fruits aux chauves-souris. Et il a son fan club : des oiseaux qui le suivent partout o\u00f9 il va.<\/p>\n<p>Comme beaucoup d\u2019autres esp\u00e8ces, elle est en danger d\u2019extinction. C\u2019est pour cela que Jirafa y Yo d\u00e9peignent de singes \u00e9cureuils dans ce petit mais touchant volume d\u2019Anne Se\u00f1ol et Adi\u00e1n Gonz\u00e1lez. (GBG)<\/p>\n<\/div>\n<div class=\"col-md-6\">\n<p>Presque toutes les personnes qui ont d\u00e9j\u00e0 fait une promenade dans le parc national Manuel Antonio ont rencontr\u00e9 une troupe amicale de singes \u00e9cureuils.<\/p>\n<p>Avec sa longue queue fonc\u00e9e, sa fourrure rouge\u00e2tre et ses visages noirs et blancs, cette esp\u00e8ce end\u00e9mique ne se trouve nulle part ailleurs sur Terre.<\/p>\n<p>Ils ont un grand app\u00e9tit, mangeant de tout, des fruits aux chauves-souris. Et ils ont m\u00eame leur propre fan club : des oiseaux qui les suivent partout o\u00f9 ils vont. Comme tant d\u2019autres esp\u00e8ces, celle-ci est en danger d\u2019extinction. Pour cette raison, La Jirafa y Yo est fier de pr\u00e9senter le petit titi dans ce charmant livret d\u2019Anne Se\u00f1ol et Adi\u00e1n Gonz\u00e1lez. (GBG)<\/p>\n<\/div>\n","protected":false},"featured_media":5884,"comment_status":"closed","ping_status":"closed","template":"","meta":[],"etheme_brands":[],"product_brand":[],"product_cat":[593],"product_tag":[594,595,603,602,597,604,599,598,600,601,596],"class_list":{"0":"post-7968","1":"product","2":"type-product","3":"status-publish","4":"has-post-thumbnail","6":"product_cat-medias-et-musique","7":"product_tag-apprentissage","8":"product_tag-contes","9":"product_tag-enfants","10":"product_tag-filles","11":"product_tag-histoires","12":"product_tag-infantile-fr","13":"product_tag-la-girafe-et-moi","14":"product_tag-langues","15":"product_tag-lecture","16":"product_tag-livres","17":"product_tag-scolaire","19":"first","20":"instock","21":"taxable","22":"shipping-taxable","23":"purchasable","24":"product-type-simple"},"exclude_global_add_ons":[],"addons":[],"_links":{"self":[{"href":"https:\/\/paradiseproductscr.com\/fr\/wp-json\/wp\/v2\/product\/7968","targetHints":{"allow":["GET"]}}],"collection":[{"href":"https:\/\/paradiseproductscr.com\/fr\/wp-json\/wp\/v2\/product"}],"about":[{"href":"https:\/\/paradiseproductscr.com\/fr\/wp-json\/wp\/v2\/types\/product"}],"replies":[{"embeddable":true,"href":"https:\/\/paradiseproductscr.com\/fr\/wp-json\/wp\/v2\/comments?post=7968"}],"version-history":[{"count":1,"href":"https:\/\/paradiseproductscr.com\/fr\/wp-json\/wp\/v2\/product\/7968\/revisions"}],"predecessor-version":[{"id":7969,"href":"https:\/\/paradiseproductscr.com\/fr\/wp-json\/wp\/v2\/product\/7968\/revisions\/7969"}],"wp:featuredmedia":[{"embeddable":true,"href":"https:\/\/paradiseproductscr.com\/fr\/wp-json\/wp\/v2\/media\/5884"}],"wp:attachment":[{"href":"https:\/\/paradiseproductscr.com\/fr\/wp-json\/wp\/v2\/media?parent=7968"}],"wp:term":[{"taxonomy":"brand","embeddable":true,"href":"https:\/\/paradiseproductscr.com\/fr\/wp-json\/wp\/v2\/etheme_brands?post=7968"},{"taxonomy":"product_brand","embeddable":true,"href":"https:\/\/paradiseproductscr.com\/fr\/wp-json\/wp\/v2\/product_brand?post=7968"},{"taxonomy":"product_cat","embeddable":true,"href":"https:\/\/paradiseproductscr.com\/fr\/wp-json\/wp\/v2\/product_cat?post=7968"},{"taxonomy":"product_tag","embeddable":true,"href":"https:\/\/paradiseproductscr.com\/fr\/wp-json\/wp\/v2\/product_tag?post=7968"}],"curies":[{"name":"wp","href":"https:\/\/api.w.org\/{rel}","templated":true}]}}