{"id":7970,"date":"2022-05-28T17:44:05","date_gmt":"2022-05-28T23:44:05","guid":{"rendered":"https:\/\/paradiseproductscr.com\/product\/un-tucan-llamado-tigre-un-toucan-appele-tigre\/"},"modified":"2022-05-28T17:44:05","modified_gmt":"2022-05-28T11:44:05","slug":"un-tucan-llamado-tigre-un-toucan-appele-tigre","status":"publish","type":"product","link":"https:\/\/paradiseproductscr.com\/fr\/produit\/un-tucan-llamado-tigre-un-toucan-appele-tigre\/","title":{"rendered":"Un tuc\u00e1n llamado tigre \/ Un toucan appel\u00e9 tigre"},"content":{"rendered":"<p><b>\u00c2ge:<\/b> 3 \u00e0 7 ans<\/p>\n<p><b>Pages:<\/b>16<\/p>\n<p><b>Finition:<\/b> chevalet rustique,<\/p>\n<p>papier couche 150g<\/p>\n<p><b>Auteur:<\/b> Anne Se\u00f1ol<\/p>\n<p><b>llustrateur: <\/b>Adi\u00e1n Gonz\u00e1lez<\/p>\n<p><strong>Bilingue<\/strong><\/p>\n<p>&nbsp;<\/p>\n<div class=\"row\">\n<div class=\"col-md-6\">\n<p>Le toucan est un oiseau rare, agit\u00e9 et populaire.<\/p>\n<p>Esp\u00e8ce de Pinocchio du r\u00e8gne animal, elle arbore un bec de couleurs vives presque de la taille de son corps.<\/p>\n<p>Dans certaines parties, il est appel\u00e9 diosted\u00e9, parce qu\u2019il semble dire quand il chante.<\/p>\n<p>Au Costa Rica, il existe au moins un syst\u00e8me de paiement, une agence de voyage et un h\u00f4tel qui portent le nom de Tucan.<\/p>\n<p>Il figure \u00e9galement sur les billets de cinq mille colones, connus sous le nom de toucans.<\/p>\n<p>On esp\u00e8re que Diosted\u00e9 te donnera beaucoup de toucans\u2026<\/p>\n<\/div>\n<div class=\"col-md-6\">\n<p>Oiseau agit\u00e9 et populaire, le toucan est en effet une curiosit\u00e9.<\/p>\n<p>Pinocchio du royaume aviaire, il arbore un bec flamboyant presque aussi gros que son corps.<\/p>\n<p>Dans certaines parties du monde, le toucan est connu comme l\u2019oiseau \u00ab Fruit Loops \u00bb en raison de son association avec la c\u00e9r\u00e9ale color\u00e9e.<\/p>\n<p>Au Costa Rica, \u00ab Toucan \u00bb est le nom d\u2019au moins une agence de voyages, d\u2019un h\u00f4tel et d\u2019un syst\u00e8me de paiement. Cette cr\u00e9ature \u00e0 plumes figure \u00e9galement en bonne place sur le bill 5000 colon du Costa Rica, qui est \u00e9galement connu sous le nom de \u00ab\u00a0Toucan\u00a0\u00bb.<\/p>\n<p>Mais quel que soit le pays, le comportement charmant du toucan enthousiasme les enfants de tous \u00e2ges.<\/p>\n<\/div>\n<\/div>\n","protected":false},"excerpt":{"rendered":"<div class=\"col-md-6\">\n<p>Le toucan est un oiseau rare, agit\u00e9 et populaire.<\/p>\n<p>Esp\u00e8ce de Pinocchio du r\u00e8gne animal, elle arbore un bec de couleurs vives presque de la taille de son corps.<\/p>\n<p>Dans certaines parties, il est appel\u00e9 diosted\u00e9, parce qu\u2019il semble dire quand il chante.<\/p>\n<p>Au Costa Rica, il existe au moins un syst\u00e8me de paiement, une agence de voyage et un h\u00f4tel qui portent le nom de Tucan.<\/p>\n<p>Il figure \u00e9galement sur les billets de cinq mille colones, connus sous le nom de toucans.<\/p>\n<p>On esp\u00e8re que Diosted\u00e9 te donnera beaucoup de toucans\u2026<\/p>\n<\/div>\n<div class=\"col-md-6\">\n<p>Oiseau agit\u00e9 et populaire, le toucan est en effet une curiosit\u00e9.<\/p>\n<p>Pinocchio du royaume aviaire, il arbore un bec flamboyant presque aussi gros que son corps.<\/p>\n<p>Dans certaines parties du monde, le toucan est connu comme l\u2019oiseau \u00ab Fruit Loops \u00bb en raison de son association avec la c\u00e9r\u00e9ale color\u00e9e.<\/p>\n<p>Au Costa Rica, \u00ab Toucan \u00bb est le nom d\u2019au moins une agence de voyages, d\u2019un h\u00f4tel et d\u2019un syst\u00e8me de paiement. Cette cr\u00e9ature \u00e0 plumes figure \u00e9galement en bonne place sur le bill 5000 colon du Costa Rica, qui est \u00e9galement connu sous le nom de \u00ab\u00a0Toucan\u00a0\u00bb.<\/p>\n<p>Mais quel que soit le pays, le comportement charmant du toucan enthousiasme les enfants de tous \u00e2ges.<\/p>\n<\/div>\n","protected":false},"featured_media":5886,"comment_status":"closed","ping_status":"closed","template":"","meta":[],"etheme_brands":[],"product_brand":[],"product_cat":[593],"product_tag":[594,595,603,602,597,604,599,598,600,601,596],"class_list":{"0":"post-7970","1":"product","2":"type-product","3":"status-publish","4":"has-post-thumbnail","6":"product_cat-medias-et-musique","7":"product_tag-apprentissage","8":"product_tag-contes","9":"product_tag-enfants","10":"product_tag-filles","11":"product_tag-histoires","12":"product_tag-infantile-fr","13":"product_tag-la-girafe-et-moi","14":"product_tag-langues","15":"product_tag-lecture","16":"product_tag-livres","17":"product_tag-scolaire","19":"first","20":"instock","21":"taxable","22":"shipping-taxable","23":"purchasable","24":"product-type-simple"},"exclude_global_add_ons":[],"addons":[],"_links":{"self":[{"href":"https:\/\/paradiseproductscr.com\/fr\/wp-json\/wp\/v2\/product\/7970","targetHints":{"allow":["GET"]}}],"collection":[{"href":"https:\/\/paradiseproductscr.com\/fr\/wp-json\/wp\/v2\/product"}],"about":[{"href":"https:\/\/paradiseproductscr.com\/fr\/wp-json\/wp\/v2\/types\/product"}],"replies":[{"embeddable":true,"href":"https:\/\/paradiseproductscr.com\/fr\/wp-json\/wp\/v2\/comments?post=7970"}],"version-history":[{"count":0,"href":"https:\/\/paradiseproductscr.com\/fr\/wp-json\/wp\/v2\/product\/7970\/revisions"}],"wp:featuredmedia":[{"embeddable":true,"href":"https:\/\/paradiseproductscr.com\/fr\/wp-json\/wp\/v2\/media\/5886"}],"wp:attachment":[{"href":"https:\/\/paradiseproductscr.com\/fr\/wp-json\/wp\/v2\/media?parent=7970"}],"wp:term":[{"taxonomy":"brand","embeddable":true,"href":"https:\/\/paradiseproductscr.com\/fr\/wp-json\/wp\/v2\/etheme_brands?post=7970"},{"taxonomy":"product_brand","embeddable":true,"href":"https:\/\/paradiseproductscr.com\/fr\/wp-json\/wp\/v2\/product_brand?post=7970"},{"taxonomy":"product_cat","embeddable":true,"href":"https:\/\/paradiseproductscr.com\/fr\/wp-json\/wp\/v2\/product_cat?post=7970"},{"taxonomy":"product_tag","embeddable":true,"href":"https:\/\/paradiseproductscr.com\/fr\/wp-json\/wp\/v2\/product_tag?post=7970"}],"curies":[{"name":"wp","href":"https:\/\/api.w.org\/{rel}","templated":true}]}}