{"id":7971,"date":"2022-05-28T17:44:05","date_gmt":"2022-05-28T23:44:05","guid":{"rendered":"https:\/\/paradiseproductscr.com\/product\/la-tortuga-serpentina-la-tortue-serpentine\/"},"modified":"2022-05-28T17:44:05","modified_gmt":"2022-05-28T11:44:05","slug":"la-tortuga-serpentina-la-tortue-serpentine","status":"publish","type":"product","link":"https:\/\/paradiseproductscr.com\/fr\/produit\/la-tortuga-serpentina-la-tortue-serpentine\/","title":{"rendered":"La tortuga serpentina \/ La tortue serpentine"},"content":{"rendered":"<p><b>\u00c2ge:<\/b> 3 \u00e0 7 ans<\/p>\n<p><b>\u00c2ge:<\/b> 3 \u00e0 7 ans<\/p>\n<p><b>Pages:<\/b>16<\/p>\n<p><b>Finition:<\/b> chevalet rustique,<\/p>\n<p>papier couche 150g<\/p>\n<p><b>Auteur:<\/b> Anne Se\u00f1ol<\/p>\n<p><b>llustrateur: <\/b>Adi\u00e1n Gonz\u00e1lez<\/p>\n<p><strong>Bilingue<\/strong><\/p>\n<div class=\"col-md-6\">\n<p>En marchant dans les vall\u00e9es et les volcans du Costa Rica, Mme Se\u00f1ol s\u2019est retrouv\u00e9e face \u00e0 une tortue de mauvais caract\u00e8re qui a failli la mordre.<\/p>\n<p>La r\u00e9action de la cr\u00e9atrice de nos Zoorprendentes a \u00e9t\u00e9 de sortir du papier et du crayon et de lui faire une interview.<\/p>\n<p>Puis, malgr\u00e9 son temp\u00e9rament agressif, la tortue posa fi\u00e8rement pour l\u2019illustrateur Adi\u00e1n Gonz\u00e1lez.<\/p>\n<\/div>\n<div class=\"col-md-6\">\n<p>Un beau jour, alors qu\u2019elle serpentait \u00e0 travers les vall\u00e9es et les volcans du Costa Rica, Anne Se\u00f1ol est tomb\u00e9e sur une tortue serpentine col\u00e9rique qui a presque dissip\u00e9 sa col\u00e8re.<\/p>\n<p>La r\u00e9action de notre aimable auteur a \u00e9t\u00e9 de prendre imm\u00e9diatement le crayon et le papier (elle n\u2019est jamais sans l\u2019un ou l\u2019autre) et d\u2019interviewer la cr\u00e9ature.<\/p>\n<p>Malgr\u00e9 son caract\u00e8re combatif, le vivaneau (\u00e9galement connu sous le nom de tortue serpentine) a accept\u00e9 de poser \u2013 plut\u00f4t fi\u00e8rement \u2013 pour le carnet de croquis de l\u2019illustrateur Adi\u00e1n Gonzalez.<\/p>\n<\/div>\n<p>&nbsp;<\/p>\n","protected":false},"excerpt":{"rendered":"<div class=\"col-md-6\">\n<p>En marchant dans les vall\u00e9es et les volcans du Costa Rica, Mme Se\u00f1ol s\u2019est retrouv\u00e9e face \u00e0 une tortue de mauvais caract\u00e8re qui a failli la mordre.<\/p>\n<p>La r\u00e9action de la cr\u00e9atrice de nos Zoorprendentes a \u00e9t\u00e9 de sortir du papier et du crayon et de lui faire une interview.<\/p>\n<p>Puis, malgr\u00e9 son temp\u00e9rament agressif, la tortue posa fi\u00e8rement pour l\u2019illustrateur Adi\u00e1n Gonz\u00e1lez.<\/p>\n<\/div>\n<div class=\"col-md-6\">\n<p>Un beau jour, alors qu\u2019elle serpentait \u00e0 travers les vall\u00e9es et les volcans du Costa Rica, Anne Se\u00f1ol est tomb\u00e9e sur une tortue serpentine col\u00e9rique qui a presque dissip\u00e9 sa col\u00e8re.<\/p>\n<p>La r\u00e9action de notre aimable auteur a \u00e9t\u00e9 de prendre imm\u00e9diatement le crayon et le papier (elle n\u2019est jamais sans l\u2019un ou l\u2019autre) et d\u2019interviewer la cr\u00e9ature.<\/p>\n<p>Malgr\u00e9 son caract\u00e8re combatif, le vivaneau (\u00e9galement connu sous le nom de tortue serpentine) a accept\u00e9 de poser \u2013 plut\u00f4t fi\u00e8rement \u2013 pour le carnet de croquis de l\u2019illustrateur Adi\u00e1n Gonzalez.<\/p>\n<\/div>\n<p>&nbsp;<\/p>\n","protected":false},"featured_media":5888,"comment_status":"closed","ping_status":"closed","template":"","meta":[],"etheme_brands":[],"product_brand":[],"product_cat":[593],"product_tag":[594,595,603,602,597,604,599,598,600,601,596],"class_list":{"0":"post-7971","1":"product","2":"type-product","3":"status-publish","4":"has-post-thumbnail","6":"product_cat-medias-et-musique","7":"product_tag-apprentissage","8":"product_tag-contes","9":"product_tag-enfants","10":"product_tag-filles","11":"product_tag-histoires","12":"product_tag-infantile-fr","13":"product_tag-la-girafe-et-moi","14":"product_tag-langues","15":"product_tag-lecture","16":"product_tag-livres","17":"product_tag-scolaire","19":"first","20":"instock","21":"taxable","22":"shipping-taxable","23":"purchasable","24":"product-type-simple"},"exclude_global_add_ons":[],"addons":[],"_links":{"self":[{"href":"https:\/\/paradiseproductscr.com\/fr\/wp-json\/wp\/v2\/product\/7971","targetHints":{"allow":["GET"]}}],"collection":[{"href":"https:\/\/paradiseproductscr.com\/fr\/wp-json\/wp\/v2\/product"}],"about":[{"href":"https:\/\/paradiseproductscr.com\/fr\/wp-json\/wp\/v2\/types\/product"}],"replies":[{"embeddable":true,"href":"https:\/\/paradiseproductscr.com\/fr\/wp-json\/wp\/v2\/comments?post=7971"}],"version-history":[{"count":0,"href":"https:\/\/paradiseproductscr.com\/fr\/wp-json\/wp\/v2\/product\/7971\/revisions"}],"wp:featuredmedia":[{"embeddable":true,"href":"https:\/\/paradiseproductscr.com\/fr\/wp-json\/wp\/v2\/media\/5888"}],"wp:attachment":[{"href":"https:\/\/paradiseproductscr.com\/fr\/wp-json\/wp\/v2\/media?parent=7971"}],"wp:term":[{"taxonomy":"brand","embeddable":true,"href":"https:\/\/paradiseproductscr.com\/fr\/wp-json\/wp\/v2\/etheme_brands?post=7971"},{"taxonomy":"product_brand","embeddable":true,"href":"https:\/\/paradiseproductscr.com\/fr\/wp-json\/wp\/v2\/product_brand?post=7971"},{"taxonomy":"product_cat","embeddable":true,"href":"https:\/\/paradiseproductscr.com\/fr\/wp-json\/wp\/v2\/product_cat?post=7971"},{"taxonomy":"product_tag","embeddable":true,"href":"https:\/\/paradiseproductscr.com\/fr\/wp-json\/wp\/v2\/product_tag?post=7971"}],"curies":[{"name":"wp","href":"https:\/\/api.w.org\/{rel}","templated":true}]}}