{"id":7972,"date":"2022-05-28T11:43:44","date_gmt":"2022-05-28T17:43:44","guid":{"rendered":"https:\/\/paradiseproductscr.com\/product\/dona-lapa-madame-lapa\/"},"modified":"2022-05-28T17:43:44","modified_gmt":"2022-05-28T11:43:44","slug":"dona-lapa-madame-lapa","status":"publish","type":"product","link":"https:\/\/paradiseproductscr.com\/fr\/produit\/dona-lapa-madame-lapa\/","title":{"rendered":"Do\u00f1a Lapa\/Madame Lapa"},"content":{"rendered":"<p><b>\u00c2ge:<\/b> 3 \u00e0 7 ans<\/p>\n<p><b>Pages:<\/b>16<\/p>\n<p><b>Finition:<\/b> chevalet rustique,<\/p>\n<p>papier couche 150g<\/p>\n<p><b>Auteur:<\/b> Anne Se\u00f1ol<\/p>\n<p><b>llustrateur: <\/b>Adi\u00e1n Gonz\u00e1lez<\/p>\n<p><strong>Bilingue<\/strong><\/p>\n<div class=\"row\">\n<p>&nbsp;<\/p>\n<div class=\"row\">\n<div class=\"col-md-6\">\n<p>Quand un troupeau de lapas s\u2019envole dans le ciel avec un vacarme assourdissant de bruits et de couleurs, personne ne reste indiff\u00e9rent. Majestueuses, ses bavardages incessants n\u2019ont pas trouv\u00e9 de traducteur. La lapa est \u00e9galement l\u2019un des oiseaux les plus gr\u00e9gaires et les plus durables.<\/p>\n<p>Admir\u00e9e et envi\u00e9e par les Mayas, son plumage bigarr\u00e9 a donn\u00e9 naissance \u00e0 un art ancestral. Avec son esprit de synth\u00e8se \u00e9prouv\u00e9, le couple Anne Se\u00f1ol et<\/p>\n<p>Adi\u00e1n Gonz\u00e1lez a captur\u00e9 la splendeur de la lapa rouge pour la collection<\/p>\n<p>Zoorprendentes de la maison d\u2019\u00e9dition La Jirafa y Yo.<\/p>\n<\/div>\n<div class=\"col-md-6\">\n<p>Quand un pand\u00e9monium d\u2019aras \u00e9carlates appara\u00eet \u00e0 l\u2019horizon dans un vacarme assourdissant de couleur et de bruit, il est impossible de rester indiff\u00e9rent. Majestueux mais aux l\u00e8vres pendantes, leur bavardage incessant est le pire cauchemar d\u2019un traducteur.<\/p>\n<p>Ces perroquets tr\u00e8s sociaux aiment la compagnie! Heureusement pour eux, ils sont parmi les oiseaux les plus \u00e2g\u00e9s. Honor\u00e9es et admir\u00e9es par la civilisation maya, les plumes aux couleurs \u00e9clatantes des aras ont donn\u00e9 naissance \u00e0 un art ancestral.<\/p>\n<p>forme. Avec leur concision et leur clart\u00e9 habituelles, Anne Se\u00f1ol et Adi\u00e1n Gonz\u00e1lez ont encore une fois captur\u00e9 la splendeur de l\u2019ara \u00e9carlate dans ce dernier Zoorprises de La Jirafa y Yo.<\/p>\n<\/div>\n<\/div>\n<\/div>\n","protected":false},"excerpt":{"rendered":"<p>&nbsp;<\/p>\n<div class=\"col-md-6\">\n<p>Quand un troupeau de lapas s\u2019envole dans le ciel avec un vacarme assourdissant de bruits et de couleurs, personne ne reste indiff\u00e9rent. Majestueuses, ses bavardages incessants n\u2019ont pas trouv\u00e9 de traducteur. La lapa est \u00e9galement l\u2019un des oiseaux les plus gr\u00e9gaires et les plus durables.<\/p>\n<p>Admir\u00e9e et envi\u00e9e par les Mayas, son plumage bigarr\u00e9 a donn\u00e9 naissance \u00e0 un art ancestral. Avec son esprit de synth\u00e8se \u00e9prouv\u00e9, le couple Anne Se\u00f1ol et<\/p>\n<p>Adi\u00e1n Gonz\u00e1lez a captur\u00e9 la splendeur de la lapa rouge pour la collection<\/p>\n<p>Zoorprendentes de la maison d\u2019\u00e9dition La Jirafa y Yo.<\/p>\n<\/div>\n<div class=\"col-md-6\">\n<p>Quand un pand\u00e9monium d\u2019aras \u00e9carlates appara\u00eet \u00e0 l\u2019horizon dans un vacarme assourdissant de couleur et de bruit, il est impossible de rester indiff\u00e9rent. Majestueux mais aux l\u00e8vres pendantes, leur bavardage incessant est le pire cauchemar d\u2019un traducteur.<\/p>\n<p>Ces perroquets tr\u00e8s sociaux aiment la compagnie! Heureusement pour eux, ils sont parmi les oiseaux les plus \u00e2g\u00e9s. Honor\u00e9es et admir\u00e9es par la civilisation maya, les plumes aux couleurs \u00e9clatantes des aras ont donn\u00e9 naissance \u00e0 un art ancestral.<\/p>\n<p>forme. Avec leur concision et leur clart\u00e9 habituelles, Anne Se\u00f1ol et Adi\u00e1n Gonz\u00e1lez ont encore une fois captur\u00e9 la splendeur de l\u2019ara \u00e9carlate dans ce dernier Zoorprises de La Jirafa y Yo.<\/p>\n<\/div>\n<p>&nbsp;<\/p>\n","protected":false},"featured_media":5862,"comment_status":"closed","ping_status":"closed","template":"","meta":[],"etheme_brands":[],"product_brand":[],"product_cat":[593],"product_tag":[594,595,603,602,597,604,599,598,600,601,596],"class_list":{"0":"post-7972","1":"product","2":"type-product","3":"status-publish","4":"has-post-thumbnail","6":"product_cat-medias-et-musique","7":"product_tag-apprentissage","8":"product_tag-contes","9":"product_tag-enfants","10":"product_tag-filles","11":"product_tag-histoires","12":"product_tag-infantile-fr","13":"product_tag-la-girafe-et-moi","14":"product_tag-langues","15":"product_tag-lecture","16":"product_tag-livres","17":"product_tag-scolaire","19":"first","20":"instock","21":"taxable","22":"shipping-taxable","23":"purchasable","24":"product-type-simple"},"exclude_global_add_ons":[],"addons":[],"_links":{"self":[{"href":"https:\/\/paradiseproductscr.com\/fr\/wp-json\/wp\/v2\/product\/7972","targetHints":{"allow":["GET"]}}],"collection":[{"href":"https:\/\/paradiseproductscr.com\/fr\/wp-json\/wp\/v2\/product"}],"about":[{"href":"https:\/\/paradiseproductscr.com\/fr\/wp-json\/wp\/v2\/types\/product"}],"replies":[{"embeddable":true,"href":"https:\/\/paradiseproductscr.com\/fr\/wp-json\/wp\/v2\/comments?post=7972"}],"version-history":[{"count":0,"href":"https:\/\/paradiseproductscr.com\/fr\/wp-json\/wp\/v2\/product\/7972\/revisions"}],"wp:featuredmedia":[{"embeddable":true,"href":"https:\/\/paradiseproductscr.com\/fr\/wp-json\/wp\/v2\/media\/5862"}],"wp:attachment":[{"href":"https:\/\/paradiseproductscr.com\/fr\/wp-json\/wp\/v2\/media?parent=7972"}],"wp:term":[{"taxonomy":"brand","embeddable":true,"href":"https:\/\/paradiseproductscr.com\/fr\/wp-json\/wp\/v2\/etheme_brands?post=7972"},{"taxonomy":"product_brand","embeddable":true,"href":"https:\/\/paradiseproductscr.com\/fr\/wp-json\/wp\/v2\/product_brand?post=7972"},{"taxonomy":"product_cat","embeddable":true,"href":"https:\/\/paradiseproductscr.com\/fr\/wp-json\/wp\/v2\/product_cat?post=7972"},{"taxonomy":"product_tag","embeddable":true,"href":"https:\/\/paradiseproductscr.com\/fr\/wp-json\/wp\/v2\/product_tag?post=7972"}],"curies":[{"name":"wp","href":"https:\/\/api.w.org\/{rel}","templated":true}]}}