{"id":7973,"date":"2022-05-28T11:43:44","date_gmt":"2022-05-28T17:43:44","guid":{"rendered":"https:\/\/paradiseproductscr.com\/product\/el-alacran-le-scorpion\/"},"modified":"2022-05-28T17:43:44","modified_gmt":"2022-05-28T11:43:44","slug":"el-alacran-le-scorpion","status":"publish","type":"product","link":"https:\/\/paradiseproductscr.com\/fr\/produit\/el-alacran-le-scorpion\/","title":{"rendered":"El alacr\u00e1n \/ Le scorpion"},"content":{"rendered":"<p><b>\u00c2ge:<\/b> 3 \u00e0 7 ans<\/p>\n<p><b>Pages:<\/b>16<\/p>\n<p><b>Finition:<\/b> chevalet rustique,<\/p>\n<p>papier couche 150g<\/p>\n<p><b>Auteur:<\/b> Anne Se\u00f1ol<\/p>\n<p><b>llustrateur: <\/b>Adi\u00e1n Gonz\u00e1lez<\/p>\n<p><strong>Bilingue<\/strong><\/p>\n<div class=\"row\">\n<div class=\"col-md-6\">\n<p>Le scorpion est un animal rare, avec plus des yeux qu\u2019un ananas mal pel\u00e9 mais \u00e0 moiti\u00e9 aveugle, enclin \u00e0 l\u2019empoisonnement et \u00e0 la bouillie. En d\u2019autres termes, petit mais voyou pour d\u00e9vorer les autres, mais s\u2019il en a envie, il arr\u00eate de manger pendant des mois.<\/p>\n<p>Si le scorpion avait un autre nom, il serait Matusal\u00e9n.<\/p>\n<p>Le fait de vivre des millions d\u2019ann\u00e9es sur la surface de la terre sans beaucoup changer soutient cette proposition na\u00efve.<\/p>\n<p>C\u2019est un Zoorprendente \u00e9tonnant, ce scorpion.<\/p>\n<\/div>\n<div class=\"col-md-6\">\n<p>Le scorpion est une cr\u00e9ature \u00e9trange : malgr\u00e9 ses multiples paires d\u2019yeux, il ne peut pas voir qui vaut la peine d\u2019\u00eatre vu, et son venin bourr\u00e9 de punch fait bouillir des victimes sans m\u00e9fiance au pied d\u2019un chapeau. En d\u2019autres termes, il est une force \u00e0 prendre en compte quelle que soit sa taille.<\/p>\n<p>Saviez-vous qu\u2019il peut aussi passer des mois sans manger s\u2019il le souhaite ? \u201cMethuselah\u201d est un surnom qui lui convient bien. Des millions d\u2019ann\u00e9es se sont \u00e9coul\u00e9es depuis qu\u2019il a commenc\u00e9 \u00e0 ramper sur la surface de la Terre, et il a \u00e0 peine chang\u00e9 depuis tout ce temps.<\/p>\n<p>Un homme tr\u00e8s inhabituel en effet, notre petit scorpion!<\/p>\n<\/div>\n<\/div>\n","protected":false},"excerpt":{"rendered":"<p>&nbsp;<\/p>\n<div class=\"col-md-6\">\n<p>Le scorpion est un animal rare, avec plus des yeux qu\u2019un ananas mal pel\u00e9 mais \u00e0 moiti\u00e9 aveugle, enclin \u00e0 l\u2019empoisonnement et \u00e0 la bouillie. En d\u2019autres termes, petit mais voyou pour d\u00e9vorer les autres, mais s\u2019il en a envie, il arr\u00eate de manger pendant des mois.<\/p>\n<p>Si le scorpion avait un autre nom, il serait Matusal\u00e9n.<\/p>\n<p>Le fait de vivre des millions d\u2019ann\u00e9es sur la surface de la terre sans beaucoup changer soutient cette proposition na\u00efve.<\/p>\n<p>C\u2019est un Zoorprendente \u00e9tonnant, ce scorpion.<\/p>\n<\/div>\n<div class=\"col-md-6\">\n<p>Le scorpion est une cr\u00e9ature \u00e9trange : malgr\u00e9 ses multiples paires d\u2019yeux, il ne peut pas voir qui vaut la peine d\u2019\u00eatre vu, et son venin bourr\u00e9 de punch fait bouillir des victimes sans m\u00e9fiance au pied d\u2019un chapeau. En d\u2019autres termes, il est une force \u00e0 prendre en compte quelle que soit sa taille.<\/p>\n<p>Saviez-vous qu\u2019il peut aussi passer des mois sans manger s\u2019il le souhaite ? \u201cMethuselah\u201d est un surnom qui lui convient bien. Des millions d\u2019ann\u00e9es se sont \u00e9coul\u00e9es depuis qu\u2019il a commenc\u00e9 \u00e0 ramper sur la surface de la Terre, et il a \u00e0 peine chang\u00e9 depuis tout ce temps.<\/p>\n<p>Un homme tr\u00e8s inhabituel en effet, notre petit scorpion!<\/p>\n<\/div>\n<p>&nbsp;<\/p>\n<p>&nbsp;<\/p>\n","protected":false},"featured_media":5864,"comment_status":"closed","ping_status":"closed","template":"","meta":[],"etheme_brands":[],"product_brand":[],"product_cat":[593],"product_tag":[594,595,603,602,597,604,599,598,600,601,596],"class_list":{"0":"post-7973","1":"product","2":"type-product","3":"status-publish","4":"has-post-thumbnail","6":"product_cat-medias-et-musique","7":"product_tag-apprentissage","8":"product_tag-contes","9":"product_tag-enfants","10":"product_tag-filles","11":"product_tag-histoires","12":"product_tag-infantile-fr","13":"product_tag-la-girafe-et-moi","14":"product_tag-langues","15":"product_tag-lecture","16":"product_tag-livres","17":"product_tag-scolaire","19":"first","20":"instock","21":"taxable","22":"shipping-taxable","23":"purchasable","24":"product-type-simple"},"exclude_global_add_ons":[],"addons":[],"_links":{"self":[{"href":"https:\/\/paradiseproductscr.com\/fr\/wp-json\/wp\/v2\/product\/7973","targetHints":{"allow":["GET"]}}],"collection":[{"href":"https:\/\/paradiseproductscr.com\/fr\/wp-json\/wp\/v2\/product"}],"about":[{"href":"https:\/\/paradiseproductscr.com\/fr\/wp-json\/wp\/v2\/types\/product"}],"replies":[{"embeddable":true,"href":"https:\/\/paradiseproductscr.com\/fr\/wp-json\/wp\/v2\/comments?post=7973"}],"version-history":[{"count":0,"href":"https:\/\/paradiseproductscr.com\/fr\/wp-json\/wp\/v2\/product\/7973\/revisions"}],"wp:featuredmedia":[{"embeddable":true,"href":"https:\/\/paradiseproductscr.com\/fr\/wp-json\/wp\/v2\/media\/5864"}],"wp:attachment":[{"href":"https:\/\/paradiseproductscr.com\/fr\/wp-json\/wp\/v2\/media?parent=7973"}],"wp:term":[{"taxonomy":"brand","embeddable":true,"href":"https:\/\/paradiseproductscr.com\/fr\/wp-json\/wp\/v2\/etheme_brands?post=7973"},{"taxonomy":"product_brand","embeddable":true,"href":"https:\/\/paradiseproductscr.com\/fr\/wp-json\/wp\/v2\/product_brand?post=7973"},{"taxonomy":"product_cat","embeddable":true,"href":"https:\/\/paradiseproductscr.com\/fr\/wp-json\/wp\/v2\/product_cat?post=7973"},{"taxonomy":"product_tag","embeddable":true,"href":"https:\/\/paradiseproductscr.com\/fr\/wp-json\/wp\/v2\/product_tag?post=7973"}],"curies":[{"name":"wp","href":"https:\/\/api.w.org\/{rel}","templated":true}]}}