{"id":7975,"date":"2022-05-28T11:43:44","date_gmt":"2022-05-28T17:43:44","guid":{"rendered":"https:\/\/paradiseproductscr.com\/product\/don-cocodrilo-monsieur-crocodile\/"},"modified":"2022-05-28T17:43:44","modified_gmt":"2022-05-28T11:43:44","slug":"don-cocodrilo-monsieur-crocodile","status":"publish","type":"product","link":"https:\/\/paradiseproductscr.com\/fr\/produit\/don-cocodrilo-monsieur-crocodile\/","title":{"rendered":"Don Cocodrilo \/ Monsieur crocodile"},"content":{"rendered":"<div class=\"row\">\n<div class=\"col-md-6\">\n<p><b>\u00c2ge:<\/b> 3 \u00e0 7 ans<\/p>\n<p><b>Pages:<\/b>16<\/p>\n<p><b>Finition:<\/b> chevalet rustique,<\/p>\n<p>papier couche 150g<\/p>\n<p><b>Auteur:<\/b> Anne Se\u00f1ol<\/p>\n<p><b>llustrateur: <\/b>Adi\u00e1n Gonz\u00e1lez<\/p>\n<p><strong>Bilingue<\/strong><\/p>\n<div class=\"row\">\n<div class=\"col-md-6\">\n<p>En fait, le crocodile est aussi beau qu\u2019on le dit.<\/p>\n<p>D\u00e9tenteur d\u2019une force \u00e9norme, de dents redoutables et d\u2019une mauvaise humeur d\u2019anthologie, le crocodile fait peur en le voyant bailler.<\/p>\n<p>Ils disent une l\u00e9gende qui pleure parfois, mais qui est un faux cri pour attirer les gens.<\/p>\n<p>D\u2019o\u00f9 l\u2019expression larmes de crocodile.<\/p>\n<p>Une autre histoire dit qu\u2019il pleure, mais de bonheur, quand il d\u00e9vore ses victimes.<\/p>\n<p>Les fans de la collection Zoorprendentes de la maison d\u2019\u00e9dition La Jirafa y Yo ont maintenant la possibilit\u00e9 d\u2019avoir un crocodile color\u00e9 en papier, qui se laissera d\u00e9vorer encore et encore par nos chers lecteurs.<\/p>\n<\/div>\n<div class=\"col-md-6\">\n<p>\u00c0 vrai dire, le crocodile est aussi f\u00e9roce qu\u2019il en a l\u2019air.<\/p>\n<p>Dot\u00e9 d\u2019une force stup\u00e9fiante, de dents terrifiantes et d\u2019un mauvais caract\u00e8re notoire, le crocodile vous fera frissonner dans vos bottes m\u00eame lorsqu\u2019il baille.<\/p>\n<p>Ses larmes de crocodile sont aussi fausses que l\u00e9gendaires, un stratag\u00e8me destin\u00e9 \u00e0 attirer les humains.<\/p>\n<p>Mais notre croc aussi pleure de joie, celles qu\u2019il d\u00e9verse par pur plaisir alors qu\u2019il se r\u00e9gale de sa proie.<\/p>\n<p>Maintenant, les lecteurs de la collection Zoorprendentes ont la chance de rencontrer notre crocodile de papier color\u00e9 qui se laissera d\u00e9vorer encore et encore par des fans adorateurs.<\/p>\n<\/div>\n<\/div>\n<\/div>\n<\/div>\n<p>&nbsp;<\/p>\n","protected":false},"excerpt":{"rendered":"<p>&nbsp;<\/p>\n<div class=\"col-md-6\">\n<p>En fait, le crocodile est aussi beau qu\u2019on le dit.<\/p>\n<p>D\u00e9tenteur d\u2019une force \u00e9norme, de dents redoutables et d\u2019une mauvaise humeur d\u2019anthologie, le crocodile fait peur en le voyant bailler.<\/p>\n<p>Ils disent une l\u00e9gende qui pleure parfois, mais qui est un faux cri pour attirer les gens.<\/p>\n<p>Pour cela l\u2019expression larmes de crocodile.<\/p>\n<p>Une autre histoire dit qu\u2019il pleure, mais de bonheur, quand il d\u00e9vore ses victimes.<\/p>\n<p>Les fans de la collection Zoorprendentes de la maison d\u2019\u00e9dition La Jirafa y Yo ont maintenant la possibilit\u00e9 d\u2019avoir un crocodile color\u00e9 en papier, qui se laissera d\u00e9vorer encore et encore par nos chers lecteurs.<\/p>\n<\/div>\n<div class=\"col-md-6\">\n<p>\u00c0 vrai dire, le crocodile est aussi f\u00e9roce qu\u2019il en a l\u2019air.<\/p>\n<p>Dot\u00e9 d\u2019une force stup\u00e9fiante, de dents terrifiantes et d\u2019un mauvais caract\u00e8re notoire, le crocodile vous fera frissonner dans vos bottes m\u00eame lorsqu\u2019il baille.<\/p>\n<p>Ses larmes de crocodile sont aussi fausses que l\u00e9gendaires, un stratag\u00e8me destin\u00e9 \u00e0 attirer les humains.<\/p>\n<p>Mais notre croc aussi pleure de joie, celles qu\u2019il d\u00e9verse par pur plaisir alors qu\u2019il se r\u00e9gale de sa proie.<\/p>\n<p>Maintenant, les lecteurs de la collection Zoorprendentes ont la chance de rencontrer notre crocodile de papier color\u00e9 qui se laissera d\u00e9vorer encore et encore par des fans adorateurs.<\/p>\n<\/div>\n<p>&nbsp;<\/p>\n","protected":false},"featured_media":5866,"comment_status":"closed","ping_status":"closed","template":"","meta":[],"etheme_brands":[],"product_brand":[],"product_cat":[593],"product_tag":[594,595,603,602,597,604,599,598,600,601,596],"class_list":{"0":"post-7975","1":"product","2":"type-product","3":"status-publish","4":"has-post-thumbnail","6":"product_cat-medias-et-musique","7":"product_tag-apprentissage","8":"product_tag-contes","9":"product_tag-enfants","10":"product_tag-filles","11":"product_tag-histoires","12":"product_tag-infantile-fr","13":"product_tag-la-girafe-et-moi","14":"product_tag-langues","15":"product_tag-lecture","16":"product_tag-livres","17":"product_tag-scolaire","19":"first","20":"instock","21":"taxable","22":"shipping-taxable","23":"purchasable","24":"product-type-simple"},"exclude_global_add_ons":[],"addons":[],"_links":{"self":[{"href":"https:\/\/paradiseproductscr.com\/fr\/wp-json\/wp\/v2\/product\/7975","targetHints":{"allow":["GET"]}}],"collection":[{"href":"https:\/\/paradiseproductscr.com\/fr\/wp-json\/wp\/v2\/product"}],"about":[{"href":"https:\/\/paradiseproductscr.com\/fr\/wp-json\/wp\/v2\/types\/product"}],"replies":[{"embeddable":true,"href":"https:\/\/paradiseproductscr.com\/fr\/wp-json\/wp\/v2\/comments?post=7975"}],"version-history":[{"count":0,"href":"https:\/\/paradiseproductscr.com\/fr\/wp-json\/wp\/v2\/product\/7975\/revisions"}],"wp:featuredmedia":[{"embeddable":true,"href":"https:\/\/paradiseproductscr.com\/fr\/wp-json\/wp\/v2\/media\/5866"}],"wp:attachment":[{"href":"https:\/\/paradiseproductscr.com\/fr\/wp-json\/wp\/v2\/media?parent=7975"}],"wp:term":[{"taxonomy":"brand","embeddable":true,"href":"https:\/\/paradiseproductscr.com\/fr\/wp-json\/wp\/v2\/etheme_brands?post=7975"},{"taxonomy":"product_brand","embeddable":true,"href":"https:\/\/paradiseproductscr.com\/fr\/wp-json\/wp\/v2\/product_brand?post=7975"},{"taxonomy":"product_cat","embeddable":true,"href":"https:\/\/paradiseproductscr.com\/fr\/wp-json\/wp\/v2\/product_cat?post=7975"},{"taxonomy":"product_tag","embeddable":true,"href":"https:\/\/paradiseproductscr.com\/fr\/wp-json\/wp\/v2\/product_tag?post=7975"}],"curies":[{"name":"wp","href":"https:\/\/api.w.org\/{rel}","templated":true}]}}