{"id":7977,"date":"2022-05-28T11:43:44","date_gmt":"2022-05-28T17:43:44","guid":{"rendered":"https:\/\/paradiseproductscr.com\/product\/picacaballo-la-tarentule\/"},"modified":"2022-05-28T17:43:44","modified_gmt":"2022-05-28T11:43:44","slug":"picacaballo-la-tarentule","status":"publish","type":"product","link":"https:\/\/paradiseproductscr.com\/fr\/produit\/picacaballo-la-tarentule\/","title":{"rendered":"Picacaballo \/ La tarentule"},"content":{"rendered":"<div class=\"row\">\n<div class=\"col-md-6\">\n<p><b>\u00c2ge:<\/b> 3 \u00e0 7 ans<\/p>\n<p><b>Pages:<\/b>16<\/p>\n<p><b>Finition:<\/b> chevalet rustique,<\/p>\n<p>papier couche 150g<\/p>\n<p><b>Auteur:<\/b> Anne Se\u00f1ol<\/p>\n<p><b>llustrateur: <\/b>Adi\u00e1n Gonz\u00e1lez<\/p>\n<p><strong>Bilingue<\/strong><\/p>\n<div class=\"row\">\n<div class=\"col-md-6\">\n<p>La nature semble s\u2019amuser avec n\u2019importe quel moment de \u00ab\u00a0folie\u00a0\u00bb.<\/p>\n<p>C\u2019est le cas de l\u2019araign\u00e9e picacaballo. Elle a huit yeux (un pour chaque patte), des poils tout autour et ses ennemis sont jet\u00e9s fl\u00e9chettes mortelles qui loge dans son estomac.<\/p>\n<p>Ce n\u2019est pas tout, mais pour en savoir plus, il faut entrer dans les entrailles de ce curieux num\u00e9ro de la collection Zoorprendentes.<\/p>\n<p>Comme d\u2019habitude, Anne Se\u00f1ol s\u2019est attach\u00e9e a l&rsquo;araign\u00e9e Picacaballo et Adi\u00e1n Gonz\u00e1lez, qui n\u2019a pas peur d\u2019une araign\u00e9e, s\u2019est mis au travail pour recr\u00e9er ce sp\u00e9cimen qui fait des siennes dans la campagne costaricienne.<\/p>\n<\/div>\n<div class=\"col-md-6\">\n<p>Il y a des moments o\u00f9 l\u2019\u00e9ventail vertigineux d\u2019esp\u00e8ces de M\u00e8re Nature semble \u00eatre \u00e0 son avantage : juste pour l\u2019amuser. C\u2019est certainement le cas de l\u2019araign\u00e9e ou de la tarentule. Cette arachnide poilue \u00e0 huit yeux et huit pattes a des projectiles bris\u00e9s sp\u00e9ciaux couvrant son abdomen qu\u2019elle tire fatalement vers ses ennemis.<\/p>\n<p>Et ce n\u2019est pas tout ! Afin d\u2019en savoir plus, nous vous invitons \u00e0 plonger dans cette \u00e9dition de la s\u00e9rie Zoorprendentes o\u00f9 vous d\u00e9couvrirez d\u2019autres faits \u00e9tranges et inhabituels sur cette cr\u00e9ature impressionnante. Une fois de plus, l\u2019esprit curieux d\u2019Anne Se\u00f1ol et les riches illustrations d\u2019Adi\u00e1n Gonz\u00e1lez recr\u00e9ent l\u2019histoire de ce remarquable sp\u00e9cimen originaire de la campagne du Costa Rica.<\/p>\n<\/div>\n<\/div>\n<p>&nbsp;<\/p>\n<\/div>\n<\/div>\n<p>&nbsp;<\/p>\n","protected":false},"excerpt":{"rendered":"<p>&nbsp;<\/p>\n<div class=\"col-md-6\">\n<p>La nature semble s\u2019amuser avec n\u2019importe quel moment de \u00ab\u00a0folie\u00a0\u00bb.<\/p>\n<p>C\u2019est le cas de l\u2019araign\u00e9e picacaballo. Elle a huit yeux (un pour chaque patte), des poils tout autour et ses ennemis sont jet\u00e9s fl\u00e9chettes mortelles qui loge dans son estomac.<\/p>\n<p>Ce n\u2019est pas tout, mais pour en savoir plus, il faut entrer dans les entrailles de ce curieux num\u00e9ro de la collection Zoorprendentes.<\/p>\n<p>Comme d\u2019habitude, Anne Se\u00f1ol s\u2019est attach\u00e9e a l&rsquo;araign\u00e9e Picacaballo et Adi\u00e1n Gonz\u00e1lez, qui n\u2019a pas peur d\u2019une araign\u00e9e, s\u2019est mis au travail pour recr\u00e9er ce sp\u00e9cimen qui fait des siennes dans la campagne costaricienne.<\/p>\n<\/div>\n<div class=\"col-md-6\">\n<p>Il y a des moments o\u00f9 l\u2019\u00e9ventail vertigineux d\u2019esp\u00e8ces de M\u00e8re Nature semble \u00eatre \u00e0 son avantage : juste pour l\u2019amuser. C\u2019est certainement le cas de l\u2019araign\u00e9e ou de la tarentule. Cette arachnide poilue \u00e0 huit yeux et huit pattes a des projectiles bris\u00e9s sp\u00e9ciaux couvrant son abdomen qu\u2019elle tire fatalement vers ses ennemis.<\/p>\n<p>Et ce n\u2019est pas tout ! Afin d\u2019en savoir plus, nous vous invitons \u00e0 plonger dans cette \u00e9dition de la s\u00e9rie Zoorprendentes o\u00f9 vous d\u00e9couvrirez d\u2019autres faits \u00e9tranges et inhabituels sur cette cr\u00e9ature impressionnante. Une fois de plus, l\u2019esprit curieux d\u2019Anne Se\u00f1ol et les riches illustrations d\u2019Adi\u00e1n Gonz\u00e1lez recr\u00e9ent l\u2019histoire de ce remarquable sp\u00e9cimen originaire de la campagne du Costa Rica.<\/p>\n<\/div>\n<p>&nbsp;<\/p>\n","protected":false},"featured_media":5868,"comment_status":"closed","ping_status":"closed","template":"","meta":[],"etheme_brands":[],"product_brand":[],"product_cat":[593],"product_tag":[594,595,603,602,597,604,599,598,600,601,596],"class_list":{"0":"post-7977","1":"product","2":"type-product","3":"status-publish","4":"has-post-thumbnail","6":"product_cat-medias-et-musique","7":"product_tag-apprentissage","8":"product_tag-contes","9":"product_tag-enfants","10":"product_tag-filles","11":"product_tag-histoires","12":"product_tag-infantile-fr","13":"product_tag-la-girafe-et-moi","14":"product_tag-langues","15":"product_tag-lecture","16":"product_tag-livres","17":"product_tag-scolaire","19":"first","20":"instock","21":"taxable","22":"shipping-taxable","23":"purchasable","24":"product-type-simple"},"exclude_global_add_ons":[],"addons":[],"_links":{"self":[{"href":"https:\/\/paradiseproductscr.com\/fr\/wp-json\/wp\/v2\/product\/7977","targetHints":{"allow":["GET"]}}],"collection":[{"href":"https:\/\/paradiseproductscr.com\/fr\/wp-json\/wp\/v2\/product"}],"about":[{"href":"https:\/\/paradiseproductscr.com\/fr\/wp-json\/wp\/v2\/types\/product"}],"replies":[{"embeddable":true,"href":"https:\/\/paradiseproductscr.com\/fr\/wp-json\/wp\/v2\/comments?post=7977"}],"version-history":[{"count":0,"href":"https:\/\/paradiseproductscr.com\/fr\/wp-json\/wp\/v2\/product\/7977\/revisions"}],"wp:featuredmedia":[{"embeddable":true,"href":"https:\/\/paradiseproductscr.com\/fr\/wp-json\/wp\/v2\/media\/5868"}],"wp:attachment":[{"href":"https:\/\/paradiseproductscr.com\/fr\/wp-json\/wp\/v2\/media?parent=7977"}],"wp:term":[{"taxonomy":"brand","embeddable":true,"href":"https:\/\/paradiseproductscr.com\/fr\/wp-json\/wp\/v2\/etheme_brands?post=7977"},{"taxonomy":"product_brand","embeddable":true,"href":"https:\/\/paradiseproductscr.com\/fr\/wp-json\/wp\/v2\/product_brand?post=7977"},{"taxonomy":"product_cat","embeddable":true,"href":"https:\/\/paradiseproductscr.com\/fr\/wp-json\/wp\/v2\/product_cat?post=7977"},{"taxonomy":"product_tag","embeddable":true,"href":"https:\/\/paradiseproductscr.com\/fr\/wp-json\/wp\/v2\/product_tag?post=7977"}],"curies":[{"name":"wp","href":"https:\/\/api.w.org\/{rel}","templated":true}]}}