{"id":7978,"date":"2022-05-28T11:43:44","date_gmt":"2022-05-28T17:43:44","guid":{"rendered":"https:\/\/paradiseproductscr.com\/product\/el-escarabajo-pelotero-la-bousiere\/"},"modified":"2022-05-28T17:43:44","modified_gmt":"2022-05-28T11:43:44","slug":"el-escarabajo-pelotero-la-bousiere","status":"publish","type":"product","link":"https:\/\/paradiseproductscr.com\/fr\/produit\/el-escarabajo-pelotero-la-bousiere\/","title":{"rendered":"El escarabajo pelotero \/ La bousi\u00e8re"},"content":{"rendered":"<div class=\"row\">\n<div class=\"col-md-6\">\n<p><b>\u00c2ge:<\/b> 3 \u00e0 7 ans<\/p>\n<p><b>Pages:<\/b>16<\/p>\n<p><b>Finition:<\/b> chevalet rustique,<\/p>\n<p>papier couche 150g<\/p>\n<p><b>Auteur:<\/b> Anne Se\u00f1ol<\/p>\n<p><b>llustrateur: <\/b>Adi\u00e1n Gonz\u00e1lez<\/p>\n<p><strong>Bilingue<\/strong><\/p>\n<div class=\"row\">\n<div class=\"col-md-6\">\n<p>Rien de mieux, pour comprendre la polyvalence et la vari\u00e9t\u00e9 de la nature, que de s\u2019arr\u00eater un instant \u00e0 consid\u00e9rer les ruses du bousier.<\/p>\n<p>C\u2019est un excentrique comme peu. Petit et fort, il est capable de supporter les mauvaises odeurs et de contribuer \u00e0 leur source \u00e0 un meilleur p\u00e2turage.<\/p>\n<p>Pour le reste, il n&rsquo;est pas idiot.<\/p>\n<p>Ses meilleurs amis sont les vaches et il peut s&rsquo;orienter en observant la Voie lact\u00e9e.<\/p>\n<p>La plupart d&rsquo;entre nous ne savent pas comment s&rsquo;y prendre.<\/p>\n<\/div>\n<div class=\"col-md-6\">\n<p>Pour tous ceux qui s\u2019\u00e9merveillent de la diversit\u00e9 et de l\u2019adaptabilit\u00e9 de la nature, arr\u00eatez-vous un instant et consid\u00e9rez les merveilleuses capacit\u00e9s du bousier.<\/p>\n<p>En effet, cette cr\u00e9ature est tout \u00e0 fait particuli\u00e8re.<\/p>\n<p>Diminutif mais robuste, ce petit bonhomme est insensible aux pires odeurs, car il utilise sa source pour enrichir les p\u00e2turages.<\/p>\n<p>En effet, ce scarab\u00e9e est savant !<\/p>\n<p>Les vaches sont ses meilleures amies et il s&rsquo;oriente en observant la Voie lact\u00e9e.<\/p>\n<p>Qui parmi nous peut se comparer ?<\/p>\n<\/div>\n<\/div>\n<\/div>\n<\/div>\n<p>&nbsp;<\/p>\n","protected":false},"excerpt":{"rendered":"<p>&nbsp;<\/p>\n<div class=\"row\">\n<div class=\"col-md-6\">\n<div class=\"row\">\n<div class=\"col-md-6\">\n<p>Rien de mieux, pour comprendre la polyvalence et la vari\u00e9t\u00e9 de la nature, que de s\u2019arr\u00eater un instant \u00e0 consid\u00e9rer les ruses du bousier.<\/p>\n<p>C\u2019est un excentrique comme peu. Petit et fort, il est capable de supporter les mauvaises odeurs et de contribuer \u00e0 leur source \u00e0 un meilleur p\u00e2turage.<\/p>\n<p>Pour le reste, il n&rsquo;est pas idiot.<\/p>\n<p>Ses meilleurs amis sont les vaches et il peut s&rsquo;orienter en observant la Voie lact\u00e9e.<\/p>\n<p>La plupart d&rsquo;entre nous ne savent pas comment s&rsquo;y prendre.<\/p>\n<\/div>\n<div class=\"col-md-6\">\n<p>Pour tous ceux qui s\u2019\u00e9merveillent de la diversit\u00e9 et de l\u2019adaptabilit\u00e9 de la nature, arr\u00eatez-vous un instant et consid\u00e9rez les merveilleuses capacit\u00e9s du bousier.<\/p>\n<p>En effet, cette cr\u00e9ature est tout \u00e0 fait particuli\u00e8re.<\/p>\n<p>Diminutif mais robuste, ce petit bonhomme est insensible aux pires odeurs, car il utilise sa source pour enrichir les p\u00e2turages.<\/p>\n<p>En effet, ce scarab\u00e9e est savant !<\/p>\n<p>Les vaches sont ses meilleures amies et il s&rsquo;oriente en observant la Voie lact\u00e9e.<\/p>\n<p>Qui parmi nous peut se comparer ?<\/p>\n<\/div>\n<\/div>\n<\/div>\n<\/div>\n<p>&nbsp;<\/p>\n<p>&nbsp;<\/p>\n","protected":false},"featured_media":5870,"comment_status":"closed","ping_status":"closed","template":"","meta":[],"etheme_brands":[],"product_brand":[],"product_cat":[593],"product_tag":[594,595,603,602,597,604,599,598,600,601,596],"class_list":{"0":"post-7978","1":"product","2":"type-product","3":"status-publish","4":"has-post-thumbnail","6":"product_cat-medias-et-musique","7":"product_tag-apprentissage","8":"product_tag-contes","9":"product_tag-enfants","10":"product_tag-filles","11":"product_tag-histoires","12":"product_tag-infantile-fr","13":"product_tag-la-girafe-et-moi","14":"product_tag-langues","15":"product_tag-lecture","16":"product_tag-livres","17":"product_tag-scolaire","19":"first","20":"instock","21":"taxable","22":"shipping-taxable","23":"purchasable","24":"product-type-simple"},"exclude_global_add_ons":[],"addons":[],"_links":{"self":[{"href":"https:\/\/paradiseproductscr.com\/fr\/wp-json\/wp\/v2\/product\/7978","targetHints":{"allow":["GET"]}}],"collection":[{"href":"https:\/\/paradiseproductscr.com\/fr\/wp-json\/wp\/v2\/product"}],"about":[{"href":"https:\/\/paradiseproductscr.com\/fr\/wp-json\/wp\/v2\/types\/product"}],"replies":[{"embeddable":true,"href":"https:\/\/paradiseproductscr.com\/fr\/wp-json\/wp\/v2\/comments?post=7978"}],"version-history":[{"count":0,"href":"https:\/\/paradiseproductscr.com\/fr\/wp-json\/wp\/v2\/product\/7978\/revisions"}],"wp:featuredmedia":[{"embeddable":true,"href":"https:\/\/paradiseproductscr.com\/fr\/wp-json\/wp\/v2\/media\/5870"}],"wp:attachment":[{"href":"https:\/\/paradiseproductscr.com\/fr\/wp-json\/wp\/v2\/media?parent=7978"}],"wp:term":[{"taxonomy":"brand","embeddable":true,"href":"https:\/\/paradiseproductscr.com\/fr\/wp-json\/wp\/v2\/etheme_brands?post=7978"},{"taxonomy":"product_brand","embeddable":true,"href":"https:\/\/paradiseproductscr.com\/fr\/wp-json\/wp\/v2\/product_brand?post=7978"},{"taxonomy":"product_cat","embeddable":true,"href":"https:\/\/paradiseproductscr.com\/fr\/wp-json\/wp\/v2\/product_cat?post=7978"},{"taxonomy":"product_tag","embeddable":true,"href":"https:\/\/paradiseproductscr.com\/fr\/wp-json\/wp\/v2\/product_tag?post=7978"}],"curies":[{"name":"wp","href":"https:\/\/api.w.org\/{rel}","templated":true}]}}