{"id":7979,"date":"2022-05-28T11:43:44","date_gmt":"2022-05-28T17:43:44","guid":{"rendered":"https:\/\/paradiseproductscr.com\/product\/el-aviador-ciego-laviateur-aveugle\/"},"modified":"2022-05-28T17:43:44","modified_gmt":"2022-05-28T11:43:44","slug":"el-aviador-ciego-laviateur-aveugle","status":"publish","type":"product","link":"https:\/\/paradiseproductscr.com\/fr\/produit\/el-aviador-ciego-laviateur-aveugle\/","title":{"rendered":"El aviador ciego \/ L\u2019aviateur aveugle"},"content":{"rendered":"<p><b>\u00c2ge:<\/b> 3 \u00e0 7 ans<\/p>\n<p><b>Pages:<\/b>16<\/p>\n<p><b>Finition:<\/b> chevalet rustique,<\/p>\n<p>papier couche 150g<\/p>\n<p><b>Auteur:<\/b> Anne Se\u00f1ol<\/p>\n<p><b>llustrateur: <\/b>Adi\u00e1n Gonz\u00e1lez<\/p>\n<p><strong>Bilingue<\/strong><\/p>\n<div class=\"row\">\n<div class=\"col-md-6\">\n<p>Les chauves-souris ont g\u00e9n\u00e9ralement \u00ab\u00a0mauvaise presse\u00a0\u00bb.<\/p>\n<p>Ils sont per\u00e7us comme des animaux errants, nuisibles et laids, alors qu&rsquo;en r\u00e9alit\u00e9 ils sont tr\u00e8s industrieux, dou\u00e9s pour r\u00e9pandre des graines et mignons (selon Batman et les chauves-souris, ils aiment sucer le sang, g\u00e9n\u00e9ralement celui du b\u00e9tail, et ceux-l\u00e0 sont appel\u00e9s des vampires).<\/p>\n<p>Mais bien s\u00fbr, Dracula est venu et maintenant beaucoup de gens pensent \u00e0 tort que le sang humain est la boisson pr\u00e9f\u00e9r\u00e9e de toutes les chauves-souris&#8230; Dans ce petit livre, fait avec amour et<br \/>\nqualit\u00e9, Anne Se\u00f1ol et Adi\u00e1n Gonz\u00e1lez parviennent \u00e0 parler du c\u00f4t\u00e9 amical des chauves-souris, cr\u00e9atures nocturnes qui illustrent la grande diversit\u00e9 de la nature.<\/p>\n<\/div>\n<div class=\"col-md-6\">\n<p>Les chauves-souris ont mauvaise presse. Per\u00e7us comme des cr\u00e9atures errantes nuisibles et r\u00e9pugnantes, ils sont en fait des travailleurs infatigables, tr\u00e8s habiles \u00e0 disperser les graines et, franchement, plut\u00f4t s\u00e9duisants (aux yeux de Batman et de La Jirafa y Yo).<\/p>\n<p>En r\u00e9alit\u00e9, certaines esp\u00e8ces appr\u00e9cient de sucer un peu de sang (g\u00e9n\u00e9ralement celui du b\u00e9tail), ce qui leur vaut le titre peu glorieux de \u00ab\u00a0vampires\u00a0\u00bb.<\/p>\n<p>C&rsquo;est alors qu&rsquo;arrive Dracula, qui conforte \u00e0 tort leur r\u00e9putation d&rsquo;amateurs de sang humain par-dessus tout.<\/p>\n<p>Ce petit livre, r\u00e9alis\u00e9 avec amour par Anne Se\u00f1ol et Adi\u00e1n Gonz\u00e1lez, a pour but de vous faire d\u00e9couvrir le c\u00f4t\u00e9 sympathique des chauves-souris, ces \u00eatres nocturnes qui illustrent si bien la majestueuse diversit\u00e9 de Dame Nature.<\/p>\n<\/div>\n<\/div>\n","protected":false},"excerpt":{"rendered":"<p>&nbsp;<\/p>\n<div class=\"col-md-6\">\n<p>Les chauves-souris ont g\u00e9n\u00e9ralement \u00ab\u00a0mauvaise presse\u00a0\u00bb.<\/p>\n<p>Ils sont per\u00e7us comme des animaux errants, nuisibles et laids, alors qu&rsquo;en r\u00e9alit\u00e9 ils sont tr\u00e8s industrieux, dou\u00e9s pour r\u00e9pandre des graines et mignons (selon Batman et les chauves-souris, ils aiment sucer le sang, g\u00e9n\u00e9ralement celui du b\u00e9tail, et ceux-l\u00e0 sont appel\u00e9s des vampires).<\/p>\n<p>Mais bien s\u00fbr, Dracula est venu et maintenant beaucoup de gens pensent \u00e0 tort que le sang humain est la boisson pr\u00e9f\u00e9r\u00e9e de toutes les chauves-souris&#8230; Dans ce petit livre, fait avec amour et<br \/>\nqualit\u00e9, Anne Se\u00f1ol et Adi\u00e1n Gonz\u00e1lez parviennent \u00e0 parler du c\u00f4t\u00e9 amical des chauves-souris, cr\u00e9atures nocturnes qui illustrent la grande diversit\u00e9 de la nature.<\/p>\n<\/div>\n<div class=\"col-md-6\">\n<p>Les chauves-souris ont mauvaise presse. Per\u00e7us comme des cr\u00e9atures errantes nuisibles et r\u00e9pugnantes, ils sont en fait des travailleurs infatigables, tr\u00e8s habiles \u00e0 disperser les graines et, franchement, plut\u00f4t s\u00e9duisants (aux yeux de Batman et de La Jirafa y Yo).<\/p>\n<p>En r\u00e9alit\u00e9, certaines esp\u00e8ces appr\u00e9cient de sucer un peu de sang (g\u00e9n\u00e9ralement celui du b\u00e9tail), ce qui leur vaut le titre peu glorieux de \u00ab\u00a0vampires\u00a0\u00bb.<\/p>\n<p>C&rsquo;est alors qu&rsquo;arrive Dracula, qui conforte \u00e0 tort leur r\u00e9putation d&rsquo;amateurs de sang humain par-dessus tout.<\/p>\n<p>Ce petit livre, r\u00e9alis\u00e9 avec amour par Anne Se\u00f1ol et Adi\u00e1n Gonz\u00e1lez, a pour but de vous faire d\u00e9couvrir le c\u00f4t\u00e9 sympathique des chauves-souris, ces \u00eatres nocturnes qui illustrent si bien la majestueuse diversit\u00e9 de Dame Nature.<\/p>\n<\/div>\n<p>&nbsp;<\/p>\n","protected":false},"featured_media":5872,"comment_status":"closed","ping_status":"closed","template":"","meta":[],"etheme_brands":[],"product_brand":[],"product_cat":[593],"product_tag":[594,595,603,602,597,604,599,598,600,601,596],"class_list":{"0":"post-7979","1":"product","2":"type-product","3":"status-publish","4":"has-post-thumbnail","6":"product_cat-medias-et-musique","7":"product_tag-apprentissage","8":"product_tag-contes","9":"product_tag-enfants","10":"product_tag-filles","11":"product_tag-histoires","12":"product_tag-infantile-fr","13":"product_tag-la-girafe-et-moi","14":"product_tag-langues","15":"product_tag-lecture","16":"product_tag-livres","17":"product_tag-scolaire","19":"first","20":"instock","21":"taxable","22":"shipping-taxable","23":"purchasable","24":"product-type-simple"},"exclude_global_add_ons":[],"addons":[],"_links":{"self":[{"href":"https:\/\/paradiseproductscr.com\/fr\/wp-json\/wp\/v2\/product\/7979","targetHints":{"allow":["GET"]}}],"collection":[{"href":"https:\/\/paradiseproductscr.com\/fr\/wp-json\/wp\/v2\/product"}],"about":[{"href":"https:\/\/paradiseproductscr.com\/fr\/wp-json\/wp\/v2\/types\/product"}],"replies":[{"embeddable":true,"href":"https:\/\/paradiseproductscr.com\/fr\/wp-json\/wp\/v2\/comments?post=7979"}],"version-history":[{"count":0,"href":"https:\/\/paradiseproductscr.com\/fr\/wp-json\/wp\/v2\/product\/7979\/revisions"}],"wp:featuredmedia":[{"embeddable":true,"href":"https:\/\/paradiseproductscr.com\/fr\/wp-json\/wp\/v2\/media\/5872"}],"wp:attachment":[{"href":"https:\/\/paradiseproductscr.com\/fr\/wp-json\/wp\/v2\/media?parent=7979"}],"wp:term":[{"taxonomy":"brand","embeddable":true,"href":"https:\/\/paradiseproductscr.com\/fr\/wp-json\/wp\/v2\/etheme_brands?post=7979"},{"taxonomy":"product_brand","embeddable":true,"href":"https:\/\/paradiseproductscr.com\/fr\/wp-json\/wp\/v2\/product_brand?post=7979"},{"taxonomy":"product_cat","embeddable":true,"href":"https:\/\/paradiseproductscr.com\/fr\/wp-json\/wp\/v2\/product_cat?post=7979"},{"taxonomy":"product_tag","embeddable":true,"href":"https:\/\/paradiseproductscr.com\/fr\/wp-json\/wp\/v2\/product_tag?post=7979"}],"curies":[{"name":"wp","href":"https:\/\/api.w.org\/{rel}","templated":true}]}}