{"id":7980,"date":"2022-05-28T11:43:44","date_gmt":"2022-05-28T17:43:44","guid":{"rendered":"https:\/\/paradiseproductscr.com\/product\/allez-y-les-zompopas-leafcutters-forward-march\/"},"modified":"2023-12-15T09:20:23","modified_gmt":"2023-12-15T03:20:23","slug":"allez-y-les-zompopas-leafcutters-forward-march","status":"publish","type":"product","link":"https:\/\/paradiseproductscr.com\/fr\/produit\/allez-y-les-zompopas-leafcutters-forward-march\/","title":{"rendered":"Allez-y, les zompopas ! \/ Leafcutters: Forward March!"},"content":{"rendered":"<p><b>\u00c2ge:<\/b> 3 \u00e0 7 ans<\/p>\n<p><b>Pages:<\/b>16<\/p>\n<p><b>Finition:<\/b> chevalet rustique,<\/p>\n<p>papier couche 150g<\/p>\n<p><b>Auteur:<\/b> Anne Se\u00f1ol<\/p>\n<p><b>llustrateur: <\/b>Adi\u00e1n Gonz\u00e1lez<\/p>\n<p><strong>Bilingue<\/strong><\/p>\n<div class=\"row\">\n<div class=\"col-md-6\">\n<p>Allez-y, les zompopas ! C\u2019est la mini-autobiographie de ces fourmis tenaces et de leur reine prolifique, qui pond des millions d\u2019\u0153ufs gr\u00e2ce \u00e0 un r\u00e9gime de champignons et entour\u00e9e d\u2019une coupe extraordinaire.<br \/>\nLes zompopas rejoignent les autres petits animaux issus de l&rsquo;imagination d&rsquo;Anne Se\u00f1ol et d&rsquo;Adi\u00e1n Gonz\u00e1lez.<br \/>\nL\u2019une \u00e9crit et l\u2019autre illustre. Entre les deux, ils nous conduisent sur les chemins d\u2019une r\u00e9alit\u00e9 de la nature qui semble invent\u00e9e mais ne l\u2019est pas.<\/p>\n<\/div>\n<div class=\"col-md-6\">\n<p>Leafcutters: Allez-y, les zompopas ! est une mini-autobiographie qui raconte l&rsquo;histoire de petites fourmis coriaces et de leur reine prolifique qui, au cours de sa vie, est capable d&rsquo;atteindre les objectifs suivants<br \/>\nde pondre des millions d&rsquo;\u0153ufs gr\u00e2ce \u00e0 une alimentation riche en champignons et \u00e0 l&rsquo;aide d&rsquo;une extraordinaire cour de serviteurs qui sont \u00e0 sa disposition.<\/p>\n<p>Les fourmis coupeuses de feuilles s&rsquo;ajoutent \u00e0 la liste des nombreuses histoires de cr\u00e9atures qui sortent comme par magie du grand sac \u00e0 malices d&rsquo;Anne Se\u00f1ol et d&rsquo;Adi\u00e1n Gonzalez.<br \/>\nL&rsquo;auteur et l&rsquo;illustrateur unissent leurs forces pour tisser des histoires sur les merveilles de la nature qui semblent invent\u00e9es mais qui refl\u00e8tent en fait la r\u00e9alit\u00e9.<\/p>\n<\/div>\n<\/div>\n","protected":false},"excerpt":{"rendered":"<p>&nbsp;<\/p>\n<div class=\"col-md-6\">\n<p>Allez-y, les zompopas ! C\u2019est la mini-autobiographie de ces fourmis tenaces et de leur reine prolifique, qui pond des millions d\u2019\u0153ufs gr\u00e2ce \u00e0 un r\u00e9gime de champignons et entour\u00e9e d\u2019une coupe extraordinaire.<br \/>\nLes zompopas rejoignent les autres petits animaux issus de l&rsquo;imagination d&rsquo;Anne Se\u00f1ol et d&rsquo;Adi\u00e1n Gonz\u00e1lez.<br \/>\nL\u2019une \u00e9crit et l\u2019autre illustre. Entre les deux, ils nous conduisent sur les chemins d\u2019une r\u00e9alit\u00e9 de la nature qui semble invent\u00e9e mais ne l\u2019est pas.<\/p>\n<\/div>\n<div class=\"col-md-6\">\n<p>Leafcutters: Allez-y, les zompopas ! est une mini-autobiographie qui raconte l&rsquo;histoire de petites fourmis coriaces et de leur reine prolifique qui, au cours de sa vie, est capable d&rsquo;atteindre les objectifs suivants<br \/>\nde pondre des millions d&rsquo;\u0153ufs gr\u00e2ce \u00e0 une alimentation riche en champignons et \u00e0 l&rsquo;aide d&rsquo;une extraordinaire cour de serviteurs qui sont \u00e0 sa disposition.<\/p>\n<p>Les fourmis coupeuses de feuilles s&rsquo;ajoutent \u00e0 la liste des nombreuses histoires de cr\u00e9atures qui sortent comme par magie du grand sac \u00e0 malices d&rsquo;Anne Se\u00f1ol et d&rsquo;Adi\u00e1n Gonzalez.<br \/>\nL&rsquo;auteur et l&rsquo;illustrateur unissent leurs forces pour tisser des histoires sur les merveilles de la nature qui semblent invent\u00e9es mais qui refl\u00e8tent en fait la r\u00e9alit\u00e9.<\/p>\n<\/div>\n<p>&nbsp;<\/p>\n","protected":false},"featured_media":5874,"comment_status":"closed","ping_status":"closed","template":"","meta":[],"etheme_brands":[],"product_brand":[],"product_cat":[593],"product_tag":[594,595,603,602,597,604,599,598,600,601,596],"class_list":{"0":"post-7980","1":"product","2":"type-product","3":"status-publish","4":"has-post-thumbnail","6":"product_cat-medias-et-musique","7":"product_tag-apprentissage","8":"product_tag-contes","9":"product_tag-enfants","10":"product_tag-filles","11":"product_tag-histoires","12":"product_tag-infantile-fr","13":"product_tag-la-girafe-et-moi","14":"product_tag-langues","15":"product_tag-lecture","16":"product_tag-livres","17":"product_tag-scolaire","19":"first","20":"instock","21":"taxable","22":"shipping-taxable","23":"purchasable","24":"product-type-simple"},"exclude_global_add_ons":[],"addons":[],"_links":{"self":[{"href":"https:\/\/paradiseproductscr.com\/fr\/wp-json\/wp\/v2\/product\/7980","targetHints":{"allow":["GET"]}}],"collection":[{"href":"https:\/\/paradiseproductscr.com\/fr\/wp-json\/wp\/v2\/product"}],"about":[{"href":"https:\/\/paradiseproductscr.com\/fr\/wp-json\/wp\/v2\/types\/product"}],"replies":[{"embeddable":true,"href":"https:\/\/paradiseproductscr.com\/fr\/wp-json\/wp\/v2\/comments?post=7980"}],"version-history":[{"count":1,"href":"https:\/\/paradiseproductscr.com\/fr\/wp-json\/wp\/v2\/product\/7980\/revisions"}],"predecessor-version":[{"id":7981,"href":"https:\/\/paradiseproductscr.com\/fr\/wp-json\/wp\/v2\/product\/7980\/revisions\/7981"}],"wp:featuredmedia":[{"embeddable":true,"href":"https:\/\/paradiseproductscr.com\/fr\/wp-json\/wp\/v2\/media\/5874"}],"wp:attachment":[{"href":"https:\/\/paradiseproductscr.com\/fr\/wp-json\/wp\/v2\/media?parent=7980"}],"wp:term":[{"taxonomy":"brand","embeddable":true,"href":"https:\/\/paradiseproductscr.com\/fr\/wp-json\/wp\/v2\/etheme_brands?post=7980"},{"taxonomy":"product_brand","embeddable":true,"href":"https:\/\/paradiseproductscr.com\/fr\/wp-json\/wp\/v2\/product_brand?post=7980"},{"taxonomy":"product_cat","embeddable":true,"href":"https:\/\/paradiseproductscr.com\/fr\/wp-json\/wp\/v2\/product_cat?post=7980"},{"taxonomy":"product_tag","embeddable":true,"href":"https:\/\/paradiseproductscr.com\/fr\/wp-json\/wp\/v2\/product_tag?post=7980"}],"curies":[{"name":"wp","href":"https:\/\/api.w.org\/{rel}","templated":true}]}}