{"id":7982,"date":"2022-05-28T11:43:44","date_gmt":"2022-05-28T17:43:44","guid":{"rendered":"https:\/\/paradiseproductscr.com\/product\/iguana-al-sol-iguane-au-soleil\/"},"modified":"2023-12-15T09:34:37","modified_gmt":"2023-12-15T03:34:37","slug":"iguana-al-sol-iguane-au-soleil","status":"publish","type":"product","link":"https:\/\/paradiseproductscr.com\/fr\/produit\/iguana-al-sol-iguane-au-soleil\/","title":{"rendered":"Iguana al sol \/Iguane au soleil"},"content":{"rendered":"<p><b>\u00c2ge:<\/b> 3 \u00e0 7 ans<\/p>\n<p><b>Pages:<\/b>16<\/p>\n<p><b>Finition:<\/b> chevalet rustique,<\/p>\n<p>papier couche 150g<\/p>\n<p><b>Auteur:<\/b> Anne Se\u00f1ol<\/p>\n<p><b>llustrateur: <\/b>Adi\u00e1n Gonz\u00e1lez<\/p>\n<p><strong>Bilingue<\/strong><\/p>\n<p>&nbsp;<\/p>\n<div class=\"row\">\n<div class=\"col-md-6\">\n<p>On les dit f\u00e9roces, mais les iguanes ne sont pas effrayants, m\u00eame s&rsquo;ils ressemblent \u00e0 de minuscules dinosaures.<\/p>\n<p>On les appelle m\u00eame \u00ab\u00a0poulets b\u00e2tons\u00a0\u00bb, mais c&rsquo;est parce que leur viande a le m\u00eame go\u00fbt que celle de ces oiseaux.<\/p>\n<p>Dans certains endroits, ils les domestiquent et les gardent comme animaux de compagnie.<\/p>\n<p>Ils aiment le soleil du matin et les gens qui les respectent. Si vous les voyez gonfler le cou, c\u2019est qu\u2019elles sont en col\u00e8re ou pr\u00eates \u00e0 se d\u00e9fendre. (GBG)<\/p>\n<\/div>\n<div class=\"col-md-6\">\n<p>Les gens les qualifient de f\u00e9roces, mais les iguanes ne sont pas du tout effrayants, m\u00eame s&rsquo;ils ressemblent \u00e0 de petits dinosaures.<\/p>\n<p>Ils sont m\u00eame connus sous le nom de volaille arboricole, mais c&rsquo;est plut\u00f4t parce qu&rsquo;ils ont le go\u00fbt du poulet lorsqu&rsquo;ils sont cuits.<\/p>\n<p>Certaines personnes apprivoisent les iguanes et les gardent comme animaux de compagnie.<\/p>\n<p>Ils aiment le soleil du matin et le respect des gens. Si vous voyez un iguane gonfler son cou, c&rsquo;est qu&rsquo;il est en col\u00e8re ou pr\u00eat \u00e0 se d\u00e9fendre. (GBG)<\/p>\n<\/div>\n<\/div>\n","protected":false},"excerpt":{"rendered":"<div class=\"col-md-6\">\n<p>On les dit f\u00e9roces, mais les iguanes ne sont pas effrayants, m\u00eame s&rsquo;ils ressemblent \u00e0 de minuscules dinosaures.<\/p>\n<p>On les appelle m\u00eame \u00ab\u00a0poulets b\u00e2tons\u00a0\u00bb, mais c&rsquo;est parce que leur viande a le m\u00eame go\u00fbt que celle de ces oiseaux.<\/p>\n<p>Dans certains endroits, ils les domestiquent et les gardent comme animaux de compagnie.<\/p>\n<p>Ils aiment le soleil du matin et les gens qui les respectent. Si vous les voyez gonfler le cou, c\u2019est qu\u2019elles sont en col\u00e8re ou pr\u00eates \u00e0 se d\u00e9fendre. (GBG)<\/p>\n<\/div>\n<div class=\"col-md-6\">\n<p>Les gens les qualifient de f\u00e9roces, mais les iguanes ne sont pas du tout effrayants, m\u00eame s&rsquo;ils ressemblent \u00e0 de petits dinosaures.<\/p>\n<p>Ils sont m\u00eame connus sous le nom de volaille arboricole, mais c&rsquo;est plut\u00f4t parce qu&rsquo;ils ont le go\u00fbt du poulet lorsqu&rsquo;ils sont cuits.<\/p>\n<p>Certaines personnes apprivoisent les iguanes et les gardent comme animaux de compagnie.<\/p>\n<p>Ils aiment le soleil du matin et le respect des gens. Si vous voyez un iguane gonfler son cou, c&rsquo;est qu&rsquo;il est en col\u00e8re ou pr\u00eat \u00e0 se d\u00e9fendre. (GBG)<\/p>\n<\/div>\n<p>&nbsp;<\/p>\n<p>&nbsp;<\/p>\n","protected":false},"featured_media":5876,"comment_status":"closed","ping_status":"closed","template":"","meta":[],"etheme_brands":[],"product_brand":[],"product_cat":[593],"product_tag":[594,595,603,602,597,604,599,598,600,601,596],"class_list":{"0":"post-7982","1":"product","2":"type-product","3":"status-publish","4":"has-post-thumbnail","6":"product_cat-medias-et-musique","7":"product_tag-apprentissage","8":"product_tag-contes","9":"product_tag-enfants","10":"product_tag-filles","11":"product_tag-histoires","12":"product_tag-infantile-fr","13":"product_tag-la-girafe-et-moi","14":"product_tag-langues","15":"product_tag-lecture","16":"product_tag-livres","17":"product_tag-scolaire","19":"first","20":"instock","21":"taxable","22":"shipping-taxable","23":"purchasable","24":"product-type-simple"},"exclude_global_add_ons":[],"addons":[],"_links":{"self":[{"href":"https:\/\/paradiseproductscr.com\/fr\/wp-json\/wp\/v2\/product\/7982","targetHints":{"allow":["GET"]}}],"collection":[{"href":"https:\/\/paradiseproductscr.com\/fr\/wp-json\/wp\/v2\/product"}],"about":[{"href":"https:\/\/paradiseproductscr.com\/fr\/wp-json\/wp\/v2\/types\/product"}],"replies":[{"embeddable":true,"href":"https:\/\/paradiseproductscr.com\/fr\/wp-json\/wp\/v2\/comments?post=7982"}],"version-history":[{"count":1,"href":"https:\/\/paradiseproductscr.com\/fr\/wp-json\/wp\/v2\/product\/7982\/revisions"}],"predecessor-version":[{"id":7983,"href":"https:\/\/paradiseproductscr.com\/fr\/wp-json\/wp\/v2\/product\/7982\/revisions\/7983"}],"wp:featuredmedia":[{"embeddable":true,"href":"https:\/\/paradiseproductscr.com\/fr\/wp-json\/wp\/v2\/media\/5876"}],"wp:attachment":[{"href":"https:\/\/paradiseproductscr.com\/fr\/wp-json\/wp\/v2\/media?parent=7982"}],"wp:term":[{"taxonomy":"brand","embeddable":true,"href":"https:\/\/paradiseproductscr.com\/fr\/wp-json\/wp\/v2\/etheme_brands?post=7982"},{"taxonomy":"product_brand","embeddable":true,"href":"https:\/\/paradiseproductscr.com\/fr\/wp-json\/wp\/v2\/product_brand?post=7982"},{"taxonomy":"product_cat","embeddable":true,"href":"https:\/\/paradiseproductscr.com\/fr\/wp-json\/wp\/v2\/product_cat?post=7982"},{"taxonomy":"product_tag","embeddable":true,"href":"https:\/\/paradiseproductscr.com\/fr\/wp-json\/wp\/v2\/product_tag?post=7982"}],"curies":[{"name":"wp","href":"https:\/\/api.w.org\/{rel}","templated":true}]}}