{"id":7984,"date":"2022-05-28T11:43:44","date_gmt":"2022-05-28T17:43:44","guid":{"rendered":"https:\/\/paradiseproductscr.com\/product\/la-rana-arboricola-la-grenouille-arboricole\/"},"modified":"2022-05-28T17:43:44","modified_gmt":"2022-05-28T11:43:44","slug":"la-rana-arboricola-la-grenouille-arboricole","status":"publish","type":"product","link":"https:\/\/paradiseproductscr.com\/fr\/produit\/la-rana-arboricola-la-grenouille-arboricole\/","title":{"rendered":"La rana arbor\u00edcola \/ La grenouille arboricole"},"content":{"rendered":"<p><b>\u00c2ge:<\/b> 3 \u00e0 7 ans<\/p>\n<p><b>Pages:<\/b>16<\/p>\n<p><b>Finition:<\/b> chevalet rustique,<\/p>\n<p>papier couche 150g<\/p>\n<p><b>Auteur:<\/b> Anne Se\u00f1ol<\/p>\n<p><b>llustrateur: <\/b>Adi\u00e1n Gonz\u00e1lez<\/p>\n<p><strong>Bilingue<\/strong><\/p>\n<p>&nbsp;<\/p>\n<div class=\"row\">\n<div class=\"col-md-6\">\n<p>Les for\u00eats du Costa Rica sont des for\u00eats enchant\u00e9es o\u00f9 habitent de charmants animaux.<\/p>\n<p>Parmi eux se trouve la grenouille arboricole, qui arbore sur son corps une batterie de couleurs vives.<\/p>\n<p>Les m\u00e2les de cette esp\u00e8ce sont des fauteurs de troubles qui s\u2019engagent dans des bruits, des mouvements et des combats qui attirent les femelles.<\/p>\n<p>Mais ce sont elles qui d\u00e9cident qui les aidera \u00e0 perp\u00e9tuer l\u2019esp\u00e8ce.<\/p>\n<\/div>\n<div class=\"col-md-6\">\n<p>Les for\u00eats du Costa Rica sont enchant\u00e9es et y vivent des animaux enchanteurs.<\/p>\n<p>Parmi ces cr\u00e9atures se trouve la grenouille verte qui semble par\u00e9e pour une f\u00eate dans ses couleurs festives vives.<\/p>\n<p>Les m\u00e2les de cette esp\u00e8ce sont des perturbateurs. Ils passent leur temps \u00e0 croasser et \u00e0 rougir dans un effort pour attirer l\u2019\u0153il d\u2019une femme.<\/p>\n<p>En fin de compte, elle marque sa pr\u00e9f\u00e9rence en choisissant le partenaire qui aidera \u00e0 perp\u00e9tuer l\u2019esp\u00e8ce.<\/p>\n<\/div>\n<\/div>\n","protected":false},"excerpt":{"rendered":"<div class=\"col-md-6\">\n<p>Les for\u00eats du Costa Rica sont des for\u00eats enchant\u00e9es o\u00f9 habitent de charmants animaux.<\/p>\n<p>Parmi eux se trouve la grenouille arboricole, qui arbore sur son corps une batterie de couleurs vives.<\/p>\n<p>Les m\u00e2les de cette esp\u00e8ce sont des fauteurs de troubles qui s\u2019engagent dans des bruits, des mouvements et des combats qui attirent les femelles.<\/p>\n<p>Mais ce sont elles qui d\u00e9cident qui les aidera \u00e0 perp\u00e9tuer l\u2019esp\u00e8ce.<\/p>\n<\/div>\n<div class=\"col-md-6\">\n<p>Les for\u00eats du Costa Rica sont enchant\u00e9es et y vivent des animaux enchanteurs.<\/p>\n<p>Parmi ces cr\u00e9atures se trouve la grenouille verte qui semble par\u00e9e pour une f\u00eate dans ses couleurs festives vives.<\/p>\n<p>Les m\u00e2les de cette esp\u00e8ce sont des perturbateurs. Ils passent leur temps \u00e0 croasser et \u00e0 rougir dans un effort pour attirer l\u2019\u0153il d\u2019une femme.<\/p>\n<p>En fin de compte, elle marque sa pr\u00e9f\u00e9rence en choisissant le partenaire qui aidera \u00e0 perp\u00e9tuer l\u2019esp\u00e8ce.<\/p>\n<\/div>\n<p>&nbsp;<\/p>\n<p>&nbsp;<\/p>\n","protected":false},"featured_media":5878,"comment_status":"closed","ping_status":"closed","template":"","meta":[],"etheme_brands":[],"product_brand":[],"product_cat":[593],"product_tag":[594,595,603,602,597,604,599,598,600,601,596],"class_list":{"0":"post-7984","1":"product","2":"type-product","3":"status-publish","4":"has-post-thumbnail","6":"product_cat-medias-et-musique","7":"product_tag-apprentissage","8":"product_tag-contes","9":"product_tag-enfants","10":"product_tag-filles","11":"product_tag-histoires","12":"product_tag-infantile-fr","13":"product_tag-la-girafe-et-moi","14":"product_tag-langues","15":"product_tag-lecture","16":"product_tag-livres","17":"product_tag-scolaire","19":"first","20":"instock","21":"taxable","22":"shipping-taxable","23":"purchasable","24":"product-type-simple"},"exclude_global_add_ons":[],"addons":[],"_links":{"self":[{"href":"https:\/\/paradiseproductscr.com\/fr\/wp-json\/wp\/v2\/product\/7984","targetHints":{"allow":["GET"]}}],"collection":[{"href":"https:\/\/paradiseproductscr.com\/fr\/wp-json\/wp\/v2\/product"}],"about":[{"href":"https:\/\/paradiseproductscr.com\/fr\/wp-json\/wp\/v2\/types\/product"}],"replies":[{"embeddable":true,"href":"https:\/\/paradiseproductscr.com\/fr\/wp-json\/wp\/v2\/comments?post=7984"}],"version-history":[{"count":0,"href":"https:\/\/paradiseproductscr.com\/fr\/wp-json\/wp\/v2\/product\/7984\/revisions"}],"wp:featuredmedia":[{"embeddable":true,"href":"https:\/\/paradiseproductscr.com\/fr\/wp-json\/wp\/v2\/media\/5878"}],"wp:attachment":[{"href":"https:\/\/paradiseproductscr.com\/fr\/wp-json\/wp\/v2\/media?parent=7984"}],"wp:term":[{"taxonomy":"brand","embeddable":true,"href":"https:\/\/paradiseproductscr.com\/fr\/wp-json\/wp\/v2\/etheme_brands?post=7984"},{"taxonomy":"product_brand","embeddable":true,"href":"https:\/\/paradiseproductscr.com\/fr\/wp-json\/wp\/v2\/product_brand?post=7984"},{"taxonomy":"product_cat","embeddable":true,"href":"https:\/\/paradiseproductscr.com\/fr\/wp-json\/wp\/v2\/product_cat?post=7984"},{"taxonomy":"product_tag","embeddable":true,"href":"https:\/\/paradiseproductscr.com\/fr\/wp-json\/wp\/v2\/product_tag?post=7984"}],"curies":[{"name":"wp","href":"https:\/\/api.w.org\/{rel}","templated":true}]}}