{"id":7985,"date":"2022-05-28T11:43:44","date_gmt":"2022-05-28T17:43:44","guid":{"rendered":"https:\/\/paradiseproductscr.com\/product\/hay-estrellas-en-el-mar-il-y-a-des-etoiles-dans-la-mer\/"},"modified":"2023-12-15T09:55:05","modified_gmt":"2023-12-15T03:55:05","slug":"hay-estrellas-en-el-mar-il-y-a-des-etoiles-dans-la-mer","status":"publish","type":"product","link":"https:\/\/paradiseproductscr.com\/fr\/produit\/hay-estrellas-en-el-mar-il-y-a-des-etoiles-dans-la-mer\/","title":{"rendered":"Hay estrellas en el mar \/ Il y a des \u00e9toiles dans la mer"},"content":{"rendered":"<p><b>\u00c2ge:<\/b> 3 \u00e0 7 ans<\/p>\n<p><b>Pages:<\/b>16<\/p>\n<p><b>Finition:<\/b> chevalet rustique,<\/p>\n<p>papier couche 150g<\/p>\n<p><b>Auteur:<\/b> Anne Se\u00f1ol<\/p>\n<p><b>llustrateur: <\/b>Adi\u00e1n Gonz\u00e1lez<\/p>\n<p><strong>Bilingue<\/strong><\/p>\n<p>&nbsp;<\/p>\n<div class=\"row\">\n<div class=\"col-md-6\">\n<p>Ceux qui pensent que les \u00e9toiles n\u2019existent que dans le ciel se trompent.<\/p>\n<p>C\u2019est ce que montre ce petit livre qui raconte la vie et les miracles de cet \u00e9trange \u00eatre appel\u00e9 \u00ab\u00a0\u00e9toile de mer\u00a0\u00bb ou simplement \u00ab\u00a0\u00e9toile\u00a0\u00bb.<\/p>\n<p>Curieusement, bien qu\u2019ils vivent dans l\u2019eau, ils ne savent pas nager.<\/p>\n<\/div>\n<div class=\"col-md-6\">\n<p>Quiconque croit que les \u00e9toiles n\u2019existent que dans le ciel se trompe cruellement.<\/p>\n<p>Ce petit livre le prouvera, car il d\u00e9crit la vie merveilleuse d\u2019une cr\u00e9ature \u00e9trange appel\u00e9e l\u2019\u00e9toile de mer.<\/p>\n<p>Curieusement et bien qu\u2019elle vive dans la mer, l\u2019\u00e9toile de mer ne peut pas nager.<\/p>\n<\/div>\n<\/div>\n","protected":false},"excerpt":{"rendered":"<div class=\"col-md-6\">\n<p>Ceux qui pensent que les \u00e9toiles n\u2019existent que dans le ciel se trompent.<\/p>\n<p>C\u2019est ce que montre ce petit livre qui raconte la vie et les miracles de cet \u00e9trange \u00eatre appel\u00e9 \u00ab\u00a0\u00e9toile de mer\u00a0\u00bb ou simplement \u00ab\u00a0\u00e9toile\u00a0\u00bb.<\/p>\n<p>Curieusement, bien qu\u2019ils vivent dans l\u2019eau, ils ne savent pas nager.<\/p>\n<\/div>\n<div class=\"col-md-6\">\n<p>Quiconque croit que les \u00e9toiles n\u2019existent que dans le ciel se trompe cruellement.<\/p>\n<p>Ce petit livre le prouvera, car il d\u00e9crit la vie merveilleuse d\u2019une cr\u00e9ature \u00e9trange appel\u00e9e l\u2019\u00e9toile de mer.<\/p>\n<p>Curieusement et bien qu\u2019elle vive dans la mer, l\u2019\u00e9toile de mer ne peut pas nager.<\/p>\n<\/div>\n","protected":false},"featured_media":5880,"comment_status":"closed","ping_status":"closed","template":"","meta":[],"etheme_brands":[],"product_brand":[],"product_cat":[593],"product_tag":[594,595,603,602,597,604,599,598,600,601,596],"class_list":{"0":"post-7985","1":"product","2":"type-product","3":"status-publish","4":"has-post-thumbnail","6":"product_cat-medias-et-musique","7":"product_tag-apprentissage","8":"product_tag-contes","9":"product_tag-enfants","10":"product_tag-filles","11":"product_tag-histoires","12":"product_tag-infantile-fr","13":"product_tag-la-girafe-et-moi","14":"product_tag-langues","15":"product_tag-lecture","16":"product_tag-livres","17":"product_tag-scolaire","19":"first","20":"instock","21":"taxable","22":"shipping-taxable","23":"purchasable","24":"product-type-simple"},"exclude_global_add_ons":[],"addons":[],"_links":{"self":[{"href":"https:\/\/paradiseproductscr.com\/fr\/wp-json\/wp\/v2\/product\/7985","targetHints":{"allow":["GET"]}}],"collection":[{"href":"https:\/\/paradiseproductscr.com\/fr\/wp-json\/wp\/v2\/product"}],"about":[{"href":"https:\/\/paradiseproductscr.com\/fr\/wp-json\/wp\/v2\/types\/product"}],"replies":[{"embeddable":true,"href":"https:\/\/paradiseproductscr.com\/fr\/wp-json\/wp\/v2\/comments?post=7985"}],"version-history":[{"count":1,"href":"https:\/\/paradiseproductscr.com\/fr\/wp-json\/wp\/v2\/product\/7985\/revisions"}],"predecessor-version":[{"id":7986,"href":"https:\/\/paradiseproductscr.com\/fr\/wp-json\/wp\/v2\/product\/7985\/revisions\/7986"}],"wp:featuredmedia":[{"embeddable":true,"href":"https:\/\/paradiseproductscr.com\/fr\/wp-json\/wp\/v2\/media\/5880"}],"wp:attachment":[{"href":"https:\/\/paradiseproductscr.com\/fr\/wp-json\/wp\/v2\/media?parent=7985"}],"wp:term":[{"taxonomy":"brand","embeddable":true,"href":"https:\/\/paradiseproductscr.com\/fr\/wp-json\/wp\/v2\/etheme_brands?post=7985"},{"taxonomy":"product_brand","embeddable":true,"href":"https:\/\/paradiseproductscr.com\/fr\/wp-json\/wp\/v2\/product_brand?post=7985"},{"taxonomy":"product_cat","embeddable":true,"href":"https:\/\/paradiseproductscr.com\/fr\/wp-json\/wp\/v2\/product_cat?post=7985"},{"taxonomy":"product_tag","embeddable":true,"href":"https:\/\/paradiseproductscr.com\/fr\/wp-json\/wp\/v2\/product_tag?post=7985"}],"curies":[{"name":"wp","href":"https:\/\/api.w.org\/{rel}","templated":true}]}}