{"id":7987,"date":"2022-05-28T17:43:43","date_gmt":"2022-05-28T23:43:43","guid":{"rendered":"https:\/\/paradiseproductscr.com\/product\/picacaballo\/"},"modified":"2023-12-15T09:57:14","modified_gmt":"2023-12-15T03:57:14","slug":"picacaballo","status":"publish","type":"product","link":"https:\/\/paradiseproductscr.com\/fr\/produit\/picacaballo\/","title":{"rendered":"Picacaballo"},"content":{"rendered":"<p class=\"franja\"><strong>\u00c2ge:<\/strong> 3 \u00e0 7 ans<\/p>\n<p><strong>Pages:<\/strong>16<\/p>\n<p><strong>Finition:<\/strong> chevalet rustique,<\/p>\n<p>papier couche 150g<\/p>\n<p><strong>Auteur:<\/strong> Anne Se\u00f1ol<\/p>\n<p><strong>llustrateur: <\/strong>Adi\u00e1n Gonz\u00e1lez<\/p>\n<p>La nature semble s\u2019amuser avec n\u2019importe quel moment de \u00ab\u00a0folie\u00a0\u00bb. C\u2019est le cas de l\u2019araign\u00e9e picacaballo. Elle a huit yeux (un pour chaque patte), des poils tout autour et ses ennemis sont jet\u00e9s fl\u00e9chettes mortelles qui loge dans son estomac.<\/p>\n<p>Ce n\u2019est pas tout, mais pour en savoir plus, il faut entrer dans les entrailles de ce curieux num\u00e9ro de la collection Zoorprendentes.<\/p>\n<p>Comme d\u2019habitude, Anne Se\u00f1ol s\u2019est attach\u00e9e a l&rsquo;araign\u00e9e Picacaballo et Adi\u00e1n Gonz\u00e1lez, qui n\u2019a pas peur d\u2019une araign\u00e9e, s\u2019est mis au travail pour recr\u00e9er ce sp\u00e9cimen qui fait des siennes dans la campagne costaricienne.<\/p>\n","protected":false},"excerpt":{"rendered":"<p>La nature semble s\u2019amuser avec n\u2019importe quel moment de \u00ab\u00a0folie\u00a0\u00bb. C\u2019est le cas de l\u2019araign\u00e9e picacaballo. Elle a huit yeux (un pour chaque patte), des poils tout autour et ses ennemis sont jet\u00e9s fl\u00e9chettes mortelles qui loge dans son estomac.<\/p>\n<p>Ce n\u2019est pas tout, mais pour en savoir plus, il faut entrer dans les entrailles de ce curieux num\u00e9ro de la collection Zoorprendentes.<\/p>\n<p>Comme d\u2019habitude, Anne Se\u00f1ol s\u2019est attach\u00e9e a l&rsquo;araign\u00e9e Picacaballo et Adi\u00e1n Gonz\u00e1lez, qui n\u2019a pas peur d\u2019une araign\u00e9e, s\u2019est mis au travail pour recr\u00e9er ce sp\u00e9cimen qui fait des siennes dans la campagne costaricienne.<\/p>\n<p>&nbsp;<\/p>\n<p>&nbsp;<\/p>\n<p>&nbsp;<\/p>\n","protected":false},"featured_media":5856,"comment_status":"closed","ping_status":"closed","template":"","meta":[],"etheme_brands":[],"product_brand":[],"product_cat":[74],"product_tag":[],"class_list":{"0":"post-7987","1":"product","2":"type-product","3":"status-publish","4":"has-post-thumbnail","6":"product_cat-alimentos","8":"first","9":"instock","10":"taxable","11":"shipping-taxable","12":"purchasable","13":"product-type-simple"},"exclude_global_add_ons":[],"addons":[],"_links":{"self":[{"href":"https:\/\/paradiseproductscr.com\/fr\/wp-json\/wp\/v2\/product\/7987","targetHints":{"allow":["GET"]}}],"collection":[{"href":"https:\/\/paradiseproductscr.com\/fr\/wp-json\/wp\/v2\/product"}],"about":[{"href":"https:\/\/paradiseproductscr.com\/fr\/wp-json\/wp\/v2\/types\/product"}],"replies":[{"embeddable":true,"href":"https:\/\/paradiseproductscr.com\/fr\/wp-json\/wp\/v2\/comments?post=7987"}],"version-history":[{"count":1,"href":"https:\/\/paradiseproductscr.com\/fr\/wp-json\/wp\/v2\/product\/7987\/revisions"}],"predecessor-version":[{"id":7988,"href":"https:\/\/paradiseproductscr.com\/fr\/wp-json\/wp\/v2\/product\/7987\/revisions\/7988"}],"wp:featuredmedia":[{"embeddable":true,"href":"https:\/\/paradiseproductscr.com\/fr\/wp-json\/wp\/v2\/media\/5856"}],"wp:attachment":[{"href":"https:\/\/paradiseproductscr.com\/fr\/wp-json\/wp\/v2\/media?parent=7987"}],"wp:term":[{"taxonomy":"brand","embeddable":true,"href":"https:\/\/paradiseproductscr.com\/fr\/wp-json\/wp\/v2\/etheme_brands?post=7987"},{"taxonomy":"product_brand","embeddable":true,"href":"https:\/\/paradiseproductscr.com\/fr\/wp-json\/wp\/v2\/product_brand?post=7987"},{"taxonomy":"product_cat","embeddable":true,"href":"https:\/\/paradiseproductscr.com\/fr\/wp-json\/wp\/v2\/product_cat?post=7987"},{"taxonomy":"product_tag","embeddable":true,"href":"https:\/\/paradiseproductscr.com\/fr\/wp-json\/wp\/v2\/product_tag?post=7987"}],"curies":[{"name":"wp","href":"https:\/\/api.w.org\/{rel}","templated":true}]}}