{"id":7989,"date":"2022-05-28T11:43:43","date_gmt":"2022-05-28T17:43:43","guid":{"rendered":"https:\/\/paradiseproductscr.com\/product\/la-raie\/"},"modified":"2022-05-28T17:43:43","modified_gmt":"2022-05-28T11:43:43","slug":"la-raie","status":"publish","type":"product","link":"https:\/\/paradiseproductscr.com\/fr\/produit\/la-raie\/","title":{"rendered":"La raie"},"content":{"rendered":"<p class=\"franja\"><strong>\u00c2ge:<\/strong> 3 \u00e0 7 ans<\/p>\n<p><strong>Pages:<\/strong>16<\/p>\n<p><strong>Finition:<\/strong> chevalet rustique, papier couche 150g<\/p>\n<p><strong>Auteur:<\/strong> Anne Se\u00f1ol<\/p>\n<p><strong>llustrateur: <\/strong>Adi\u00e1n Gonz\u00e1lez<\/p>\n<p>On dirait un cerf-volant. Parfois un chasseur-bombardiers. Parfois, c\u2019est une fleur. Il s&rsquo;agit de la raie, semblable \u00e0 un cam\u00e9l\u00e9on mais moins inoffensif. \u00c0 la r\u00e9flexion, il y a une soucoupe volante qui se prom\u00e8ne lentement, non pas dans les airs mais dans les eaux de presque toutes les mers, pr\u00e8s des c\u00f4tes.<\/p>\n<p>C\u2019est un poisson rare, avec beaucoup de famille. Certains \u00e9mettent des d\u00e9charges \u00e9lectriques, injectent du poison et mordent violemment. Un tel \u00ab\u00a0personnage\u00a0\u00bb ne pouvait passer inaper\u00e7u pour les yeux avides d\u2019histoires de Anne Se\u00f1ol, ni pour les pinceaux portraitistes de Adi\u00e1n Gonz\u00e1lez, l\u2019\u00e9minent illustrateur de la collection Zoorprendentes.<\/p>\n","protected":false},"excerpt":{"rendered":"<p>On dirait un cerf-volant. Parfois un chasseur-bombardiers. Parfois, c\u2019est une fleur. Il s&rsquo;agit de la raie, semblable \u00e0 un cam\u00e9l\u00e9on mais moins inoffensif. \u00c0 la r\u00e9flexion, il y a une soucoupe volante qui se prom\u00e8ne lentement, non pas dans les airs mais dans les eaux de presque toutes les mers, pr\u00e8s des c\u00f4tes.<\/p>\n<p>C\u2019est un poisson rare, avec beaucoup de famille. Certains \u00e9mettent des d\u00e9charges \u00e9lectriques, injectent du poison et mordent violemment. Un tel \u00ab\u00a0personnage\u00a0\u00bb ne pouvait passer inaper\u00e7u pour les yeux avides d\u2019histoires de Anne Se\u00f1ol, ni pour les pinceaux portraitistes de Adi\u00e1n Gonz\u00e1lez, l\u2019\u00e9minent illustrateur de la collection Zoorprendentes.<\/p>\n<p>&nbsp;<\/p>\n<p>&nbsp;<\/p>\n<p>&nbsp;<\/p>\n<p>&nbsp;<\/p>\n","protected":false},"featured_media":5858,"comment_status":"closed","ping_status":"closed","template":"","meta":[],"etheme_brands":[],"product_brand":[],"product_cat":[593],"product_tag":[594,595,603,602,597,604,599,598,600,601,596],"class_list":{"0":"post-7989","1":"product","2":"type-product","3":"status-publish","4":"has-post-thumbnail","6":"product_cat-medias-et-musique","7":"product_tag-apprentissage","8":"product_tag-contes","9":"product_tag-enfants","10":"product_tag-filles","11":"product_tag-histoires","12":"product_tag-infantile-fr","13":"product_tag-la-girafe-et-moi","14":"product_tag-langues","15":"product_tag-lecture","16":"product_tag-livres","17":"product_tag-scolaire","19":"first","20":"instock","21":"taxable","22":"shipping-taxable","23":"purchasable","24":"product-type-simple"},"exclude_global_add_ons":[],"addons":[],"_links":{"self":[{"href":"https:\/\/paradiseproductscr.com\/fr\/wp-json\/wp\/v2\/product\/7989","targetHints":{"allow":["GET"]}}],"collection":[{"href":"https:\/\/paradiseproductscr.com\/fr\/wp-json\/wp\/v2\/product"}],"about":[{"href":"https:\/\/paradiseproductscr.com\/fr\/wp-json\/wp\/v2\/types\/product"}],"replies":[{"embeddable":true,"href":"https:\/\/paradiseproductscr.com\/fr\/wp-json\/wp\/v2\/comments?post=7989"}],"version-history":[{"count":0,"href":"https:\/\/paradiseproductscr.com\/fr\/wp-json\/wp\/v2\/product\/7989\/revisions"}],"wp:featuredmedia":[{"embeddable":true,"href":"https:\/\/paradiseproductscr.com\/fr\/wp-json\/wp\/v2\/media\/5858"}],"wp:attachment":[{"href":"https:\/\/paradiseproductscr.com\/fr\/wp-json\/wp\/v2\/media?parent=7989"}],"wp:term":[{"taxonomy":"brand","embeddable":true,"href":"https:\/\/paradiseproductscr.com\/fr\/wp-json\/wp\/v2\/etheme_brands?post=7989"},{"taxonomy":"product_brand","embeddable":true,"href":"https:\/\/paradiseproductscr.com\/fr\/wp-json\/wp\/v2\/product_brand?post=7989"},{"taxonomy":"product_cat","embeddable":true,"href":"https:\/\/paradiseproductscr.com\/fr\/wp-json\/wp\/v2\/product_cat?post=7989"},{"taxonomy":"product_tag","embeddable":true,"href":"https:\/\/paradiseproductscr.com\/fr\/wp-json\/wp\/v2\/product_tag?post=7989"}],"curies":[{"name":"wp","href":"https:\/\/api.w.org\/{rel}","templated":true}]}}