{"id":7990,"date":"2022-05-28T11:43:43","date_gmt":"2022-05-28T17:43:43","guid":{"rendered":"https:\/\/paradiseproductscr.com\/product\/el-vencejo-le-martinet\/"},"modified":"2023-12-15T10:15:22","modified_gmt":"2023-12-15T04:15:22","slug":"el-vencejo-le-martinet","status":"publish","type":"product","link":"https:\/\/paradiseproductscr.com\/fr\/produit\/el-vencejo-le-martinet\/","title":{"rendered":"El vencejo \/ Le martinet"},"content":{"rendered":"<div class=\"row\">\n<div class=\"col-md-6\">\n<p><b>\u00c2ge:<\/b> 3 \u00e0 7 ans<\/p>\n<p><b>Pages:<\/b>16<\/p>\n<p><b>Finition:<\/b> chevalet rustique,<\/p>\n<p>papier couche 150g<\/p>\n<p><b>Auteur:<\/b> Anne Se\u00f1ol<\/p>\n<p><b>llustrateur: <\/b>Adi\u00e1n Gonz\u00e1lez<\/p>\n<p><strong>Bilingue<\/strong><\/p>\n<p>&nbsp;<\/p>\n<div class=\"row\">\n<div class=\"col-md-6\">\n<p>C\u2019est un drone ?<\/p>\n<p>C\u2019est une fus\u00e9e ?<\/p>\n<p>Ou c\u2019est un avion ?<\/p>\n<p>Non, c\u2019est un martinet qui vit sa vie en volant.<\/p>\n<p>Semblable \u00e0 l\u2019hirondelle et parfois confondu avec elle, cet oiseau fait tout dans l\u2019air \u00e0 des vitesses prodigieuses, couvrant d\u2019\u00e9normes distances sans s\u2019arr\u00eater.<\/p>\n<p>&nbsp;<\/p>\n<\/div>\n<div class=\"col-md-6\">\n<p>S&rsquo;agit-il d&rsquo;un drone ?<\/p>\n<p>Peut-\u00eatre un cerf-volant ?<\/p>\n<p>Peut-\u00eatre un avion ?<\/p>\n<p>C&rsquo;est faux ! C&rsquo;est un martinet, l&rsquo;oiseau qui ne cesse de voler.<\/p>\n<p>Semblable \u00e0 une hirondelle et souvent confondue avec elle, cette merveille a\u00e9rienne fait tout avec le vent. At dizzying speeds, he covers great distances without ever landing.<\/p>\n<\/div>\n<\/div>\n<\/div>\n<\/div>\n<p>&nbsp;<\/p>\n","protected":false},"excerpt":{"rendered":"<p>&nbsp;<\/p>\n<div class=\"col-md-6\">\n<p>C\u2019est un drone ?<\/p>\n<p>C\u2019est une fus\u00e9e ?<\/p>\n<p>Ou c\u2019est un avion ?<\/p>\n<p>Non, c\u2019est un martinet qui vit sa vie en volant.<\/p>\n<p>Semblable \u00e0 l\u2019hirondelle et parfois confondu avec elle, cet oiseau fait tout dans l\u2019air \u00e0 des vitesses prodigieuses, couvrant d\u2019\u00e9normes distances sans s\u2019arr\u00eater.<\/p>\n<p>&nbsp;<\/p>\n<\/div>\n<div class=\"col-md-6\">\n<p>S&rsquo;agit-il d&rsquo;un drone ?<\/p>\n<p>Peut-\u00eatre un cerf-volant ?<\/p>\n<p>Peut-\u00eatre un avion ?<\/p>\n<p>C&rsquo;est faux ! C&rsquo;est un martinet, l&rsquo;oiseau qui ne cesse de voler.<\/p>\n<p>Semblable \u00e0 une hirondelle et souvent confondue avec elle, cette merveille a\u00e9rienne fait tout avec le vent. \u00c0 une vitesse vertigineuse, il parcourt de grandes distances sans jamais atterrir.<\/p>\n<\/div>\n<p>&nbsp;<\/p>\n<p>&nbsp;<\/p>\n<p>&nbsp;<\/p>\n<p>&nbsp;<\/p>\n","protected":false},"featured_media":5860,"comment_status":"closed","ping_status":"closed","template":"","meta":[],"etheme_brands":[],"product_brand":[],"product_cat":[593],"product_tag":[594,595,603,602,597,604,599,598,600,601,596],"class_list":{"0":"post-7990","1":"product","2":"type-product","3":"status-publish","4":"has-post-thumbnail","6":"product_cat-medias-et-musique","7":"product_tag-apprentissage","8":"product_tag-contes","9":"product_tag-enfants","10":"product_tag-filles","11":"product_tag-histoires","12":"product_tag-infantile-fr","13":"product_tag-la-girafe-et-moi","14":"product_tag-langues","15":"product_tag-lecture","16":"product_tag-livres","17":"product_tag-scolaire","19":"first","20":"instock","21":"taxable","22":"shipping-taxable","23":"purchasable","24":"product-type-simple"},"exclude_global_add_ons":[],"addons":[],"_links":{"self":[{"href":"https:\/\/paradiseproductscr.com\/fr\/wp-json\/wp\/v2\/product\/7990","targetHints":{"allow":["GET"]}}],"collection":[{"href":"https:\/\/paradiseproductscr.com\/fr\/wp-json\/wp\/v2\/product"}],"about":[{"href":"https:\/\/paradiseproductscr.com\/fr\/wp-json\/wp\/v2\/types\/product"}],"replies":[{"embeddable":true,"href":"https:\/\/paradiseproductscr.com\/fr\/wp-json\/wp\/v2\/comments?post=7990"}],"version-history":[{"count":1,"href":"https:\/\/paradiseproductscr.com\/fr\/wp-json\/wp\/v2\/product\/7990\/revisions"}],"predecessor-version":[{"id":7991,"href":"https:\/\/paradiseproductscr.com\/fr\/wp-json\/wp\/v2\/product\/7990\/revisions\/7991"}],"wp:featuredmedia":[{"embeddable":true,"href":"https:\/\/paradiseproductscr.com\/fr\/wp-json\/wp\/v2\/media\/5860"}],"wp:attachment":[{"href":"https:\/\/paradiseproductscr.com\/fr\/wp-json\/wp\/v2\/media?parent=7990"}],"wp:term":[{"taxonomy":"brand","embeddable":true,"href":"https:\/\/paradiseproductscr.com\/fr\/wp-json\/wp\/v2\/etheme_brands?post=7990"},{"taxonomy":"product_brand","embeddable":true,"href":"https:\/\/paradiseproductscr.com\/fr\/wp-json\/wp\/v2\/product_brand?post=7990"},{"taxonomy":"product_cat","embeddable":true,"href":"https:\/\/paradiseproductscr.com\/fr\/wp-json\/wp\/v2\/product_cat?post=7990"},{"taxonomy":"product_tag","embeddable":true,"href":"https:\/\/paradiseproductscr.com\/fr\/wp-json\/wp\/v2\/product_tag?post=7990"}],"curies":[{"name":"wp","href":"https:\/\/api.w.org\/{rel}","templated":true}]}}