{"id":8071,"date":"2022-05-28T11:43:22","date_gmt":"2022-05-28T17:43:22","guid":{"rendered":"https:\/\/paradiseproductscr.com\/product\/el-guaco\/"},"modified":"2022-05-28T17:43:22","modified_gmt":"2022-05-28T11:43:22","slug":"el-guaco","status":"publish","type":"product","link":"https:\/\/paradiseproductscr.com\/fr\/produit\/el-guaco\/","title":{"rendered":"El guaco"},"content":{"rendered":"<p class=\"franja\"><strong>\u00c2ge:<\/strong> 3 \u00e0 7 ans<\/p>\n<p><strong>Pages:<\/strong>16<\/p>\n<p><strong>Finition:<\/strong> chevalet rustique, papier couche 150g<\/p>\n<p><strong>Auteur:<\/strong> Anne Se\u00f1ol<\/p>\n<p><strong>llustrateur: <\/strong>Adi\u00e1n Gonz\u00e1lez<\/p>\n<p>Bien qu\u2019il porte une sorte de masque sur son visage, El Guaco n\u2019est pas un criminel. C\u2019est juste un oiseau courageux. Il n\u2019a peur de rien. Pas m\u00eame les serpents.<\/p>\n<p>Mais il est aussi aimant, comme en t\u00e9moigne l\u2019affection avec laquelle il nourrit ses petits.<\/p>\n<p>Le courage implique son peu de po\u00e9sie. Anne Se\u00f1ol et Adi\u00e1n Gonz\u00e1lez capturent avec leurs arts respectifs l\u2019essence de ce curieux petit oiseau.<\/p>\n","protected":false},"excerpt":{"rendered":"<p>&nbsp;<\/p>\n<p>Bien qu\u2019il porte une sorte de masque sur son visage, El Guaco n\u2019est pas un criminel. C\u2019est juste un oiseau courageux. Il n\u2019a peur de rien. Pas m\u00eame les serpents.<\/p>\n<p>Mais il est aussi aimant, comme en t\u00e9moigne l\u2019affection avec laquelle il nourrit ses petits.<\/p>\n<p>Le courage implique son peu de po\u00e9sie. Anne Se\u00f1ol et Adi\u00e1n Gonz\u00e1lez capturent avec leurs arts respectifs l\u2019essence de ce curieux petit oiseau.<\/p>\n<p>&nbsp;<\/p>\n<p>&nbsp;<\/p>\n<p>&nbsp;<\/p>\n","protected":false},"featured_media":9493,"comment_status":"closed","ping_status":"closed","template":"","meta":[],"etheme_brands":[],"product_brand":[],"product_cat":[593],"product_tag":[594,595,603,602,597,604,599,598,600,601,596],"class_list":{"0":"post-8071","1":"product","2":"type-product","3":"status-publish","4":"has-post-thumbnail","6":"product_cat-medias-et-musique","7":"product_tag-apprentissage","8":"product_tag-contes","9":"product_tag-enfants","10":"product_tag-filles","11":"product_tag-histoires","12":"product_tag-infantile-fr","13":"product_tag-la-girafe-et-moi","14":"product_tag-langues","15":"product_tag-lecture","16":"product_tag-livres","17":"product_tag-scolaire","19":"first","20":"instock","21":"taxable","22":"shipping-taxable","23":"purchasable","24":"product-type-simple"},"exclude_global_add_ons":[],"addons":[],"_links":{"self":[{"href":"https:\/\/paradiseproductscr.com\/fr\/wp-json\/wp\/v2\/product\/8071","targetHints":{"allow":["GET"]}}],"collection":[{"href":"https:\/\/paradiseproductscr.com\/fr\/wp-json\/wp\/v2\/product"}],"about":[{"href":"https:\/\/paradiseproductscr.com\/fr\/wp-json\/wp\/v2\/types\/product"}],"replies":[{"embeddable":true,"href":"https:\/\/paradiseproductscr.com\/fr\/wp-json\/wp\/v2\/comments?post=8071"}],"version-history":[{"count":0,"href":"https:\/\/paradiseproductscr.com\/fr\/wp-json\/wp\/v2\/product\/8071\/revisions"}],"wp:featuredmedia":[{"embeddable":true,"href":"https:\/\/paradiseproductscr.com\/fr\/wp-json\/wp\/v2\/media\/9493"}],"wp:attachment":[{"href":"https:\/\/paradiseproductscr.com\/fr\/wp-json\/wp\/v2\/media?parent=8071"}],"wp:term":[{"taxonomy":"brand","embeddable":true,"href":"https:\/\/paradiseproductscr.com\/fr\/wp-json\/wp\/v2\/etheme_brands?post=8071"},{"taxonomy":"product_brand","embeddable":true,"href":"https:\/\/paradiseproductscr.com\/fr\/wp-json\/wp\/v2\/product_brand?post=8071"},{"taxonomy":"product_cat","embeddable":true,"href":"https:\/\/paradiseproductscr.com\/fr\/wp-json\/wp\/v2\/product_cat?post=8071"},{"taxonomy":"product_tag","embeddable":true,"href":"https:\/\/paradiseproductscr.com\/fr\/wp-json\/wp\/v2\/product_tag?post=8071"}],"curies":[{"name":"wp","href":"https:\/\/api.w.org\/{rel}","templated":true}]}}