{"id":8072,"date":"2022-05-28T11:43:22","date_gmt":"2022-05-28T17:43:22","guid":{"rendered":"https:\/\/paradiseproductscr.com\/product\/une-pieuvre-dans-son-encre\/"},"modified":"2022-05-28T17:43:22","modified_gmt":"2022-05-28T11:43:22","slug":"une-pieuvre-dans-son-encre","status":"publish","type":"product","link":"https:\/\/paradiseproductscr.com\/fr\/produit\/une-pieuvre-dans-son-encre\/","title":{"rendered":"Une pieuvre dans son encre"},"content":{"rendered":"<p class=\"franja\"><strong>\u00c2ge:<\/strong> 3 \u00e0 7 ans<\/p>\n<p><strong>Pages:<\/strong>16<\/p>\n<p><strong>Finition:<\/strong> chevalet rustique,<\/p>\n<p>papier couche 150g<\/p>\n<p><strong>Auteur:<\/strong> Anne Se\u00f1ol<\/p>\n<p><strong>llustrateur: <\/strong>Adi\u00e1n Gonz\u00e1lez<\/p>\n<p>Avec leur apparence d&rsquo;\u00eatres extraterrestres, intelligents comme peu d&rsquo;autres, les pieuvres ont aliment\u00e9 l&rsquo;imagination de tous les temps. Vous vous souvenez de la pieuvre g\u00e9ante dans Vingt mille lieues sous les mers de Jules Verne ? Vous vous souvenez d&rsquo;Ursula, la sorci\u00e8re de La Petite Sir\u00e8ne ?<\/p>\n<p>Les pieuvres sont des petits animaux tentaculaires et spectaculaires, des artistes du camouflage. Anne Se\u00f1ol et Adi\u00e1n Gonz\u00e1lez se sont mis sur la balance de l&rsquo;observation et de l&rsquo;imagination, et ont plong\u00e9 dans quelques-unes des multiples facettes d&rsquo;une captivante pieuvre femelle qui n&rsquo;a pas moins de trois c\u0153urs.<\/p>\n","protected":false},"excerpt":{"rendered":"<p>&nbsp;<\/p>\n<p>Avec leur apparence d&rsquo;\u00eatres extraterrestres, intelligents comme peu d&rsquo;autres, les pieuvres ont aliment\u00e9 l&rsquo;imagination de tous les temps. Vous vous souvenez de la pieuvre g\u00e9ante dans Vingt mille lieues sous les mers de Jules Verne ? Vous vous souvenez d&rsquo;Ursula, la sorci\u00e8re de La Petite Sir\u00e8ne ?<\/p>\n<p>Les pieuvres sont des petits animaux tentaculaires et spectaculaires, des artistes du camouflage. Anne Se\u00f1ol et Adi\u00e1n Gonz\u00e1lez se sont mis sur la balance de l&rsquo;observation et de l&rsquo;imagination, et ont plong\u00e9 dans quelques-unes des multiples facettes d&rsquo;une captivante pieuvre femelle qui n&rsquo;a pas moins de trois c\u0153urs.<\/p>\n<p>&nbsp;<\/p>\n<p>&nbsp;<\/p>\n<p>&nbsp;<\/p>\n<p>&nbsp;<\/p>\n","protected":false},"featured_media":5852,"comment_status":"closed","ping_status":"closed","template":"","meta":[],"etheme_brands":[],"product_brand":[],"product_cat":[593],"product_tag":[594,595,603,602,597,604,599,598,600,601,596],"class_list":{"0":"post-8072","1":"product","2":"type-product","3":"status-publish","4":"has-post-thumbnail","6":"product_cat-medias-et-musique","7":"product_tag-apprentissage","8":"product_tag-contes","9":"product_tag-enfants","10":"product_tag-filles","11":"product_tag-histoires","12":"product_tag-infantile-fr","13":"product_tag-la-girafe-et-moi","14":"product_tag-langues","15":"product_tag-lecture","16":"product_tag-livres","17":"product_tag-scolaire","19":"first","20":"instock","21":"taxable","22":"shipping-taxable","23":"purchasable","24":"product-type-simple"},"exclude_global_add_ons":[],"addons":[],"_links":{"self":[{"href":"https:\/\/paradiseproductscr.com\/fr\/wp-json\/wp\/v2\/product\/8072","targetHints":{"allow":["GET"]}}],"collection":[{"href":"https:\/\/paradiseproductscr.com\/fr\/wp-json\/wp\/v2\/product"}],"about":[{"href":"https:\/\/paradiseproductscr.com\/fr\/wp-json\/wp\/v2\/types\/product"}],"replies":[{"embeddable":true,"href":"https:\/\/paradiseproductscr.com\/fr\/wp-json\/wp\/v2\/comments?post=8072"}],"version-history":[{"count":0,"href":"https:\/\/paradiseproductscr.com\/fr\/wp-json\/wp\/v2\/product\/8072\/revisions"}],"wp:featuredmedia":[{"embeddable":true,"href":"https:\/\/paradiseproductscr.com\/fr\/wp-json\/wp\/v2\/media\/5852"}],"wp:attachment":[{"href":"https:\/\/paradiseproductscr.com\/fr\/wp-json\/wp\/v2\/media?parent=8072"}],"wp:term":[{"taxonomy":"brand","embeddable":true,"href":"https:\/\/paradiseproductscr.com\/fr\/wp-json\/wp\/v2\/etheme_brands?post=8072"},{"taxonomy":"product_brand","embeddable":true,"href":"https:\/\/paradiseproductscr.com\/fr\/wp-json\/wp\/v2\/product_brand?post=8072"},{"taxonomy":"product_cat","embeddable":true,"href":"https:\/\/paradiseproductscr.com\/fr\/wp-json\/wp\/v2\/product_cat?post=8072"},{"taxonomy":"product_tag","embeddable":true,"href":"https:\/\/paradiseproductscr.com\/fr\/wp-json\/wp\/v2\/product_tag?post=8072"}],"curies":[{"name":"wp","href":"https:\/\/api.w.org\/{rel}","templated":true}]}}