{"id":8073,"date":"2022-05-28T17:43:22","date_gmt":"2022-05-28T23:43:22","guid":{"rendered":"https:\/\/paradiseproductscr.com\/product\/la-tortue-serpentine\/"},"modified":"2022-05-28T17:43:22","modified_gmt":"2022-05-28T11:43:22","slug":"la-tortue-serpentine","status":"publish","type":"product","link":"https:\/\/paradiseproductscr.com\/fr\/produit\/la-tortue-serpentine\/","title":{"rendered":"La tortue serpentine"},"content":{"rendered":"<p class=\"franja\"><strong>\u00c2ge:<\/strong> 3 \u00e0 7 ans<\/p>\n<p><strong>Pages:<\/strong>16<\/p>\n<p><strong>Finition:<\/strong> chevalet rustique,<\/p>\n<p>papier couche 150g<\/p>\n<p><strong>Auteur:<\/strong> Anne Se\u00f1ol<\/p>\n<p><strong>llustrateur: <\/strong>Adi\u00e1n Gonz\u00e1lez<\/p>\n<p>En marchant dans les vall\u00e9es et les volcans du Costa Rica, Mme Se\u00f1ol s\u2019est retrouv\u00e9e face \u00e0 une tortue de mauvais caract\u00e8re qui a failli la mordre.<\/p>\n<p>La r\u00e9action de la cr\u00e9atrice de nos Zoorprendentes a \u00e9t\u00e9 de sortir du papier et du crayon et de lui faire une interview. Puis, malgr\u00e9 son temp\u00e9rament agressif, la tortue posa fi\u00e8rement pour l\u2019illustrateur Adi\u00e1n Gonz\u00e1lez.<\/p>\n<p>La maison d&rsquo;\u00e9dition La Girafe et moi pense que le bureau d&rsquo;\u00e9tudes de M\u00e8re Nature n&rsquo;a pas \u00e9t\u00e9 \u00e0 la hauteur lorsqu&rsquo;il s&rsquo;est agi d&rsquo;assembler la tortue serpentine.<\/p>\n","protected":false},"excerpt":{"rendered":"<p>&nbsp;<\/p>\n<p>En marchant dans les vall\u00e9es et les volcans du Costa Rica, Mme Se\u00f1ol s\u2019est retrouv\u00e9e face \u00e0 une tortue de mauvais caract\u00e8re qui a failli la mordre.<\/p>\n<p>La r\u00e9action de la cr\u00e9atrice de nos Zoorprendentes a \u00e9t\u00e9 de sortir du papier et du crayon et de lui faire une interview. Puis, malgr\u00e9 son temp\u00e9rament agressif, la tortue posa fi\u00e8rement pour l\u2019illustrateur Adi\u00e1n Gonz\u00e1lez.<\/p>\n<p>La maison d&rsquo;\u00e9dition La Girafe et moi pense que le bureau d&rsquo;\u00e9tudes de M\u00e8re Nature n&rsquo;a pas \u00e9t\u00e9 \u00e0 la hauteur lorsqu&rsquo;il s&rsquo;est agi d&rsquo;assembler la tortue serpentine.<\/p>\n<p>&nbsp;<\/p>\n<p>&nbsp;<\/p>\n<p>&nbsp;<\/p>\n<p>&nbsp;<\/p>\n<p>&nbsp;<\/p>\n","protected":false},"featured_media":5854,"comment_status":"closed","ping_status":"closed","template":"","meta":[],"etheme_brands":[],"product_brand":[],"product_cat":[74],"product_tag":[],"class_list":{"0":"post-8073","1":"product","2":"type-product","3":"status-publish","4":"has-post-thumbnail","6":"product_cat-alimentos","8":"first","9":"instock","10":"taxable","11":"shipping-taxable","12":"purchasable","13":"product-type-simple"},"exclude_global_add_ons":[],"addons":[],"_links":{"self":[{"href":"https:\/\/paradiseproductscr.com\/fr\/wp-json\/wp\/v2\/product\/8073","targetHints":{"allow":["GET"]}}],"collection":[{"href":"https:\/\/paradiseproductscr.com\/fr\/wp-json\/wp\/v2\/product"}],"about":[{"href":"https:\/\/paradiseproductscr.com\/fr\/wp-json\/wp\/v2\/types\/product"}],"replies":[{"embeddable":true,"href":"https:\/\/paradiseproductscr.com\/fr\/wp-json\/wp\/v2\/comments?post=8073"}],"version-history":[{"count":0,"href":"https:\/\/paradiseproductscr.com\/fr\/wp-json\/wp\/v2\/product\/8073\/revisions"}],"wp:featuredmedia":[{"embeddable":true,"href":"https:\/\/paradiseproductscr.com\/fr\/wp-json\/wp\/v2\/media\/5854"}],"wp:attachment":[{"href":"https:\/\/paradiseproductscr.com\/fr\/wp-json\/wp\/v2\/media?parent=8073"}],"wp:term":[{"taxonomy":"brand","embeddable":true,"href":"https:\/\/paradiseproductscr.com\/fr\/wp-json\/wp\/v2\/etheme_brands?post=8073"},{"taxonomy":"product_brand","embeddable":true,"href":"https:\/\/paradiseproductscr.com\/fr\/wp-json\/wp\/v2\/product_brand?post=8073"},{"taxonomy":"product_cat","embeddable":true,"href":"https:\/\/paradiseproductscr.com\/fr\/wp-json\/wp\/v2\/product_cat?post=8073"},{"taxonomy":"product_tag","embeddable":true,"href":"https:\/\/paradiseproductscr.com\/fr\/wp-json\/wp\/v2\/product_tag?post=8073"}],"curies":[{"name":"wp","href":"https:\/\/api.w.org\/{rel}","templated":true}]}}