{"id":8076,"date":"2022-05-28T17:43:21","date_gmt":"2022-05-28T23:43:21","guid":{"rendered":"https:\/\/paradiseproductscr.com\/product\/la-chicharra\/"},"modified":"2022-05-28T17:43:21","modified_gmt":"2022-05-28T11:43:21","slug":"la-chicharra","status":"publish","type":"product","link":"https:\/\/paradiseproductscr.com\/fr\/produit\/la-chicharra\/","title":{"rendered":"La chicharra"},"content":{"rendered":"<p class=\"franja\"><strong>\u00c2ge:<\/strong> 3 \u00e0 7 ans<\/p>\n<p><strong>Pages:<\/strong>16<\/p>\n<p><strong>Finition:<\/strong> chevalet rustique,<\/p>\n<p>papier couche 150g<\/p>\n<p><strong>Auteur:<\/strong> Anne Se\u00f1ol<\/p>\n<p><strong>llustrateur: <\/strong>Adi\u00e1n Gonz\u00e1lez<\/p>\n<p>Dans plusieurs parties du monde, les gens mangent les chicharras, mais dans les \u00e9ditions La Girafe et Moi, nous pr\u00e9f\u00e9rons pr\u00e9senter cet animal s\u00e9duisant sous la loupe d\u2019Anne Se\u00f1ol et Adi\u00e1n Gonz\u00e1lez.<br \/>\nLa chicharra chante et chante et nous aimons sa plainte assourdissante. Elle nous demande de mieux la conna\u00eetre et c\u2019est pourquoi elle figure maintenant dans la collection Zoorprendentes de la maison d\u2019\u00e9dition La Girafe et Moi.<\/p>\n<p>&nbsp;<\/p>\n","protected":false},"excerpt":{"rendered":"<p>Dans plusieurs parties du monde, les gens mangent les chicharras mais dans les \u00e9ditions La Girafe et Moi nous pr\u00e9f\u00e9rons pr\u00e9senter cet animal s\u00e9duisant sous la loupe d\u2019Anne Se\u00f1ol et Adi\u00e1n Gonz\u00e1lez.<br \/>\nLa chicharra chante et chante et nous aimons sa plainte assourdissante. Elle nous demande de mieux la conna\u00eetre et c\u2019est pourquoi elle figure maintenant dans la collection Zoorprendentes de la maison d\u2019\u00e9dition La Girafe et Moi.<\/p>\n<p>&nbsp;<\/p>\n","protected":false},"featured_media":5840,"comment_status":"closed","ping_status":"closed","template":"","meta":[],"etheme_brands":[],"product_brand":[],"product_cat":[74],"product_tag":[],"class_list":{"0":"post-8076","1":"product","2":"type-product","3":"status-publish","4":"has-post-thumbnail","6":"product_cat-alimentos","8":"first","9":"instock","10":"taxable","11":"shipping-taxable","12":"purchasable","13":"product-type-simple"},"exclude_global_add_ons":[],"addons":[],"_links":{"self":[{"href":"https:\/\/paradiseproductscr.com\/fr\/wp-json\/wp\/v2\/product\/8076","targetHints":{"allow":["GET"]}}],"collection":[{"href":"https:\/\/paradiseproductscr.com\/fr\/wp-json\/wp\/v2\/product"}],"about":[{"href":"https:\/\/paradiseproductscr.com\/fr\/wp-json\/wp\/v2\/types\/product"}],"replies":[{"embeddable":true,"href":"https:\/\/paradiseproductscr.com\/fr\/wp-json\/wp\/v2\/comments?post=8076"}],"version-history":[{"count":0,"href":"https:\/\/paradiseproductscr.com\/fr\/wp-json\/wp\/v2\/product\/8076\/revisions"}],"wp:featuredmedia":[{"embeddable":true,"href":"https:\/\/paradiseproductscr.com\/fr\/wp-json\/wp\/v2\/media\/5840"}],"wp:attachment":[{"href":"https:\/\/paradiseproductscr.com\/fr\/wp-json\/wp\/v2\/media?parent=8076"}],"wp:term":[{"taxonomy":"brand","embeddable":true,"href":"https:\/\/paradiseproductscr.com\/fr\/wp-json\/wp\/v2\/etheme_brands?post=8076"},{"taxonomy":"product_brand","embeddable":true,"href":"https:\/\/paradiseproductscr.com\/fr\/wp-json\/wp\/v2\/product_brand?post=8076"},{"taxonomy":"product_cat","embeddable":true,"href":"https:\/\/paradiseproductscr.com\/fr\/wp-json\/wp\/v2\/product_cat?post=8076"},{"taxonomy":"product_tag","embeddable":true,"href":"https:\/\/paradiseproductscr.com\/fr\/wp-json\/wp\/v2\/product_tag?post=8076"}],"curies":[{"name":"wp","href":"https:\/\/api.w.org\/{rel}","templated":true}]}}