{"id":8080,"date":"2022-05-28T17:43:21","date_gmt":"2022-05-28T23:43:21","guid":{"rendered":"https:\/\/paradiseproductscr.com\/product\/la-sirene-des-caraibes-2\/"},"modified":"2024-01-05T01:25:43","modified_gmt":"2024-01-04T19:25:43","slug":"la-sirene-des-caraibes-2","status":"publish","type":"product","link":"https:\/\/paradiseproductscr.com\/fr\/produit\/la-sirene-des-caraibes-2\/","title":{"rendered":"La sir\u00e8ne des Cara\u00efbes"},"content":{"rendered":"<p class=\"franja\"><strong>\u00c2ge:<\/strong> 3 \u00e0 7 ans<\/p>\n<p><strong>Pages:<\/strong>16<\/p>\n<p><strong>Finition:<\/strong> chevalet rustique,<\/p>\n<p>papier couche 150g<\/p>\n<p><strong>Auteur:<\/strong> Anne Se\u00f1ol<\/p>\n<p><strong>llustrateur: <\/strong>Adi\u00e1n Gonz\u00e1lez<\/p>\n<p>Le lamantin est un animal avec la gr\u00e2ce cach\u00e9e.<\/p>\n<p>Par sa gourmandise et sa corpulence, on l\u2019appelle vache marine; par son agilit\u00e9 et son bon caract\u00e8re, sir\u00e8ne.<\/p>\n<p>Sir\u00e9nien ou non, le lamantin est un animal tr\u00e8s appr\u00e9ci\u00e9. C&rsquo;est un petit bonhomme joufflu depuis qu&rsquo;il est tout petit et tout le monde l&rsquo;aime bien. Il peut vivre 70 ans ou plus. Les parents lamantin ne peut avoir qu&rsquo;un seul petit, dont la gestation dure 13 mois, l&rsquo;une des plus longues chez les mammif\u00e8res.<\/p>\n","protected":false},"excerpt":{"rendered":"<p>&nbsp;<\/p>\n<p>Le lamantin est un animal avec la gr\u00e2ce cach\u00e9e.<\/p>\n<p>Par sa gourmandise et sa corpulence, on l\u2019appelle vache marine; par son agilit\u00e9 et son bon caract\u00e8re, sir\u00e8ne.<\/p>\n<p>Sir\u00e9nien ou non, le lamantin est un animal tr\u00e8s appr\u00e9ci\u00e9. C&rsquo;est un petit bonhomme joufflu depuis qu&rsquo;il est tout petit et tout le monde l&rsquo;aime bien. Il peut vivre 70 ans ou plus. Les parents lamantin ne peut avoir qu&rsquo;un seul petit, dont la gestation dure 13 mois, l&rsquo;une des plus longues chez les mammif\u00e8res.<\/p>\n<p>&nbsp;<\/p>\n<p>&nbsp;<\/p>\n","protected":false},"featured_media":5848,"comment_status":"closed","ping_status":"closed","template":"","meta":[],"etheme_brands":[],"product_brand":[],"product_cat":[74],"product_tag":[],"class_list":{"0":"post-8080","1":"product","2":"type-product","3":"status-publish","4":"has-post-thumbnail","6":"product_cat-alimentos","8":"first","9":"instock","10":"taxable","11":"shipping-taxable","12":"purchasable","13":"product-type-simple"},"exclude_global_add_ons":[],"addons":[],"_links":{"self":[{"href":"https:\/\/paradiseproductscr.com\/fr\/wp-json\/wp\/v2\/product\/8080","targetHints":{"allow":["GET"]}}],"collection":[{"href":"https:\/\/paradiseproductscr.com\/fr\/wp-json\/wp\/v2\/product"}],"about":[{"href":"https:\/\/paradiseproductscr.com\/fr\/wp-json\/wp\/v2\/types\/product"}],"replies":[{"embeddable":true,"href":"https:\/\/paradiseproductscr.com\/fr\/wp-json\/wp\/v2\/comments?post=8080"}],"version-history":[{"count":1,"href":"https:\/\/paradiseproductscr.com\/fr\/wp-json\/wp\/v2\/product\/8080\/revisions"}],"predecessor-version":[{"id":8081,"href":"https:\/\/paradiseproductscr.com\/fr\/wp-json\/wp\/v2\/product\/8080\/revisions\/8081"}],"wp:featuredmedia":[{"embeddable":true,"href":"https:\/\/paradiseproductscr.com\/fr\/wp-json\/wp\/v2\/media\/5848"}],"wp:attachment":[{"href":"https:\/\/paradiseproductscr.com\/fr\/wp-json\/wp\/v2\/media?parent=8080"}],"wp:term":[{"taxonomy":"brand","embeddable":true,"href":"https:\/\/paradiseproductscr.com\/fr\/wp-json\/wp\/v2\/etheme_brands?post=8080"},{"taxonomy":"product_brand","embeddable":true,"href":"https:\/\/paradiseproductscr.com\/fr\/wp-json\/wp\/v2\/product_brand?post=8080"},{"taxonomy":"product_cat","embeddable":true,"href":"https:\/\/paradiseproductscr.com\/fr\/wp-json\/wp\/v2\/product_cat?post=8080"},{"taxonomy":"product_tag","embeddable":true,"href":"https:\/\/paradiseproductscr.com\/fr\/wp-json\/wp\/v2\/product_tag?post=8080"}],"curies":[{"name":"wp","href":"https:\/\/api.w.org\/{rel}","templated":true}]}}