{"id":8087,"date":"2022-05-28T11:42:59","date_gmt":"2022-05-28T17:42:59","guid":{"rendered":"https:\/\/paradiseproductscr.com\/product\/una-joyita-del-mar-une-petite-perle-de-la-mer\/"},"modified":"2022-05-28T17:42:59","modified_gmt":"2022-05-28T11:42:59","slug":"una-joyita-del-mar-une-petite-perle-de-la-mer","status":"publish","type":"product","link":"https:\/\/paradiseproductscr.com\/fr\/produit\/una-joyita-del-mar-une-petite-perle-de-la-mer\/","title":{"rendered":"Una joyita del mar (Une petite perle de la mer )"},"content":{"rendered":"<p class=\"franja\"><strong>\u00c2ge:<\/strong> 3 \u00e0 7 ans<\/p>\n<p><strong>Pages:<\/strong>16<\/p>\n<p><strong>Finition:<\/strong> chevalet rustique,<\/p>\n<p>papier couche 150g<\/p>\n<p><strong>Auteur:<\/strong> Anne Se\u00f1ol<\/p>\n<p><strong>llustrateur: <\/strong>Adi\u00e1n Gonz\u00e1lez<\/p>\n<p>Dans la mer, dont l&rsquo;immensit\u00e9 est proverbiale, vivent des milliers d&rsquo;esp\u00e8ces, dans une symphonie de tailles, de formes et de couleurs&#8230; Certaines de ces esp\u00e8ces sont mang\u00e9es par l&rsquo;homme et d&rsquo;autres&#8230; nous mangent, si nous les approchons imprudemment. Il y en a d&rsquo;autres qui ne coupent ni ne piquent, mais qui sont l\u00e0, comme le mollusque appel\u00e9 Doris.<\/p>\n","protected":false},"excerpt":{"rendered":"<p>Dans la mer, dont l&rsquo;immensit\u00e9 est proverbiale, vivent des milliers d&rsquo;esp\u00e8ces, dans une symphonie de tailles, de formes et de couleurs&#8230; Certaines de ces esp\u00e8ces sont mang\u00e9es par l&rsquo;homme et d&rsquo;autres&#8230; nous mangent, si nous les approchons imprudemment. Il y en a d&rsquo;autres qui ne coupent ni ne piquent, mais qui sont l\u00e0, comme le mollusque appel\u00e9 Doris.<\/p>\n","protected":false},"featured_media":5834,"comment_status":"closed","ping_status":"closed","template":"","meta":[],"etheme_brands":[],"product_brand":[],"product_cat":[593],"product_tag":[594,595,603,602,597,604,599,598,600,601,596],"class_list":{"0":"post-8087","1":"product","2":"type-product","3":"status-publish","4":"has-post-thumbnail","6":"product_cat-medias-et-musique","7":"product_tag-apprentissage","8":"product_tag-contes","9":"product_tag-enfants","10":"product_tag-filles","11":"product_tag-histoires","12":"product_tag-infantile-fr","13":"product_tag-la-girafe-et-moi","14":"product_tag-langues","15":"product_tag-lecture","16":"product_tag-livres","17":"product_tag-scolaire","19":"first","20":"instock","21":"taxable","22":"shipping-taxable","23":"purchasable","24":"product-type-simple"},"exclude_global_add_ons":[],"addons":[],"_links":{"self":[{"href":"https:\/\/paradiseproductscr.com\/fr\/wp-json\/wp\/v2\/product\/8087","targetHints":{"allow":["GET"]}}],"collection":[{"href":"https:\/\/paradiseproductscr.com\/fr\/wp-json\/wp\/v2\/product"}],"about":[{"href":"https:\/\/paradiseproductscr.com\/fr\/wp-json\/wp\/v2\/types\/product"}],"replies":[{"embeddable":true,"href":"https:\/\/paradiseproductscr.com\/fr\/wp-json\/wp\/v2\/comments?post=8087"}],"version-history":[{"count":0,"href":"https:\/\/paradiseproductscr.com\/fr\/wp-json\/wp\/v2\/product\/8087\/revisions"}],"wp:featuredmedia":[{"embeddable":true,"href":"https:\/\/paradiseproductscr.com\/fr\/wp-json\/wp\/v2\/media\/5834"}],"wp:attachment":[{"href":"https:\/\/paradiseproductscr.com\/fr\/wp-json\/wp\/v2\/media?parent=8087"}],"wp:term":[{"taxonomy":"brand","embeddable":true,"href":"https:\/\/paradiseproductscr.com\/fr\/wp-json\/wp\/v2\/etheme_brands?post=8087"},{"taxonomy":"product_brand","embeddable":true,"href":"https:\/\/paradiseproductscr.com\/fr\/wp-json\/wp\/v2\/product_brand?post=8087"},{"taxonomy":"product_cat","embeddable":true,"href":"https:\/\/paradiseproductscr.com\/fr\/wp-json\/wp\/v2\/product_cat?post=8087"},{"taxonomy":"product_tag","embeddable":true,"href":"https:\/\/paradiseproductscr.com\/fr\/wp-json\/wp\/v2\/product_tag?post=8087"}],"curies":[{"name":"wp","href":"https:\/\/api.w.org\/{rel}","templated":true}]}}