{"id":8088,"date":"2022-05-28T11:42:58","date_gmt":"2022-05-28T17:42:58","guid":{"rendered":"https:\/\/paradiseproductscr.com\/product\/gaspar-un-fossile-vivant\/"},"modified":"2022-05-28T17:42:58","modified_gmt":"2022-05-28T11:42:58","slug":"gaspar-un-fossile-vivant","status":"publish","type":"product","link":"https:\/\/paradiseproductscr.com\/fr\/produit\/gaspar-un-fossile-vivant\/","title":{"rendered":"Gaspar, un fossile vivant"},"content":{"rendered":"<p><strong>\u00c2ge:<\/strong> 3 \u00e0 7 ans<\/p>\n<p><strong>Pages:<\/strong>16<\/p>\n<p><strong>Finition:<\/strong> chevalet rustique,<\/p>\n<p>papier couche 150g<\/p>\n<p><strong>Auteur:<\/strong> Anne Se\u00f1ol<\/p>\n<p><strong>llustrateur: <\/strong>Adi\u00e1n Gonz\u00e1lez<\/p>\n<p class=\"p1\">Le poisson Gaspar est rare.<\/p>\n<p class=\"p1\">Mathusalem des oc\u00e9ans, le gaspar est un v\u00e9ritable fossile vivant, \u00e2g\u00e9 de plusieurs dizaines de millions d&rsquo;ann\u00e9es et dont la forme corporelle a peu \u00e9volu\u00e9. Il ressemble aux crocodiles et aux tortues, dont le dessin est rest\u00e9 pratiquement inchang\u00e9 au fil du temps. parfois appel\u00e9 Pejelagarto<\/p>\n<p class=\"p1\">Au Costa Rica, on le trouve \u00e0 Ca\u00f1o Negro, bien vivant.<span class=\"Apple-converted-space\">  <\/span>Il est tr\u00e8s populaire aupr\u00e8s de la population locale. Veillez \u00e0 ce qu&rsquo;il ne s&rsquo;\u00e9teigne pas !<\/p>\n<p class=\"p1\">Nous ne savons pas d&rsquo;o\u00f9 vient le nom Gaspar. Ce que l&rsquo;on sait, c&rsquo;est que sa mini-autobiographie, que le poisson<span class=\"Apple-converted-space\">  <\/span>a dict\u00e9e \u00e0 Anne Se\u00f1ol, est tr\u00e8s divertissante. Et encore plus avec les illustrations joyeuses d&rsquo;Adi\u00e1n Gonz\u00e1lez.<\/p>\n","protected":false},"excerpt":{"rendered":"<p class=\"p1\">Le poisson Gaspar est rare.<\/p>\n<p class=\"p1\">Mathusalem des oc\u00e9ans, le gaspar est un v\u00e9ritable fossile vivant, \u00e2g\u00e9 de plusieurs dizaines de millions d&rsquo;ann\u00e9es et dont la forme corporelle a peu \u00e9volu\u00e9. Il ressemble aux crocodiles et aux tortues, dont le dessin est rest\u00e9 pratiquement inchang\u00e9 au fil du temps. parfois appel\u00e9 Pejelagarto<\/p>\n<p class=\"p1\">Au Costa Rica, on le trouve \u00e0 Ca\u00f1o Negro, bien vivant.<span class=\"Apple-converted-space\">  <\/span>Il est tr\u00e8s populaire aupr\u00e8s de la population locale. Veillez \u00e0 ce qu&rsquo;il ne s&rsquo;\u00e9teigne pas !<\/p>\n<p class=\"p1\">Nous ne savons pas d&rsquo;o\u00f9 vient le nom Gaspar. Ce que l&rsquo;on sait, c&rsquo;est que sa mini-autobiographie, que le poisson<span class=\"Apple-converted-space\">  <\/span>a dict\u00e9e \u00e0 Anne Se\u00f1ol, est tr\u00e8s divertissante. Et encore plus avec les illustrations joyeuses d&rsquo;Adi\u00e1n Gonz\u00e1lez.<\/p>\n","protected":false},"featured_media":5812,"comment_status":"closed","ping_status":"closed","template":"","meta":[],"etheme_brands":[],"product_brand":[],"product_cat":[593],"product_tag":[594,595,603,602,597,604,599,598,600,601,596],"class_list":{"0":"post-8088","1":"product","2":"type-product","3":"status-publish","4":"has-post-thumbnail","6":"product_cat-medias-et-musique","7":"product_tag-apprentissage","8":"product_tag-contes","9":"product_tag-enfants","10":"product_tag-filles","11":"product_tag-histoires","12":"product_tag-infantile-fr","13":"product_tag-la-girafe-et-moi","14":"product_tag-langues","15":"product_tag-lecture","16":"product_tag-livres","17":"product_tag-scolaire","19":"first","20":"instock","21":"taxable","22":"shipping-taxable","23":"purchasable","24":"product-type-simple"},"exclude_global_add_ons":[],"addons":[],"_links":{"self":[{"href":"https:\/\/paradiseproductscr.com\/fr\/wp-json\/wp\/v2\/product\/8088","targetHints":{"allow":["GET"]}}],"collection":[{"href":"https:\/\/paradiseproductscr.com\/fr\/wp-json\/wp\/v2\/product"}],"about":[{"href":"https:\/\/paradiseproductscr.com\/fr\/wp-json\/wp\/v2\/types\/product"}],"replies":[{"embeddable":true,"href":"https:\/\/paradiseproductscr.com\/fr\/wp-json\/wp\/v2\/comments?post=8088"}],"version-history":[{"count":0,"href":"https:\/\/paradiseproductscr.com\/fr\/wp-json\/wp\/v2\/product\/8088\/revisions"}],"wp:featuredmedia":[{"embeddable":true,"href":"https:\/\/paradiseproductscr.com\/fr\/wp-json\/wp\/v2\/media\/5812"}],"wp:attachment":[{"href":"https:\/\/paradiseproductscr.com\/fr\/wp-json\/wp\/v2\/media?parent=8088"}],"wp:term":[{"taxonomy":"brand","embeddable":true,"href":"https:\/\/paradiseproductscr.com\/fr\/wp-json\/wp\/v2\/etheme_brands?post=8088"},{"taxonomy":"product_brand","embeddable":true,"href":"https:\/\/paradiseproductscr.com\/fr\/wp-json\/wp\/v2\/product_brand?post=8088"},{"taxonomy":"product_cat","embeddable":true,"href":"https:\/\/paradiseproductscr.com\/fr\/wp-json\/wp\/v2\/product_cat?post=8088"},{"taxonomy":"product_tag","embeddable":true,"href":"https:\/\/paradiseproductscr.com\/fr\/wp-json\/wp\/v2\/product_tag?post=8088"}],"curies":[{"name":"wp","href":"https:\/\/api.w.org\/{rel}","templated":true}]}}