{"id":8090,"date":"2022-05-28T11:42:58","date_gmt":"2022-05-28T17:42:58","guid":{"rendered":"https:\/\/paradiseproductscr.com\/product\/la-boa-voraz-le-boa-vorace\/"},"modified":"2022-05-28T17:42:58","modified_gmt":"2022-05-28T11:42:58","slug":"la-boa-voraz-le-boa-vorace","status":"publish","type":"product","link":"https:\/\/paradiseproductscr.com\/fr\/produit\/la-boa-voraz-le-boa-vorace\/","title":{"rendered":"La boa voraz (Le boa vorace)"},"content":{"rendered":"<p><strong>\u00c2ge:<\/strong> 3 \u00e0 7 ans<\/p>\n<p><strong>Pages:<\/strong>16<\/p>\n<p><strong>Finition:<\/strong> chevalet rustique,<\/p>\n<p>papier couche 150g<\/p>\n<p><strong>Auteur:<\/strong> Anne Se\u00f1ol<\/p>\n<p><strong>llustrateur: <\/strong>Adi\u00e1n Gonz\u00e1lez<\/p>\n<p>Le boa est un tr\u00e8s grand animal avec un tr\u00e8s petit nom.<\/p>\n<p>Beaucoup croient qu&rsquo;il est toxique, mais ce n&rsquo;est pas le cas. Il est vorace, c&rsquo;est-\u00e0-dire qu&rsquo;il mange tout ce qu&rsquo;il trouve. Le boa est une bouche avaleuse accompagn\u00e9e d&rsquo;un corps stockeur. Et elle a une force tellement \u00e9norme que si elle \u00e9tait une lutteuse, elle gagnerait tous les tournois.<\/p>\n<p>Eh bien, lecteurs voraces, nous n&rsquo;allons pas vous parler du boa dans cette couverture&#8230;<\/p>\n<p>Il est pr\u00e9f\u00e9rable de lire le livret pour appr\u00e9cier les observations pr\u00e9cises d&rsquo;Anne Se\u00f1ol et les dessins impertinents d&rsquo;Adi\u00e1n Gonz\u00e1lez. (GBG)<\/p>\n","protected":false},"excerpt":{"rendered":"<p>Le boa est un tr\u00e8s grand animal avec un tr\u00e8s petit nom.<\/p>\n<p>Beaucoup croient qu&rsquo;il est toxique, mais ce n&rsquo;est pas le cas. Il est vorace, c&rsquo;est-\u00e0-dire qu&rsquo;il mange tout ce qu&rsquo;il trouve. Le boa est une bouche avaleuse accompagn\u00e9e d&rsquo;un corps stockeur. Et elle a une force tellement \u00e9norme que si elle \u00e9tait une lutteuse, elle gagnerait tous les tournois.<\/p>\n<p>Eh bien, lecteurs voraces, nous n&rsquo;allons pas vous parler du boa dans cette couverture&#8230;<\/p>\n<p>Il est pr\u00e9f\u00e9rable de lire le livret pour appr\u00e9cier les observations pr\u00e9cises d&rsquo;Anne Se\u00f1ol et les dessins impertinents d&rsquo;Adi\u00e1n Gonz\u00e1lez. (GBG)<\/p>\n","protected":false},"featured_media":5814,"comment_status":"closed","ping_status":"closed","template":"","meta":[],"etheme_brands":[],"product_brand":[],"product_cat":[593],"product_tag":[594,595,603,602,597,604,599,598,600,601,596],"class_list":{"0":"post-8090","1":"product","2":"type-product","3":"status-publish","4":"has-post-thumbnail","6":"product_cat-medias-et-musique","7":"product_tag-apprentissage","8":"product_tag-contes","9":"product_tag-enfants","10":"product_tag-filles","11":"product_tag-histoires","12":"product_tag-infantile-fr","13":"product_tag-la-girafe-et-moi","14":"product_tag-langues","15":"product_tag-lecture","16":"product_tag-livres","17":"product_tag-scolaire","19":"first","20":"instock","21":"taxable","22":"shipping-taxable","23":"purchasable","24":"product-type-simple"},"exclude_global_add_ons":[],"addons":[],"_links":{"self":[{"href":"https:\/\/paradiseproductscr.com\/fr\/wp-json\/wp\/v2\/product\/8090","targetHints":{"allow":["GET"]}}],"collection":[{"href":"https:\/\/paradiseproductscr.com\/fr\/wp-json\/wp\/v2\/product"}],"about":[{"href":"https:\/\/paradiseproductscr.com\/fr\/wp-json\/wp\/v2\/types\/product"}],"replies":[{"embeddable":true,"href":"https:\/\/paradiseproductscr.com\/fr\/wp-json\/wp\/v2\/comments?post=8090"}],"version-history":[{"count":0,"href":"https:\/\/paradiseproductscr.com\/fr\/wp-json\/wp\/v2\/product\/8090\/revisions"}],"wp:featuredmedia":[{"embeddable":true,"href":"https:\/\/paradiseproductscr.com\/fr\/wp-json\/wp\/v2\/media\/5814"}],"wp:attachment":[{"href":"https:\/\/paradiseproductscr.com\/fr\/wp-json\/wp\/v2\/media?parent=8090"}],"wp:term":[{"taxonomy":"brand","embeddable":true,"href":"https:\/\/paradiseproductscr.com\/fr\/wp-json\/wp\/v2\/etheme_brands?post=8090"},{"taxonomy":"product_brand","embeddable":true,"href":"https:\/\/paradiseproductscr.com\/fr\/wp-json\/wp\/v2\/product_brand?post=8090"},{"taxonomy":"product_cat","embeddable":true,"href":"https:\/\/paradiseproductscr.com\/fr\/wp-json\/wp\/v2\/product_cat?post=8090"},{"taxonomy":"product_tag","embeddable":true,"href":"https:\/\/paradiseproductscr.com\/fr\/wp-json\/wp\/v2\/product_tag?post=8090"}],"curies":[{"name":"wp","href":"https:\/\/api.w.org\/{rel}","templated":true}]}}