{"id":8091,"date":"2022-05-28T17:42:58","date_gmt":"2022-05-28T23:42:58","guid":{"rendered":"https:\/\/paradiseproductscr.com\/product\/mon-quetzal-2\/"},"modified":"2022-05-28T17:42:58","modified_gmt":"2022-05-28T11:42:58","slug":"mon-quetzal-2","status":"publish","type":"product","link":"https:\/\/paradiseproductscr.com\/fr\/produit\/mon-quetzal-2\/","title":{"rendered":"Mon quetzal"},"content":{"rendered":"<p><strong>\u00c2ge:<\/strong> 3 \u00e0 7 ans<\/p>\n<p><strong>Pages:<\/strong>16<\/p>\n<p><strong>Finition:<\/strong> chevalet rustique,<\/p>\n<p>papier couche 150g<\/p>\n<p><strong>Auteur:<\/strong> Anne Se\u00f1ol<\/p>\n<p><strong>llustrateur: <\/strong>Adi\u00e1n Gonz\u00e1lez<\/p>\n<p>Il y a beaucoup de beaux oiseaux, avec des plumes allum\u00e9es, des vols majestueux et des comportements extravagants, qui font le bonheur des observateurs. Parmi eux, les quetzales se distinguent.<\/p>\n<p>Aussi beau qu&rsquo;une centaine de colibris r\u00e9unis, un quetzal m\u00e2le semble avoir bu des arcs-en-ciel liquides pour captiver la future m\u00e8re de ses oisillons. Elle reconna\u00eet l&rsquo;\u00e9tourdissement attrayant de ses plumes et sa fid\u00e9lit\u00e9 amoureuse, et les r\u00e9compense tous les deux avec des petits quetzalitos aussi beaux que le p\u00e8re.<\/p>\n<p>Chaque ann\u00e9e, apr\u00e8s autant d&rsquo;agitation que l&rsquo;appel de la nature l&rsquo;exige, ils perdent quelques plumes, mais avec le soleil et les fruits frais, ils reprennent le poids perdu<\/p>\n<p>C\u2019est une merveille, les quetzales de nos terres. (GBG)<\/p>\n","protected":false},"excerpt":{"rendered":"<p>Il y a beaucoup de beaux oiseaux, avec des plumes allum\u00e9es, des vols majestueux et des comportements extravagants, qui font le bonheur des observateurs. Parmi eux, les quetzales se distinguent.<\/p>\n<p>Aussi beau qu&rsquo;une centaine de colibris r\u00e9unis, un quetzal m\u00e2le semble avoir bu des arcs-en-ciel liquides pour captiver la future m\u00e8re de ses oisillons. Elle reconna\u00eet l&rsquo;\u00e9tourdissement attrayant de ses plumes et sa fid\u00e9lit\u00e9 amoureuse, et les r\u00e9compense tous les deux avec des petits quetzalitos aussi beaux que le p\u00e8re.<\/p>\n<p>Chaque ann\u00e9e, apr\u00e8s autant d&rsquo;agitation que l&rsquo;appel de la nature l&rsquo;exige, ils perdent quelques plumes, mais avec le soleil et les fruits frais, ils reprennent le poids perdu<\/p>\n<p>C\u2019est une merveille, les quetzales de nos terres. (GBG)<\/p>\n","protected":false},"featured_media":5816,"comment_status":"closed","ping_status":"closed","template":"","meta":[],"etheme_brands":[],"product_brand":[],"product_cat":[74],"product_tag":[],"class_list":{"0":"post-8091","1":"product","2":"type-product","3":"status-publish","4":"has-post-thumbnail","6":"product_cat-alimentos","8":"first","9":"instock","10":"taxable","11":"shipping-taxable","12":"purchasable","13":"product-type-simple"},"exclude_global_add_ons":[],"addons":[],"_links":{"self":[{"href":"https:\/\/paradiseproductscr.com\/fr\/wp-json\/wp\/v2\/product\/8091","targetHints":{"allow":["GET"]}}],"collection":[{"href":"https:\/\/paradiseproductscr.com\/fr\/wp-json\/wp\/v2\/product"}],"about":[{"href":"https:\/\/paradiseproductscr.com\/fr\/wp-json\/wp\/v2\/types\/product"}],"replies":[{"embeddable":true,"href":"https:\/\/paradiseproductscr.com\/fr\/wp-json\/wp\/v2\/comments?post=8091"}],"version-history":[{"count":0,"href":"https:\/\/paradiseproductscr.com\/fr\/wp-json\/wp\/v2\/product\/8091\/revisions"}],"wp:featuredmedia":[{"embeddable":true,"href":"https:\/\/paradiseproductscr.com\/fr\/wp-json\/wp\/v2\/media\/5816"}],"wp:attachment":[{"href":"https:\/\/paradiseproductscr.com\/fr\/wp-json\/wp\/v2\/media?parent=8091"}],"wp:term":[{"taxonomy":"brand","embeddable":true,"href":"https:\/\/paradiseproductscr.com\/fr\/wp-json\/wp\/v2\/etheme_brands?post=8091"},{"taxonomy":"product_brand","embeddable":true,"href":"https:\/\/paradiseproductscr.com\/fr\/wp-json\/wp\/v2\/product_brand?post=8091"},{"taxonomy":"product_cat","embeddable":true,"href":"https:\/\/paradiseproductscr.com\/fr\/wp-json\/wp\/v2\/product_cat?post=8091"},{"taxonomy":"product_tag","embeddable":true,"href":"https:\/\/paradiseproductscr.com\/fr\/wp-json\/wp\/v2\/product_tag?post=8091"}],"curies":[{"name":"wp","href":"https:\/\/api.w.org\/{rel}","templated":true}]}}